{"id":15261,"date":"2024-08-27T08:50:35","date_gmt":"2024-08-27T08:50:35","guid":{"rendered":"https:\/\/orbitbuilder.master-sport.de\/%d1%81%d0%b5%d1%80%d1%82%d0%b8%d1%84%d0%b8%d0%ba%d0%b0%d1%82%d1%8b\/"},"modified":"2024-09-01T16:11:44","modified_gmt":"2024-09-01T16:11:44","slug":"%d1%81%d0%b5%d1%80%d1%82%d0%b8%d1%84%d0%b8%d0%ba%d0%b0%d1%82%d1%8b","status":"publish","type":"page","link":"https:\/\/orbitbuilder.master-sport.de\/ru\/%d1%81%d0%b5%d1%80%d1%82%d0%b8%d1%84%d0%b8%d0%ba%d0%b0%d1%82%d1%8b\/","title":{"rendered":"\u0421\u0435\u0440\u0442\u0438\u0444\u0438\u043a\u0430\u0442\u044b"},"content":{"rendered":"\t\t<div data-elementor-type=\"wp-page\" data-elementor-id=\"15261\" class=\"elementor elementor-15261 elementor-71\" data-elementor-post-type=\"page\">\n\t\t\t\t\t\t<section class=\"elementor-section elementor-top-section elementor-element elementor-element-4c79bd7a elementor-section-height-min-height elementor-section-boxed elementor-section-height-default elementor-section-items-middle wpr-particle-no wpr-jarallax-no wpr-parallax-no wpr-sticky-section-no\" data-id=\"4c79bd7a\" data-element_type=\"section\" data-settings=\"{&quot;background_background&quot;:&quot;classic&quot;,&quot;shape_divider_bottom&quot;:&quot;tilt&quot;}\">\n\t\t\t\t\t\t\t<div class=\"elementor-background-overlay\"><\/div>\n\t\t\t\t\t\t<div class=\"elementor-shape elementor-shape-bottom\" data-negative=\"false\">\n\t\t\t<svg xmlns=\"http:\/\/www.w3.org\/2000\/svg\" viewBox=\"0 0 1000 100\" preserveAspectRatio=\"none\">\n\t<path class=\"elementor-shape-fill\" d=\"M0,6V0h1000v100L0,6z\"\/>\n<\/svg>\t\t<\/div>\n\t\t\t\t\t<div class=\"elementor-container elementor-column-gap-default\">\n\t\t\t\t\t<div class=\"elementor-column elementor-col-100 elementor-top-column elementor-element elementor-element-30662cec\" data-id=\"30662cec\" data-element_type=\"column\">\n\t\t\t<div class=\"elementor-widget-wrap elementor-element-populated\">\n\t\t\t\t\t\t<div class=\"elementor-element elementor-element-1961254f elementor-widget elementor-widget-heading\" data-id=\"1961254f\" data-element_type=\"widget\" data-widget_type=\"heading.default\">\n\t\t\t\t<div class=\"elementor-widget-container\">\n\t\t\t<style>\/*! elementor - v3.23.0 - 05-08-2024 *\/\n.elementor-heading-title{padding:0;margin:0;line-height:1}.elementor-widget-heading .elementor-heading-title[class*=elementor-size-]>a{color:inherit;font-size:inherit;line-height:inherit}.elementor-widget-heading .elementor-heading-title.elementor-size-small{font-size:15px}.elementor-widget-heading .elementor-heading-title.elementor-size-medium{font-size:19px}.elementor-widget-heading .elementor-heading-title.elementor-size-large{font-size:29px}.elementor-widget-heading .elementor-heading-title.elementor-size-xl{font-size:39px}.elementor-widget-heading .elementor-heading-title.elementor-size-xxl{font-size:59px}<\/style><h1 class=\"elementor-heading-title elementor-size-default\">\u0421\u0435\u0440\u0442\u0438\u0444\u0438\u043a\u0430\u0442\u044b<\/h1>\t\t<\/div>\n\t\t\t\t<\/div>\n\t\t\t\t\t<\/div>\n\t\t<\/div>\n\t\t\t\t\t<\/div>\n\t\t<\/section>\n\t\t<div class=\"elementor-element elementor-element-2d751de e-con-full e-flex wpr-particle-no wpr-jarallax-no wpr-parallax-no wpr-sticky-section-no e-con e-parent\" data-id=\"2d751de\" data-element_type=\"container\">\n\t\t\t\t<div class=\"elementor-element elementor-element-8486a9c elementor-widget__width-initial elementor-widget elementor-widget-heading\" data-id=\"8486a9c\" data-element_type=\"widget\" data-widget_type=\"heading.default\">\n\t\t\t\t<div class=\"elementor-widget-container\">\n\t\t\t<h2 class=\"elementor-heading-title elementor-size-default\">\u0412\u0441\u044f \u043f\u0440\u043e\u0434\u0443\u043a\u0446\u0438\u044f \u043f\u0440\u043e\u0438\u0437\u0432\u043e\u0434\u0438\u0442\u0441\u044f \u0432 \u0441\u043e\u043e\u0442\u0432\u0435\u0442\u0441\u0442\u0432\u0438\u0438 \u0441 \u0432\u044b\u0441\u043e\u0447\u0430\u0439\u0448\u0438\u043c\u0438 \u0441\u0442\u0430\u043d\u0434\u0430\u0440\u0442\u0430\u043c\u0438 \u043a\u0430\u0447\u0435\u0441\u0442\u0432\u0430. \u0421\u0438\u0441\u0442\u0435\u043c\u0430 \u043c\u0435\u043d\u0435\u0434\u0436\u043c\u0435\u043d\u0442\u0430 \u043a\u0430\u0447\u0435\u0441\u0442\u0432\u0430 ISO 9001:2015, \u0432\u044b\u0434\u0430\u043d\u043d\u0430\u044f T\u00dcV S\u00dcD Management Service GmbH, \u041c\u044e\u043d\u0445\u0435\u043d. <\/h2>\t\t<\/div>\n\t\t\t\t<\/div>\n\t\t\t\t<\/div>\n\t\t<div class=\"elementor-element elementor-element-bcd4522 e-flex e-con-boxed wpr-particle-no wpr-jarallax-no wpr-parallax-no wpr-sticky-section-no e-con e-parent\" data-id=\"bcd4522\" data-element_type=\"container\">\n\t\t\t\t\t<div class=\"e-con-inner\">\n\t\t<div class=\"elementor-element elementor-element-3cd6561 e-con-full e-flex wpr-particle-no wpr-jarallax-no wpr-parallax-no wpr-sticky-section-no e-con e-child\" data-id=\"3cd6561\" data-element_type=\"container\">\n\t\t\t\t<div class=\"elementor-element elementor-element-467d77c elementor-position-top elementor-widget elementor-widget-image-box\" data-id=\"467d77c\" data-element_type=\"widget\" data-widget_type=\"image-box.default\">\n\t\t\t\t<div class=\"elementor-widget-container\">\n\t\t\t<style>.elementor-widget-image-box .elementor-image-box-content{width:100%}@media (min-width:768px){.elementor-widget-image-box.elementor-position-left .elementor-image-box-wrapper,.elementor-widget-image-box.elementor-position-right .elementor-image-box-wrapper{display:flex}.elementor-widget-image-box.elementor-position-right .elementor-image-box-wrapper{text-align:end;flex-direction:row-reverse}.elementor-widget-image-box.elementor-position-left .elementor-image-box-wrapper{text-align:start;flex-direction:row}.elementor-widget-image-box.elementor-position-top .elementor-image-box-img{margin:auto}.elementor-widget-image-box.elementor-vertical-align-top .elementor-image-box-wrapper{align-items:flex-start}.elementor-widget-image-box.elementor-vertical-align-middle .elementor-image-box-wrapper{align-items:center}.elementor-widget-image-box.elementor-vertical-align-bottom .elementor-image-box-wrapper{align-items:flex-end}}@media (max-width:767px){.elementor-widget-image-box .elementor-image-box-img{margin-left:auto!important;margin-right:auto!important;margin-bottom:15px}}.elementor-widget-image-box .elementor-image-box-img{display:inline-block}.elementor-widget-image-box .elementor-image-box-title a{color:inherit}.elementor-widget-image-box .elementor-image-box-wrapper{text-align:center}.elementor-widget-image-box .elementor-image-box-description{margin:0}<\/style><div class=\"elementor-image-box-wrapper\"><figure class=\"elementor-image-box-img\"><img fetchpriority=\"high\" decoding=\"async\" width=\"724\" height=\"1024\" src=\"https:\/\/orbitbuilder.master-sport.de\/wp-content\/uploads\/2024\/08\/24808ms_01_pol-0007-724x1024-1.jpg\" class=\"attachment-full size-full wp-image-2899\" alt=\"\" srcset=\"https:\/\/orbitbuilder.master-sport.de\/wp-content\/uploads\/2024\/08\/24808ms_01_pol-0007-724x1024-1.jpg 724w, https:\/\/orbitbuilder.master-sport.de\/wp-content\/uploads\/2024\/08\/24808ms_01_pol-0007-724x1024-1-212x300.jpg 212w\" sizes=\"(max-width: 724px) 100vw, 724px\" \/><\/figure><div class=\"elementor-image-box-content\"><h3 class=\"elementor-image-box-title\">master-sport-automobiltechnik (MS) GmbH<\/h3><\/div><\/div>\t\t<\/div>\n\t\t\t\t<\/div>\n\t\t\t\t<\/div>\n\t\t<div class=\"elementor-element elementor-element-4636f8c e-con-full e-flex wpr-particle-no wpr-jarallax-no wpr-parallax-no wpr-sticky-section-no e-con e-child\" data-id=\"4636f8c\" data-element_type=\"container\">\n\t\t\t\t<div class=\"elementor-element elementor-element-8d56488 elementor-position-top elementor-widget elementor-widget-image-box\" data-id=\"8d56488\" data-element_type=\"widget\" data-widget_type=\"image-box.default\">\n\t\t\t\t<div class=\"elementor-widget-container\">\n\t\t\t<div class=\"elementor-image-box-wrapper\"><figure class=\"elementor-image-box-img\"><img decoding=\"async\" width=\"724\" height=\"1024\" src=\"https:\/\/orbitbuilder.master-sport.de\/wp-content\/uploads\/2024\/08\/24808ms_02_pol-0007-724x1024-1.jpg\" class=\"attachment-full size-full wp-image-2900\" alt=\"\" srcset=\"https:\/\/orbitbuilder.master-sport.de\/wp-content\/uploads\/2024\/08\/24808ms_02_pol-0007-724x1024-1.jpg 724w, https:\/\/orbitbuilder.master-sport.de\/wp-content\/uploads\/2024\/08\/24808ms_02_pol-0007-724x1024-1-212x300.jpg 212w\" sizes=\"(max-width: 724px) 100vw, 724px\" \/><\/figure><div class=\"elementor-image-box-content\"><h3 class=\"elementor-image-box-title\">master-sport-automobiltechnik (MS) sp. z o.o. \u0424\u0438\u043b\u0438\u0430\u043b \u0432 \u041f\u043e\u043b\u044c\u0448\u0435 <\/h3><\/div><\/div>\t\t<\/div>\n\t\t\t\t<\/div>\n\t\t\t\t<\/div>\n\t\t\t\t\t<\/div>\n\t\t\t\t<\/div>\n\t\t<div class=\"elementor-element elementor-element-6a836e5 e-flex e-con-boxed wpr-particle-no wpr-jarallax-no wpr-parallax-no wpr-sticky-section-no e-con e-parent\" data-id=\"6a836e5\" data-element_type=\"container\">\n\t\t\t\t\t<div class=\"e-con-inner\">\n\t\t<div class=\"elementor-element elementor-element-37957f7 e-con-full e-flex wpr-particle-no wpr-jarallax-no wpr-parallax-no wpr-sticky-section-no e-con e-child\" data-id=\"37957f7\" data-element_type=\"container\">\n\t\t\t\t<div class=\"elementor-element elementor-element-aa04b5e elementor-position-top elementor-widget elementor-widget-image-box\" data-id=\"aa04b5e\" data-element_type=\"widget\" data-widget_type=\"image-box.default\">\n\t\t\t\t<div class=\"elementor-widget-container\">\n\t\t\t<div class=\"elementor-image-box-wrapper\"><figure class=\"elementor-image-box-img\"><img decoding=\"async\" width=\"722\" height=\"1024\" src=\"https:\/\/orbitbuilder.master-sport.de\/wp-content\/uploads\/2024\/08\/63691ms_pol_2022-722x1024-1.jpg\" class=\"attachment-full size-full wp-image-2901\" alt=\"\" srcset=\"https:\/\/orbitbuilder.master-sport.de\/wp-content\/uploads\/2024\/08\/63691ms_pol_2022-722x1024-1.jpg 722w, https:\/\/orbitbuilder.master-sport.de\/wp-content\/uploads\/2024\/08\/63691ms_pol_2022-722x1024-1-212x300.jpg 212w\" sizes=\"(max-width: 722px) 100vw, 722px\" \/><\/figure><div class=\"elementor-image-box-content\"><h3 class=\"elementor-image-box-title\">master-sport-automobiltechnik (MS) \u041f\u0440\u043e\u0438\u0437\u0432\u043e\u0434\u0441\u0442\u0432\u043e - \u0440\u0430\u0441\u043f\u0440\u0435\u0434\u0435\u043b\u0438\u0442\u0435\u043b\u044c\u043d\u044b\u0439 \u0446\u0435\u043d\u0442\u0440<\/h3><\/div><\/div>\t\t<\/div>\n\t\t\t\t<\/div>\n\t\t\t\t<\/div>\n\t\t<div class=\"elementor-element elementor-element-4be587d e-con-full e-flex wpr-particle-no wpr-jarallax-no wpr-parallax-no wpr-sticky-section-no e-con e-child\" data-id=\"4be587d\" data-element_type=\"container\">\n\t\t\t\t<div class=\"elementor-element elementor-element-5096421 elementor-position-top elementor-widget elementor-widget-image-box\" data-id=\"5096421\" data-element_type=\"widget\" data-widget_type=\"image-box.default\">\n\t\t\t\t<div class=\"elementor-widget-container\">\n\t\t\t<div class=\"elementor-image-box-wrapper\"><figure class=\"elementor-image-box-img\"><img loading=\"lazy\" decoding=\"async\" width=\"711\" height=\"1024\" src=\"https:\/\/orbitbuilder.master-sport.de\/wp-content\/uploads\/2024\/08\/20150331131740568_0001-1-711x1024-1.jpg\" class=\"attachment-full size-full wp-image-2902\" alt=\"\" srcset=\"https:\/\/orbitbuilder.master-sport.de\/wp-content\/uploads\/2024\/08\/20150331131740568_0001-1-711x1024-1.jpg 711w, https:\/\/orbitbuilder.master-sport.de\/wp-content\/uploads\/2024\/08\/20150331131740568_0001-1-711x1024-1-208x300.jpg 208w\" sizes=\"(max-width: 711px) 100vw, 711px\" \/><\/figure><div class=\"elementor-image-box-content\"><h3 class=\"elementor-image-box-title\">\u0421\u0435\u0440\u0442\u0438\u0444\u0438\u043a\u0430\u0442 AEO<\/h3><\/div><\/div>\t\t<\/div>\n\t\t\t\t<\/div>\n\t\t\t\t<\/div>\n\t\t\t\t\t<\/div>\n\t\t\t\t<\/div>\n\t\t<div class=\"elementor-element elementor-element-63cf453 e-con-full e-flex wpr-particle-no wpr-jarallax-no wpr-parallax-no wpr-sticky-section-no e-con e-parent\" data-id=\"63cf453\" data-element_type=\"container\">\n\t\t\t\t<div class=\"elementor-element elementor-element-9946fab elementor-widget__width-initial elementor-widget elementor-widget-heading\" data-id=\"9946fab\" data-element_type=\"widget\" data-widget_type=\"heading.default\">\n\t\t\t\t<div class=\"elementor-widget-container\">\n\t\t\t<h2 class=\"elementor-heading-title elementor-size-default\">\u041f\u0440\u043e\u0434\u0443\u043a\u0446\u0438\u044f Master-Sport \u0441\u0435\u0440\u0442\u0438\u0444\u0438\u0446\u0438\u0440\u043e\u0432\u0430\u043d\u0430 \u0432\u043e \u043c\u043d\u043e\u0433\u0438\u0445 \u0441\u0442\u0440\u0430\u043d\u0430\u0445, \u0434\u043b\u044f \u043f\u043e\u043b\u0443\u0447\u0435\u043d\u0438\u044f \u0441\u0435\u0440\u0442\u0438\u0444\u0438\u043a\u0430\u0442\u043e\u0432 \u043f\u043e \u043a\u043e\u043d\u043a\u0440\u0435\u0442\u043d\u043e\u0439 \u0441\u0442\u0440\u0430\u043d\u0435, \u043f\u043e\u0436\u0430\u043b\u0443\u0439\u0441\u0442\u0430, \u0441\u0432\u044f\u0436\u0438\u0442\u0435\u0441\u044c \u0441 \u043d\u0430\u043c\u0438 \u0438\u043b\u0438 \u0441 \u0432\u0430\u0448\u0438\u043c \u0434\u0438\u0441\u0442\u0440\u0438\u0431\u044c\u044e\u0442\u043e\u0440\u043e\u043c.<\/h2>\t\t<\/div>\n\t\t\t\t<\/div>\n\t\t\t\t<\/div>\n\t\t\t\t<\/div>\n\t\t","protected":false},"excerpt":{"rendered":"<p>\u0421\u0435\u0440\u0442\u0438\u0444\u0438\u043a\u0430\u0442\u044b \u0412\u0441\u044f \u043f\u0440\u043e\u0434\u0443\u043a\u0446\u0438\u044f \u043f\u0440\u043e\u0438\u0437\u0432\u043e\u0434\u0438\u0442\u0441\u044f \u0432 \u0441\u043e\u043e\u0442\u0432\u0435\u0442\u0441\u0442\u0432\u0438\u0438 \u0441 \u0432\u044b\u0441\u043e\u0447\u0430\u0439\u0448\u0438\u043c\u0438 \u0441\u0442\u0430\u043d\u0434\u0430\u0440\u0442\u0430\u043c\u0438 \u043a\u0430\u0447\u0435\u0441\u0442\u0432\u0430. \u0421\u0438\u0441\u0442\u0435\u043c\u0430 \u043c\u0435\u043d\u0435\u0434\u0436\u043c\u0435\u043d\u0442\u0430 \u043a\u0430\u0447\u0435\u0441\u0442\u0432\u0430 ISO 9001:2015, \u0432\u044b\u0434\u0430\u043d\u043d\u0430\u044f T\u00dcV S\u00dcD Management Service GmbH, \u041c\u044e\u043d\u0445\u0435\u043d. master-sport-automobiltechnik (MS) GmbH master-sport-automobiltechnik (MS) sp. z o.o. \u0424\u0438\u043b\u0438\u0430\u043b \u0432 \u041f\u043e\u043b\u044c\u0448\u0435 master-sport-automobiltechnik (MS) \u041f\u0440\u043e\u0438\u0437\u0432\u043e\u0434\u0441\u0442\u0432\u043e &#8211; \u0440\u0430\u0441\u043f\u0440\u0435\u0434\u0435\u043b\u0438\u0442\u0435\u043b\u044c\u043d\u044b\u0439 \u0446\u0435\u043d\u0442\u0440 \u0421\u0435\u0440\u0442\u0438\u0444\u0438\u043a\u0430\u0442 AEO \u041f\u0440\u043e\u0434\u0443\u043a\u0446\u0438\u044f Master-Sport \u0441\u0435\u0440\u0442\u0438\u0444\u0438\u0446\u0438\u0440\u043e\u0432\u0430\u043d\u0430 \u0432\u043e \u043c\u043d\u043e\u0433\u0438\u0445 \u0441\u0442\u0440\u0430\u043d\u0430\u0445, \u0434\u043b\u044f \u043f\u043e\u043b\u0443\u0447\u0435\u043d\u0438\u044f \u0441\u0435\u0440\u0442\u0438\u0444\u0438\u043a\u0430\u0442\u043e\u0432 \u043f\u043e \u043a\u043e\u043d\u043a\u0440\u0435\u0442\u043d\u043e\u0439 \u0441\u0442\u0440\u0430\u043d\u0435, \u043f\u043e\u0436\u0430\u043b\u0443\u0439\u0441\u0442\u0430, \u0441\u0432\u044f\u0436\u0438\u0442\u0435\u0441\u044c \u0441 \u043d\u0430\u043c\u0438 \u0438\u043b\u0438 \u0441 \u0432\u0430\u0448\u0438\u043c \u0434\u0438\u0441\u0442\u0440\u0438\u0431\u044c\u044e\u0442\u043e\u0440\u043e\u043c.<\/p>\n","protected":false},"author":1,"featured_media":0,"parent":0,"menu_order":0,"comment_status":"closed","ping_status":"closed","template":"","meta":{"inline_featured_image":false,"footnotes":""},"class_list":["post-15261","page","type-page","status-publish","hentry"],"yoast_head":"<!-- This site is optimized with the Yoast SEO plugin v23.3 - https:\/\/yoast.com\/wordpress\/plugins\/seo\/ -->\n<title>\u0421\u0435\u0440\u0442\u0438\u0444\u0438\u043a\u0430\u0442\u044b - MasterSport<\/title>\n<meta name=\"description\" content=\"Master-Sport: Producent wysokiej jako\u015bci cz\u0119\u015bci samochodowych i rozwi\u0105za\u0144 motoryzacyjnych. Sprawd\u017a nasz\u0105 ofert\u0119 produkt\u00f3w OEM oraz akcesori\u00f3w dla r\u00f3\u017cnych marek i modeli aut. Jako\u015b\u0107 i niezawodno\u015b\u0107 gwarantowane!\" \/>\n<meta name=\"robots\" content=\"index, follow, max-snippet:-1, max-image-preview:large, max-video-preview:-1\" \/>\n<link rel=\"canonical\" href=\"https:\/\/orbitbuilder.master-sport.de\/ru\/%d1%81%d0%b5%d1%80%d1%82%d0%b8%d1%84%d0%b8%d0%ba%d0%b0%d1%82%d1%8b\/\" \/>\n<meta property=\"og:locale\" content=\"ru_RU\" \/>\n<meta property=\"og:type\" content=\"article\" \/>\n<meta property=\"og:title\" content=\"\u0421\u0435\u0440\u0442\u0438\u0444\u0438\u043a\u0430\u0442\u044b - MasterSport\" \/>\n<meta property=\"og:description\" content=\"Master-Sport: Producent wysokiej jako\u015bci cz\u0119\u015bci samochodowych i rozwi\u0105za\u0144 motoryzacyjnych. Sprawd\u017a nasz\u0105 ofert\u0119 produkt\u00f3w OEM oraz akcesori\u00f3w dla r\u00f3\u017cnych marek i modeli aut. Jako\u015b\u0107 i niezawodno\u015b\u0107 gwarantowane!\" \/>\n<meta property=\"og:url\" content=\"https:\/\/orbitbuilder.master-sport.de\/ru\/%d1%81%d0%b5%d1%80%d1%82%d0%b8%d1%84%d0%b8%d0%ba%d0%b0%d1%82%d1%8b\/\" \/>\n<meta property=\"og:site_name\" content=\"MasterSport\" \/>\n<meta property=\"article:modified_time\" content=\"2024-09-01T16:11:44+00:00\" \/>\n<meta property=\"og:image\" content=\"https:\/\/orbitbuilder.master-sport.de\/wp-content\/uploads\/2024\/08\/24808ms_01_pol-0007-724x1024-1.jpg\" \/>\n<meta name=\"twitter:card\" content=\"summary_large_image\" \/>\n<script type=\"application\/ld+json\" class=\"yoast-schema-graph\">{\"@context\":\"https:\/\/schema.org\",\"@graph\":[{\"@type\":\"WebPage\",\"@id\":\"https:\/\/orbitbuilder.master-sport.de\/ru\/%d1%81%d0%b5%d1%80%d1%82%d0%b8%d1%84%d0%b8%d0%ba%d0%b0%d1%82%d1%8b\/\",\"url\":\"https:\/\/orbitbuilder.master-sport.de\/ru\/%d1%81%d0%b5%d1%80%d1%82%d0%b8%d1%84%d0%b8%d0%ba%d0%b0%d1%82%d1%8b\/\",\"name\":\"\u0421\u0435\u0440\u0442\u0438\u0444\u0438\u043a\u0430\u0442\u044b - MasterSport\",\"isPartOf\":{\"@id\":\"https:\/\/orbitbuilder.master-sport.de\/ru\/#website\"},\"primaryImageOfPage\":{\"@id\":\"https:\/\/orbitbuilder.master-sport.de\/ru\/%d1%81%d0%b5%d1%80%d1%82%d0%b8%d1%84%d0%b8%d0%ba%d0%b0%d1%82%d1%8b\/#primaryimage\"},\"image\":{\"@id\":\"https:\/\/orbitbuilder.master-sport.de\/ru\/%d1%81%d0%b5%d1%80%d1%82%d0%b8%d1%84%d0%b8%d0%ba%d0%b0%d1%82%d1%8b\/#primaryimage\"},\"thumbnailUrl\":\"https:\/\/orbitbuilder.master-sport.de\/wp-content\/uploads\/2024\/08\/24808ms_01_pol-0007-724x1024-1.jpg\",\"datePublished\":\"2024-08-27T08:50:35+00:00\",\"dateModified\":\"2024-09-01T16:11:44+00:00\",\"description\":\"Master-Sport: Producent wysokiej jako\u015bci cz\u0119\u015bci samochodowych i rozwi\u0105za\u0144 motoryzacyjnych. Sprawd\u017a nasz\u0105 ofert\u0119 produkt\u00f3w OEM oraz akcesori\u00f3w dla r\u00f3\u017cnych marek i modeli aut. Jako\u015b\u0107 i niezawodno\u015b\u0107 gwarantowane!\",\"breadcrumb\":{\"@id\":\"https:\/\/orbitbuilder.master-sport.de\/ru\/%d1%81%d0%b5%d1%80%d1%82%d0%b8%d1%84%d0%b8%d0%ba%d0%b0%d1%82%d1%8b\/#breadcrumb\"},\"inLanguage\":\"ru-RU\",\"potentialAction\":[{\"@type\":\"ReadAction\",\"target\":[\"https:\/\/orbitbuilder.master-sport.de\/ru\/%d1%81%d0%b5%d1%80%d1%82%d0%b8%d1%84%d0%b8%d0%ba%d0%b0%d1%82%d1%8b\/\"]}]},{\"@type\":\"ImageObject\",\"inLanguage\":\"ru-RU\",\"@id\":\"https:\/\/orbitbuilder.master-sport.de\/ru\/%d1%81%d0%b5%d1%80%d1%82%d0%b8%d1%84%d0%b8%d0%ba%d0%b0%d1%82%d1%8b\/#primaryimage\",\"url\":\"https:\/\/orbitbuilder.master-sport.de\/wp-content\/uploads\/2024\/08\/24808ms_01_pol-0007-724x1024-1.jpg\",\"contentUrl\":\"https:\/\/orbitbuilder.master-sport.de\/wp-content\/uploads\/2024\/08\/24808ms_01_pol-0007-724x1024-1.jpg\"},{\"@type\":\"BreadcrumbList\",\"@id\":\"https:\/\/orbitbuilder.master-sport.de\/ru\/%d1%81%d0%b5%d1%80%d1%82%d0%b8%d1%84%d0%b8%d0%ba%d0%b0%d1%82%d1%8b\/#breadcrumb\",\"itemListElement\":[{\"@type\":\"ListItem\",\"position\":1,\"name\":\"Strona g\u0142\u00f3wna\",\"item\":\"https:\/\/orbitbuilder.master-sport.de\/ru\/\"},{\"@type\":\"ListItem\",\"position\":2,\"name\":\"\u0421\u0435\u0440\u0442\u0438\u0444\u0438\u043a\u0430\u0442\u044b\"}]},{\"@type\":\"WebSite\",\"@id\":\"https:\/\/orbitbuilder.master-sport.de\/ru\/#website\",\"url\":\"https:\/\/orbitbuilder.master-sport.de\/ru\/\",\"name\":\"MasterSport\",\"description\":\"\",\"publisher\":{\"@id\":\"https:\/\/orbitbuilder.master-sport.de\/ru\/#organization\"},\"potentialAction\":[{\"@type\":\"SearchAction\",\"target\":{\"@type\":\"EntryPoint\",\"urlTemplate\":\"https:\/\/orbitbuilder.master-sport.de\/ru\/?s={search_term_string}\"},\"query-input\":\"required name=search_term_string\"}],\"inLanguage\":\"ru-RU\"},{\"@type\":\"Organization\",\"@id\":\"https:\/\/orbitbuilder.master-sport.de\/ru\/#organization\",\"name\":\"MasterSport\",\"url\":\"https:\/\/orbitbuilder.master-sport.de\/ru\/\",\"logo\":{\"@type\":\"ImageObject\",\"inLanguage\":\"ru-RU\",\"@id\":\"https:\/\/orbitbuilder.master-sport.de\/ru\/#\/schema\/logo\/image\/\",\"url\":\"https:\/\/orbitbuilder.master-sport.de\/wp-content\/uploads\/2024\/08\/logo-6.png\",\"contentUrl\":\"https:\/\/orbitbuilder.master-sport.de\/wp-content\/uploads\/2024\/08\/logo-6.png\",\"width\":2362,\"height\":2362,\"caption\":\"MasterSport\"},\"image\":{\"@id\":\"https:\/\/orbitbuilder.master-sport.de\/ru\/#\/schema\/logo\/image\/\"}}]}<\/script>\n<!-- \/ Yoast SEO plugin. -->","yoast_head_json":{"title":"\u0421\u0435\u0440\u0442\u0438\u0444\u0438\u043a\u0430\u0442\u044b - MasterSport","description":"Master-Sport: Producent wysokiej jako\u015bci cz\u0119\u015bci samochodowych i rozwi\u0105za\u0144 motoryzacyjnych. Sprawd\u017a nasz\u0105 ofert\u0119 produkt\u00f3w OEM oraz akcesori\u00f3w dla r\u00f3\u017cnych marek i modeli aut. Jako\u015b\u0107 i niezawodno\u015b\u0107 gwarantowane!","robots":{"index":"index","follow":"follow","max-snippet":"max-snippet:-1","max-image-preview":"max-image-preview:large","max-video-preview":"max-video-preview:-1"},"canonical":"https:\/\/orbitbuilder.master-sport.de\/ru\/%d1%81%d0%b5%d1%80%d1%82%d0%b8%d1%84%d0%b8%d0%ba%d0%b0%d1%82%d1%8b\/","og_locale":"ru_RU","og_type":"article","og_title":"\u0421\u0435\u0440\u0442\u0438\u0444\u0438\u043a\u0430\u0442\u044b - MasterSport","og_description":"Master-Sport: Producent wysokiej jako\u015bci cz\u0119\u015bci samochodowych i rozwi\u0105za\u0144 motoryzacyjnych. Sprawd\u017a nasz\u0105 ofert\u0119 produkt\u00f3w OEM oraz akcesori\u00f3w dla r\u00f3\u017cnych marek i modeli aut. Jako\u015b\u0107 i niezawodno\u015b\u0107 gwarantowane!","og_url":"https:\/\/orbitbuilder.master-sport.de\/ru\/%d1%81%d0%b5%d1%80%d1%82%d0%b8%d1%84%d0%b8%d0%ba%d0%b0%d1%82%d1%8b\/","og_site_name":"MasterSport","article_modified_time":"2024-09-01T16:11:44+00:00","og_image":[{"url":"https:\/\/orbitbuilder.master-sport.de\/wp-content\/uploads\/2024\/08\/24808ms_01_pol-0007-724x1024-1.jpg"}],"twitter_card":"summary_large_image","schema":{"@context":"https:\/\/schema.org","@graph":[{"@type":"WebPage","@id":"https:\/\/orbitbuilder.master-sport.de\/ru\/%d1%81%d0%b5%d1%80%d1%82%d0%b8%d1%84%d0%b8%d0%ba%d0%b0%d1%82%d1%8b\/","url":"https:\/\/orbitbuilder.master-sport.de\/ru\/%d1%81%d0%b5%d1%80%d1%82%d0%b8%d1%84%d0%b8%d0%ba%d0%b0%d1%82%d1%8b\/","name":"\u0421\u0435\u0440\u0442\u0438\u0444\u0438\u043a\u0430\u0442\u044b - MasterSport","isPartOf":{"@id":"https:\/\/orbitbuilder.master-sport.de\/ru\/#website"},"primaryImageOfPage":{"@id":"https:\/\/orbitbuilder.master-sport.de\/ru\/%d1%81%d0%b5%d1%80%d1%82%d0%b8%d1%84%d0%b8%d0%ba%d0%b0%d1%82%d1%8b\/#primaryimage"},"image":{"@id":"https:\/\/orbitbuilder.master-sport.de\/ru\/%d1%81%d0%b5%d1%80%d1%82%d0%b8%d1%84%d0%b8%d0%ba%d0%b0%d1%82%d1%8b\/#primaryimage"},"thumbnailUrl":"https:\/\/orbitbuilder.master-sport.de\/wp-content\/uploads\/2024\/08\/24808ms_01_pol-0007-724x1024-1.jpg","datePublished":"2024-08-27T08:50:35+00:00","dateModified":"2024-09-01T16:11:44+00:00","description":"Master-Sport: Producent wysokiej jako\u015bci cz\u0119\u015bci samochodowych i rozwi\u0105za\u0144 motoryzacyjnych. Sprawd\u017a nasz\u0105 ofert\u0119 produkt\u00f3w OEM oraz akcesori\u00f3w dla r\u00f3\u017cnych marek i modeli aut. Jako\u015b\u0107 i niezawodno\u015b\u0107 gwarantowane!","breadcrumb":{"@id":"https:\/\/orbitbuilder.master-sport.de\/ru\/%d1%81%d0%b5%d1%80%d1%82%d0%b8%d1%84%d0%b8%d0%ba%d0%b0%d1%82%d1%8b\/#breadcrumb"},"inLanguage":"ru-RU","potentialAction":[{"@type":"ReadAction","target":["https:\/\/orbitbuilder.master-sport.de\/ru\/%d1%81%d0%b5%d1%80%d1%82%d0%b8%d1%84%d0%b8%d0%ba%d0%b0%d1%82%d1%8b\/"]}]},{"@type":"ImageObject","inLanguage":"ru-RU","@id":"https:\/\/orbitbuilder.master-sport.de\/ru\/%d1%81%d0%b5%d1%80%d1%82%d0%b8%d1%84%d0%b8%d0%ba%d0%b0%d1%82%d1%8b\/#primaryimage","url":"https:\/\/orbitbuilder.master-sport.de\/wp-content\/uploads\/2024\/08\/24808ms_01_pol-0007-724x1024-1.jpg","contentUrl":"https:\/\/orbitbuilder.master-sport.de\/wp-content\/uploads\/2024\/08\/24808ms_01_pol-0007-724x1024-1.jpg"},{"@type":"BreadcrumbList","@id":"https:\/\/orbitbuilder.master-sport.de\/ru\/%d1%81%d0%b5%d1%80%d1%82%d0%b8%d1%84%d0%b8%d0%ba%d0%b0%d1%82%d1%8b\/#breadcrumb","itemListElement":[{"@type":"ListItem","position":1,"name":"Strona g\u0142\u00f3wna","item":"https:\/\/orbitbuilder.master-sport.de\/ru\/"},{"@type":"ListItem","position":2,"name":"\u0421\u0435\u0440\u0442\u0438\u0444\u0438\u043a\u0430\u0442\u044b"}]},{"@type":"WebSite","@id":"https:\/\/orbitbuilder.master-sport.de\/ru\/#website","url":"https:\/\/orbitbuilder.master-sport.de\/ru\/","name":"MasterSport","description":"","publisher":{"@id":"https:\/\/orbitbuilder.master-sport.de\/ru\/#organization"},"potentialAction":[{"@type":"SearchAction","target":{"@type":"EntryPoint","urlTemplate":"https:\/\/orbitbuilder.master-sport.de\/ru\/?s={search_term_string}"},"query-input":"required name=search_term_string"}],"inLanguage":"ru-RU"},{"@type":"Organization","@id":"https:\/\/orbitbuilder.master-sport.de\/ru\/#organization","name":"MasterSport","url":"https:\/\/orbitbuilder.master-sport.de\/ru\/","logo":{"@type":"ImageObject","inLanguage":"ru-RU","@id":"https:\/\/orbitbuilder.master-sport.de\/ru\/#\/schema\/logo\/image\/","url":"https:\/\/orbitbuilder.master-sport.de\/wp-content\/uploads\/2024\/08\/logo-6.png","contentUrl":"https:\/\/orbitbuilder.master-sport.de\/wp-content\/uploads\/2024\/08\/logo-6.png","width":2362,"height":2362,"caption":"MasterSport"},"image":{"@id":"https:\/\/orbitbuilder.master-sport.de\/ru\/#\/schema\/logo\/image\/"}}]}},"_links":{"self":[{"href":"https:\/\/orbitbuilder.master-sport.de\/ru\/wp-json\/wp\/v2\/pages\/15261","targetHints":{"allow":["GET"]}}],"collection":[{"href":"https:\/\/orbitbuilder.master-sport.de\/ru\/wp-json\/wp\/v2\/pages"}],"about":[{"href":"https:\/\/orbitbuilder.master-sport.de\/ru\/wp-json\/wp\/v2\/types\/page"}],"author":[{"embeddable":true,"href":"https:\/\/orbitbuilder.master-sport.de\/ru\/wp-json\/wp\/v2\/users\/1"}],"replies":[{"embeddable":true,"href":"https:\/\/orbitbuilder.master-sport.de\/ru\/wp-json\/wp\/v2\/comments?post=15261"}],"version-history":[{"count":3,"href":"https:\/\/orbitbuilder.master-sport.de\/ru\/wp-json\/wp\/v2\/pages\/15261\/revisions"}],"predecessor-version":[{"id":15264,"href":"https:\/\/orbitbuilder.master-sport.de\/ru\/wp-json\/wp\/v2\/pages\/15261\/revisions\/15264"}],"wp:attachment":[{"href":"https:\/\/orbitbuilder.master-sport.de\/ru\/wp-json\/wp\/v2\/media?parent=15261"}],"curies":[{"name":"wp","href":"https:\/\/api.w.org\/{rel}","templated":true}]}}