{"id":16063,"date":"2024-08-27T08:53:37","date_gmt":"2024-08-27T08:53:37","guid":{"rendered":"https:\/\/orbitbuilder.master-sport.de\/teccom\/"},"modified":"2024-09-02T09:04:32","modified_gmt":"2024-09-02T09:04:32","slug":"teccom","status":"publish","type":"page","link":"https:\/\/orbitbuilder.master-sport.de\/it\/teccom\/","title":{"rendered":"TECCOM"},"content":{"rendered":"\t\t<div data-elementor-type=\"wp-page\" data-elementor-id=\"16063\" class=\"elementor elementor-16063 elementor-102\" data-elementor-post-type=\"page\">\n\t\t\t\t\t\t<section class=\"elementor-section elementor-top-section elementor-element elementor-element-4d74428a elementor-section-height-min-height elementor-section-boxed elementor-section-height-default elementor-section-items-middle wpr-particle-no wpr-jarallax-no wpr-parallax-no wpr-sticky-section-no\" data-id=\"4d74428a\" data-element_type=\"section\" data-settings=\"{&quot;background_background&quot;:&quot;classic&quot;,&quot;shape_divider_bottom&quot;:&quot;tilt&quot;}\">\n\t\t\t\t\t\t\t<div class=\"elementor-background-overlay\"><\/div>\n\t\t\t\t\t\t<div class=\"elementor-shape elementor-shape-bottom\" data-negative=\"false\">\n\t\t\t<svg xmlns=\"http:\/\/www.w3.org\/2000\/svg\" viewBox=\"0 0 1000 100\" preserveAspectRatio=\"none\">\n\t<path class=\"elementor-shape-fill\" d=\"M0,6V0h1000v100L0,6z\"\/>\n<\/svg>\t\t<\/div>\n\t\t\t\t\t<div class=\"elementor-container elementor-column-gap-default\">\n\t\t\t\t\t<div class=\"elementor-column elementor-col-100 elementor-top-column elementor-element elementor-element-770fb248\" data-id=\"770fb248\" data-element_type=\"column\">\n\t\t\t<div class=\"elementor-widget-wrap elementor-element-populated\">\n\t\t\t\t\t\t<div class=\"elementor-element elementor-element-12f1c5a2 elementor-widget elementor-widget-heading\" data-id=\"12f1c5a2\" data-element_type=\"widget\" data-widget_type=\"heading.default\">\n\t\t\t\t<div class=\"elementor-widget-container\">\n\t\t\t<style>\/*! elementor - v3.23.0 - 05-08-2024 *\/\n.elementor-heading-title{padding:0;margin:0;line-height:1}.elementor-widget-heading .elementor-heading-title[class*=elementor-size-]>a{color:inherit;font-size:inherit;line-height:inherit}.elementor-widget-heading .elementor-heading-title.elementor-size-small{font-size:15px}.elementor-widget-heading .elementor-heading-title.elementor-size-medium{font-size:19px}.elementor-widget-heading .elementor-heading-title.elementor-size-large{font-size:29px}.elementor-widget-heading .elementor-heading-title.elementor-size-xl{font-size:39px}.elementor-widget-heading .elementor-heading-title.elementor-size-xxl{font-size:59px}<\/style><h1 class=\"elementor-heading-title elementor-size-default\">teccom<\/h1>\t\t<\/div>\n\t\t\t\t<\/div>\n\t\t\t\t\t<\/div>\n\t\t<\/div>\n\t\t\t\t\t<\/div>\n\t\t<\/section>\n\t\t<div class=\"elementor-element elementor-element-ea7a0fb e-flex e-con-boxed wpr-particle-no wpr-jarallax-no wpr-parallax-no wpr-sticky-section-no e-con e-parent\" data-id=\"ea7a0fb\" data-element_type=\"container\">\n\t\t\t\t\t<div class=\"e-con-inner\">\n\t\t\t\t<div class=\"elementor-element elementor-element-5e878b8 elementor-widget elementor-widget-heading\" data-id=\"5e878b8\" data-element_type=\"widget\" data-widget_type=\"heading.default\">\n\t\t\t\t<div class=\"elementor-widget-container\">\n\t\t\t<h2 class=\"elementor-heading-title elementor-size-default\">TecCom e Master-Sport insieme a ZF TRW, Bosch, Delphi, Federal Mogul e altri costruttori.<\/h2>\t\t<\/div>\n\t\t\t\t<\/div>\n\t\t\t\t\t<\/div>\n\t\t\t\t<\/div>\n\t\t<div class=\"elementor-element elementor-element-b8df3a5 e-flex e-con-boxed wpr-particle-no wpr-jarallax-no wpr-parallax-no wpr-sticky-section-no e-con e-parent\" data-id=\"b8df3a5\" data-element_type=\"container\">\n\t\t\t\t\t<div class=\"e-con-inner\">\n\t\t<div class=\"elementor-element elementor-element-ad4a5f1 e-con-full e-flex wpr-particle-no wpr-jarallax-no wpr-parallax-no wpr-sticky-section-no e-con e-child\" data-id=\"ad4a5f1\" data-element_type=\"container\">\n\t\t\t\t<div class=\"elementor-element elementor-element-7dcf4b4 elementor-widget elementor-widget-text-editor\" data-id=\"7dcf4b4\" data-element_type=\"widget\" data-widget_type=\"text-editor.default\">\n\t\t\t\t<div class=\"elementor-widget-container\">\n\t\t\t<style>\/*! elementor - v3.23.0 - 05-08-2024 *\/\n.elementor-widget-text-editor.elementor-drop-cap-view-stacked .elementor-drop-cap{background-color:#69727d;color:#fff}.elementor-widget-text-editor.elementor-drop-cap-view-framed .elementor-drop-cap{color:#69727d;border:3px solid;background-color:transparent}.elementor-widget-text-editor:not(.elementor-drop-cap-view-default) .elementor-drop-cap{margin-top:8px}.elementor-widget-text-editor:not(.elementor-drop-cap-view-default) .elementor-drop-cap-letter{width:1em;height:1em}.elementor-widget-text-editor .elementor-drop-cap{float:left;text-align:center;line-height:1;font-size:50px}.elementor-widget-text-editor .elementor-drop-cap-letter{display:inline-block}<\/style>\t\t\t\t<p>L&#8217;ampia gamma del marchio <strong>Master-Sport<\/strong> \u00e8 ora disponibile attraverso la piattaforma <strong>TecCom<\/strong>. La funzionalit\u00e0 lanciata consente di effettuare ordini e fornisce informazioni sulla disponibilit\u00e0 e sul prezzo attuale. <\/p>\n<p>I primi cinque clienti registrati da noi sulla piattaforma TecCom saranno premiati con una tuta da officina o una giacca in pile MS a scelta. Saremo inoltre lieti di ricevere commenti e suggerimenti sulla funzionalit\u00e0 e sulla gestione dei nostri ordini. <\/p>\n<p>TecCom \u00e8 la piattaforma di comunicazione B2B leader nel settore dell&#8217;aftermarket automobilistico internazionale indipendente. Grazie alle soluzioni TecCom, l&#8217;intero processo di ordinazione, dal produttore al rivenditore di ricambi, viene automatizzato e semplificato. Gestendo circa 20 milioni di richieste e ordini al mese, coprendo pi\u00f9 di 280 marchi e con circa 20.000 punti vendita in tutto il mondo, TecCom \u00e8 la piattaforma B2B ottimale per l&#8217;elaborazione elettronica degli ordini nell&#8217;aftermarket, utilizzata dai maggiori produttori e distributori.   <\/p>\n\t\t\t\t\t\t<\/div>\n\t\t\t\t<\/div>\n\t\t\t\t<\/div>\n\t\t<div class=\"elementor-element elementor-element-b43376b e-con-full e-flex wpr-particle-no wpr-jarallax-no wpr-parallax-no wpr-sticky-section-no e-con e-child\" data-id=\"b43376b\" data-element_type=\"container\">\n\t\t\t\t<div class=\"elementor-element elementor-element-9734b5d elementor-widget elementor-widget-image\" data-id=\"9734b5d\" data-element_type=\"widget\" data-widget_type=\"image.default\">\n\t\t\t\t<div class=\"elementor-widget-container\">\n\t\t\t\t\t\t\t\t\t\t\t\t\t<img fetchpriority=\"high\" decoding=\"async\" width=\"464\" height=\"198\" src=\"https:\/\/orbitbuilder.master-sport.de\/wp-content\/uploads\/2024\/08\/TecCom-Logo_rgb-1.png\" class=\"attachment-large size-large wp-image-3263\" alt=\"\" srcset=\"https:\/\/orbitbuilder.master-sport.de\/wp-content\/uploads\/2024\/08\/TecCom-Logo_rgb-1.png 464w, https:\/\/orbitbuilder.master-sport.de\/wp-content\/uploads\/2024\/08\/TecCom-Logo_rgb-1-300x128.png 300w\" sizes=\"(max-width: 464px) 100vw, 464px\" \/>\t\t\t\t\t\t\t\t\t\t\t\t\t<\/div>\n\t\t\t\t<\/div>\n\t\t\t\t<div class=\"elementor-element elementor-element-3a46c5d elementor-align-center elementor-widget elementor-widget-button\" data-id=\"3a46c5d\" data-element_type=\"widget\" data-widget_type=\"button.default\">\n\t\t\t\t<div class=\"elementor-widget-container\">\n\t\t\t\t\t<div class=\"elementor-button-wrapper\">\n\t\t\t<a class=\"elementor-button elementor-button-link elementor-size-sm\" href=\"mailto:customercentre@master-sport.de\">\n\t\t\t\t\t\t<span class=\"elementor-button-content-wrapper\">\n\t\t\t\t\t\t\t\t\t<span class=\"elementor-button-text\">Richiedi il tuo premio<\/span>\n\t\t\t\t\t<\/span>\n\t\t\t\t\t<\/a>\n\t\t<\/div>\n\t\t\t\t<\/div>\n\t\t\t\t<\/div>\n\t\t\t\t<\/div>\n\t\t\t\t\t<\/div>\n\t\t\t\t<\/div>\n\t\t<div class=\"elementor-element elementor-element-4a2ee48 e-flex e-con-boxed wpr-particle-no wpr-jarallax-no wpr-parallax-no wpr-sticky-section-no e-con e-parent\" data-id=\"4a2ee48\" data-element_type=\"container\">\n\t\t\t\t\t<div class=\"e-con-inner\">\n\t\t<div class=\"elementor-element elementor-element-b631969 e-con-full e-flex wpr-particle-no wpr-jarallax-no wpr-parallax-no wpr-sticky-section-no e-con e-child\" data-id=\"b631969\" data-element_type=\"container\">\n\t\t\t\t<div class=\"elementor-element elementor-element-e759c67 elementor-widget elementor-widget-image\" data-id=\"e759c67\" data-element_type=\"widget\" data-widget_type=\"image.default\">\n\t\t\t\t<div class=\"elementor-widget-container\">\n\t\t\t\t\t\t\t\t\t\t\t\t\t<img decoding=\"async\" width=\"648\" height=\"508\" src=\"https:\/\/orbitbuilder.master-sport.de\/wp-content\/uploads\/2024\/08\/max_2-31-1.jpg\" class=\"attachment-full size-full wp-image-3268\" alt=\"\" srcset=\"https:\/\/orbitbuilder.master-sport.de\/wp-content\/uploads\/2024\/08\/max_2-31-1.jpg 648w, https:\/\/orbitbuilder.master-sport.de\/wp-content\/uploads\/2024\/08\/max_2-31-1-300x235.jpg 300w\" sizes=\"(max-width: 648px) 100vw, 648px\" \/>\t\t\t\t\t\t\t\t\t\t\t\t\t<\/div>\n\t\t\t\t<\/div>\n\t\t\t\t<\/div>\n\t\t<div class=\"elementor-element elementor-element-5745960 e-con-full e-flex wpr-particle-no wpr-jarallax-no wpr-parallax-no wpr-sticky-section-no e-con e-child\" data-id=\"5745960\" data-element_type=\"container\">\n\t\t\t\t<div class=\"elementor-element elementor-element-1f2def8 elementor-widget elementor-widget-image\" data-id=\"1f2def8\" data-element_type=\"widget\" data-widget_type=\"image.default\">\n\t\t\t\t<div class=\"elementor-widget-container\">\n\t\t\t\t\t\t\t\t\t\t\t\t\t<img decoding=\"async\" width=\"649\" height=\"508\" src=\"https:\/\/orbitbuilder.master-sport.de\/wp-content\/uploads\/2024\/08\/max_3-25-1.jpg\" class=\"attachment-full size-full wp-image-3269\" alt=\"\" srcset=\"https:\/\/orbitbuilder.master-sport.de\/wp-content\/uploads\/2024\/08\/max_3-25-1.jpg 649w, https:\/\/orbitbuilder.master-sport.de\/wp-content\/uploads\/2024\/08\/max_3-25-1-300x235.jpg 300w\" sizes=\"(max-width: 649px) 100vw, 649px\" \/>\t\t\t\t\t\t\t\t\t\t\t\t\t<\/div>\n\t\t\t\t<\/div>\n\t\t\t\t<\/div>\n\t\t<div class=\"elementor-element elementor-element-f4a2085 e-con-full e-flex wpr-particle-no wpr-jarallax-no wpr-parallax-no wpr-sticky-section-no e-con e-child\" data-id=\"f4a2085\" data-element_type=\"container\">\n\t\t\t\t<div class=\"elementor-element elementor-element-2620c2c elementor-widget elementor-widget-image\" data-id=\"2620c2c\" data-element_type=\"widget\" data-widget_type=\"image.default\">\n\t\t\t\t<div class=\"elementor-widget-container\">\n\t\t\t\t\t\t\t\t\t\t\t\t\t<img loading=\"lazy\" decoding=\"async\" width=\"649\" height=\"507\" src=\"https:\/\/orbitbuilder.master-sport.de\/wp-content\/uploads\/2024\/08\/max_4-24-1.jpg\" class=\"attachment-full size-full wp-image-3270\" alt=\"\" srcset=\"https:\/\/orbitbuilder.master-sport.de\/wp-content\/uploads\/2024\/08\/max_4-24-1.jpg 649w, https:\/\/orbitbuilder.master-sport.de\/wp-content\/uploads\/2024\/08\/max_4-24-1-300x234.jpg 300w\" sizes=\"(max-width: 649px) 100vw, 649px\" \/>\t\t\t\t\t\t\t\t\t\t\t\t\t<\/div>\n\t\t\t\t<\/div>\n\t\t\t\t<\/div>\n\t\t<div class=\"elementor-element elementor-element-16eecc5 e-con-full e-flex wpr-particle-no wpr-jarallax-no wpr-parallax-no wpr-sticky-section-no e-con e-child\" data-id=\"16eecc5\" data-element_type=\"container\">\n\t\t\t\t<div class=\"elementor-element elementor-element-6ac6dee elementor-widget elementor-widget-image\" data-id=\"6ac6dee\" data-element_type=\"widget\" data-widget_type=\"image.default\">\n\t\t\t\t<div class=\"elementor-widget-container\">\n\t\t\t\t\t\t\t\t\t\t\t\t\t<img loading=\"lazy\" decoding=\"async\" width=\"646\" height=\"505\" src=\"https:\/\/orbitbuilder.master-sport.de\/wp-content\/uploads\/2024\/08\/max_1-51-1.jpg\" class=\"attachment-full size-full wp-image-3267\" alt=\"\" srcset=\"https:\/\/orbitbuilder.master-sport.de\/wp-content\/uploads\/2024\/08\/max_1-51-1.jpg 646w, https:\/\/orbitbuilder.master-sport.de\/wp-content\/uploads\/2024\/08\/max_1-51-1-300x235.jpg 300w\" sizes=\"(max-width: 646px) 100vw, 646px\" \/>\t\t\t\t\t\t\t\t\t\t\t\t\t<\/div>\n\t\t\t\t<\/div>\n\t\t\t\t<\/div>\n\t\t\t\t\t<\/div>\n\t\t\t\t<\/div>\n\t\t\t\t<\/div>\n\t\t","protected":false},"excerpt":{"rendered":"<p>teccom TecCom e Master-Sport insieme a ZF TRW, Bosch, Delphi, Federal Mogul e altri costruttori. L&#8217;ampia gamma del marchio Master-Sport \u00e8 ora disponibile attraverso la piattaforma TecCom. La funzionalit\u00e0 lanciata consente di effettuare ordini e fornisce informazioni sulla disponibilit\u00e0 e sul prezzo attuale. I primi cinque clienti registrati da noi sulla piattaforma TecCom saranno premiati con una tuta da officina o una giacca in pile MS a scelta. Saremo inoltre lieti di ricevere commenti e suggerimenti sulla funzionalit\u00e0 e sulla gestione dei nostri ordini. TecCom \u00e8 la piattaforma di comunicazione B2B leader nel settore dell&#8217;aftermarket automobilistico internazionale indipendente. Grazie alle soluzioni TecCom, l&#8217;intero processo di ordinazione, dal produttore al rivenditore di ricambi, viene automatizzato e semplificato. Gestendo circa 20 milioni di richieste e ordini al mese, coprendo pi\u00f9 di 280 marchi e con circa 20.000 punti vendita in tutto il mondo, TecCom \u00e8 la piattaforma B2B ottimale per l&#8217;elaborazione elettronica degli ordini nell&#8217;aftermarket, utilizzata dai maggiori produttori e distributori. Richiedi il tuo premio<\/p>\n","protected":false},"author":1,"featured_media":0,"parent":0,"menu_order":0,"comment_status":"closed","ping_status":"closed","template":"","meta":{"inline_featured_image":false,"footnotes":""},"class_list":["post-16063","page","type-page","status-publish","hentry"],"yoast_head":"<!-- This site is optimized with the Yoast SEO plugin v23.3 - https:\/\/yoast.com\/wordpress\/plugins\/seo\/ -->\n<title>TECCOM - MasterSport<\/title>\n<meta name=\"description\" content=\"Master-Sport: Producent wysokiej jako\u015bci cz\u0119\u015bci samochodowych i rozwi\u0105za\u0144 motoryzacyjnych. Sprawd\u017a nasz\u0105 ofert\u0119 produkt\u00f3w OEM oraz akcesori\u00f3w dla r\u00f3\u017cnych marek i modeli aut. Jako\u015b\u0107 i niezawodno\u015b\u0107 gwarantowane!\" \/>\n<meta name=\"robots\" content=\"index, follow, max-snippet:-1, max-image-preview:large, max-video-preview:-1\" \/>\n<link rel=\"canonical\" href=\"https:\/\/orbitbuilder.master-sport.de\/it\/teccom\/\" \/>\n<meta property=\"og:locale\" content=\"it_IT\" \/>\n<meta property=\"og:type\" content=\"article\" \/>\n<meta property=\"og:title\" content=\"TECCOM - MasterSport\" \/>\n<meta property=\"og:description\" content=\"Master-Sport: Producent wysokiej jako\u015bci cz\u0119\u015bci samochodowych i rozwi\u0105za\u0144 motoryzacyjnych. Sprawd\u017a nasz\u0105 ofert\u0119 produkt\u00f3w OEM oraz akcesori\u00f3w dla r\u00f3\u017cnych marek i modeli aut. Jako\u015b\u0107 i niezawodno\u015b\u0107 gwarantowane!\" \/>\n<meta property=\"og:url\" content=\"https:\/\/orbitbuilder.master-sport.de\/it\/teccom\/\" \/>\n<meta property=\"og:site_name\" content=\"MasterSport\" \/>\n<meta property=\"article:modified_time\" content=\"2024-09-02T09:04:32+00:00\" \/>\n<meta property=\"og:image\" content=\"https:\/\/orbitbuilder.master-sport.de\/wp-content\/uploads\/2024\/08\/TecCom-Logo_rgb-1.png\" \/>\n<meta name=\"twitter:card\" content=\"summary_large_image\" \/>\n<meta name=\"twitter:label1\" content=\"Tempo di lettura stimato\" \/>\n\t<meta name=\"twitter:data1\" content=\"1 minuto\" \/>\n<script type=\"application\/ld+json\" class=\"yoast-schema-graph\">{\"@context\":\"https:\/\/schema.org\",\"@graph\":[{\"@type\":\"WebPage\",\"@id\":\"https:\/\/orbitbuilder.master-sport.de\/it\/teccom\/\",\"url\":\"https:\/\/orbitbuilder.master-sport.de\/it\/teccom\/\",\"name\":\"TECCOM - MasterSport\",\"isPartOf\":{\"@id\":\"https:\/\/orbitbuilder.master-sport.de\/it\/#website\"},\"primaryImageOfPage\":{\"@id\":\"https:\/\/orbitbuilder.master-sport.de\/it\/teccom\/#primaryimage\"},\"image\":{\"@id\":\"https:\/\/orbitbuilder.master-sport.de\/it\/teccom\/#primaryimage\"},\"thumbnailUrl\":\"https:\/\/orbitbuilder.master-sport.de\/wp-content\/uploads\/2024\/08\/TecCom-Logo_rgb-1.png\",\"datePublished\":\"2024-08-27T08:53:37+00:00\",\"dateModified\":\"2024-09-02T09:04:32+00:00\",\"description\":\"Master-Sport: Producent wysokiej jako\u015bci cz\u0119\u015bci samochodowych i rozwi\u0105za\u0144 motoryzacyjnych. Sprawd\u017a nasz\u0105 ofert\u0119 produkt\u00f3w OEM oraz akcesori\u00f3w dla r\u00f3\u017cnych marek i modeli aut. Jako\u015b\u0107 i niezawodno\u015b\u0107 gwarantowane!\",\"breadcrumb\":{\"@id\":\"https:\/\/orbitbuilder.master-sport.de\/it\/teccom\/#breadcrumb\"},\"inLanguage\":\"it-IT\",\"potentialAction\":[{\"@type\":\"ReadAction\",\"target\":[\"https:\/\/orbitbuilder.master-sport.de\/it\/teccom\/\"]}]},{\"@type\":\"ImageObject\",\"inLanguage\":\"it-IT\",\"@id\":\"https:\/\/orbitbuilder.master-sport.de\/it\/teccom\/#primaryimage\",\"url\":\"https:\/\/orbitbuilder.master-sport.de\/wp-content\/uploads\/2024\/08\/TecCom-Logo_rgb-1.png\",\"contentUrl\":\"https:\/\/orbitbuilder.master-sport.de\/wp-content\/uploads\/2024\/08\/TecCom-Logo_rgb-1.png\"},{\"@type\":\"BreadcrumbList\",\"@id\":\"https:\/\/orbitbuilder.master-sport.de\/it\/teccom\/#breadcrumb\",\"itemListElement\":[{\"@type\":\"ListItem\",\"position\":1,\"name\":\"Strona g\u0142\u00f3wna\",\"item\":\"https:\/\/orbitbuilder.master-sport.de\/it\/\"},{\"@type\":\"ListItem\",\"position\":2,\"name\":\"TECCOM\"}]},{\"@type\":\"WebSite\",\"@id\":\"https:\/\/orbitbuilder.master-sport.de\/it\/#website\",\"url\":\"https:\/\/orbitbuilder.master-sport.de\/it\/\",\"name\":\"MasterSport\",\"description\":\"\",\"publisher\":{\"@id\":\"https:\/\/orbitbuilder.master-sport.de\/it\/#organization\"},\"potentialAction\":[{\"@type\":\"SearchAction\",\"target\":{\"@type\":\"EntryPoint\",\"urlTemplate\":\"https:\/\/orbitbuilder.master-sport.de\/it\/?s={search_term_string}\"},\"query-input\":\"required name=search_term_string\"}],\"inLanguage\":\"it-IT\"},{\"@type\":\"Organization\",\"@id\":\"https:\/\/orbitbuilder.master-sport.de\/it\/#organization\",\"name\":\"MasterSport\",\"url\":\"https:\/\/orbitbuilder.master-sport.de\/it\/\",\"logo\":{\"@type\":\"ImageObject\",\"inLanguage\":\"it-IT\",\"@id\":\"https:\/\/orbitbuilder.master-sport.de\/it\/#\/schema\/logo\/image\/\",\"url\":\"https:\/\/orbitbuilder.master-sport.de\/wp-content\/uploads\/2024\/08\/logo-6.png\",\"contentUrl\":\"https:\/\/orbitbuilder.master-sport.de\/wp-content\/uploads\/2024\/08\/logo-6.png\",\"width\":2362,\"height\":2362,\"caption\":\"MasterSport\"},\"image\":{\"@id\":\"https:\/\/orbitbuilder.master-sport.de\/it\/#\/schema\/logo\/image\/\"}}]}<\/script>\n<!-- \/ Yoast SEO plugin. -->","yoast_head_json":{"title":"TECCOM - MasterSport","description":"Master-Sport: Producent wysokiej jako\u015bci cz\u0119\u015bci samochodowych i rozwi\u0105za\u0144 motoryzacyjnych. Sprawd\u017a nasz\u0105 ofert\u0119 produkt\u00f3w OEM oraz akcesori\u00f3w dla r\u00f3\u017cnych marek i modeli aut. Jako\u015b\u0107 i niezawodno\u015b\u0107 gwarantowane!","robots":{"index":"index","follow":"follow","max-snippet":"max-snippet:-1","max-image-preview":"max-image-preview:large","max-video-preview":"max-video-preview:-1"},"canonical":"https:\/\/orbitbuilder.master-sport.de\/it\/teccom\/","og_locale":"it_IT","og_type":"article","og_title":"TECCOM - MasterSport","og_description":"Master-Sport: Producent wysokiej jako\u015bci cz\u0119\u015bci samochodowych i rozwi\u0105za\u0144 motoryzacyjnych. Sprawd\u017a nasz\u0105 ofert\u0119 produkt\u00f3w OEM oraz akcesori\u00f3w dla r\u00f3\u017cnych marek i modeli aut. Jako\u015b\u0107 i niezawodno\u015b\u0107 gwarantowane!","og_url":"https:\/\/orbitbuilder.master-sport.de\/it\/teccom\/","og_site_name":"MasterSport","article_modified_time":"2024-09-02T09:04:32+00:00","og_image":[{"url":"https:\/\/orbitbuilder.master-sport.de\/wp-content\/uploads\/2024\/08\/TecCom-Logo_rgb-1.png"}],"twitter_card":"summary_large_image","twitter_misc":{"Tempo di lettura stimato":"1 minuto"},"schema":{"@context":"https:\/\/schema.org","@graph":[{"@type":"WebPage","@id":"https:\/\/orbitbuilder.master-sport.de\/it\/teccom\/","url":"https:\/\/orbitbuilder.master-sport.de\/it\/teccom\/","name":"TECCOM - MasterSport","isPartOf":{"@id":"https:\/\/orbitbuilder.master-sport.de\/it\/#website"},"primaryImageOfPage":{"@id":"https:\/\/orbitbuilder.master-sport.de\/it\/teccom\/#primaryimage"},"image":{"@id":"https:\/\/orbitbuilder.master-sport.de\/it\/teccom\/#primaryimage"},"thumbnailUrl":"https:\/\/orbitbuilder.master-sport.de\/wp-content\/uploads\/2024\/08\/TecCom-Logo_rgb-1.png","datePublished":"2024-08-27T08:53:37+00:00","dateModified":"2024-09-02T09:04:32+00:00","description":"Master-Sport: Producent wysokiej jako\u015bci cz\u0119\u015bci samochodowych i rozwi\u0105za\u0144 motoryzacyjnych. Sprawd\u017a nasz\u0105 ofert\u0119 produkt\u00f3w OEM oraz akcesori\u00f3w dla r\u00f3\u017cnych marek i modeli aut. Jako\u015b\u0107 i niezawodno\u015b\u0107 gwarantowane!","breadcrumb":{"@id":"https:\/\/orbitbuilder.master-sport.de\/it\/teccom\/#breadcrumb"},"inLanguage":"it-IT","potentialAction":[{"@type":"ReadAction","target":["https:\/\/orbitbuilder.master-sport.de\/it\/teccom\/"]}]},{"@type":"ImageObject","inLanguage":"it-IT","@id":"https:\/\/orbitbuilder.master-sport.de\/it\/teccom\/#primaryimage","url":"https:\/\/orbitbuilder.master-sport.de\/wp-content\/uploads\/2024\/08\/TecCom-Logo_rgb-1.png","contentUrl":"https:\/\/orbitbuilder.master-sport.de\/wp-content\/uploads\/2024\/08\/TecCom-Logo_rgb-1.png"},{"@type":"BreadcrumbList","@id":"https:\/\/orbitbuilder.master-sport.de\/it\/teccom\/#breadcrumb","itemListElement":[{"@type":"ListItem","position":1,"name":"Strona g\u0142\u00f3wna","item":"https:\/\/orbitbuilder.master-sport.de\/it\/"},{"@type":"ListItem","position":2,"name":"TECCOM"}]},{"@type":"WebSite","@id":"https:\/\/orbitbuilder.master-sport.de\/it\/#website","url":"https:\/\/orbitbuilder.master-sport.de\/it\/","name":"MasterSport","description":"","publisher":{"@id":"https:\/\/orbitbuilder.master-sport.de\/it\/#organization"},"potentialAction":[{"@type":"SearchAction","target":{"@type":"EntryPoint","urlTemplate":"https:\/\/orbitbuilder.master-sport.de\/it\/?s={search_term_string}"},"query-input":"required name=search_term_string"}],"inLanguage":"it-IT"},{"@type":"Organization","@id":"https:\/\/orbitbuilder.master-sport.de\/it\/#organization","name":"MasterSport","url":"https:\/\/orbitbuilder.master-sport.de\/it\/","logo":{"@type":"ImageObject","inLanguage":"it-IT","@id":"https:\/\/orbitbuilder.master-sport.de\/it\/#\/schema\/logo\/image\/","url":"https:\/\/orbitbuilder.master-sport.de\/wp-content\/uploads\/2024\/08\/logo-6.png","contentUrl":"https:\/\/orbitbuilder.master-sport.de\/wp-content\/uploads\/2024\/08\/logo-6.png","width":2362,"height":2362,"caption":"MasterSport"},"image":{"@id":"https:\/\/orbitbuilder.master-sport.de\/it\/#\/schema\/logo\/image\/"}}]}},"_links":{"self":[{"href":"https:\/\/orbitbuilder.master-sport.de\/it\/wp-json\/wp\/v2\/pages\/16063","targetHints":{"allow":["GET"]}}],"collection":[{"href":"https:\/\/orbitbuilder.master-sport.de\/it\/wp-json\/wp\/v2\/pages"}],"about":[{"href":"https:\/\/orbitbuilder.master-sport.de\/it\/wp-json\/wp\/v2\/types\/page"}],"author":[{"embeddable":true,"href":"https:\/\/orbitbuilder.master-sport.de\/it\/wp-json\/wp\/v2\/users\/1"}],"replies":[{"embeddable":true,"href":"https:\/\/orbitbuilder.master-sport.de\/it\/wp-json\/wp\/v2\/comments?post=16063"}],"version-history":[{"count":1,"href":"https:\/\/orbitbuilder.master-sport.de\/it\/wp-json\/wp\/v2\/pages\/16063\/revisions"}],"predecessor-version":[{"id":16064,"href":"https:\/\/orbitbuilder.master-sport.de\/it\/wp-json\/wp\/v2\/pages\/16063\/revisions\/16064"}],"wp:attachment":[{"href":"https:\/\/orbitbuilder.master-sport.de\/it\/wp-json\/wp\/v2\/media?parent=16063"}],"curies":[{"name":"wp","href":"https:\/\/api.w.org\/{rel}","templated":true}]}}