{"id":16061,"date":"2024-08-27T08:53:47","date_gmt":"2024-08-27T08:53:47","guid":{"rendered":"https:\/\/orbitbuilder.master-sport.de\/tecdoc\/"},"modified":"2024-09-02T09:00:36","modified_gmt":"2024-09-02T09:00:36","slug":"tecdoc","status":"publish","type":"page","link":"https:\/\/orbitbuilder.master-sport.de\/it\/tecdoc\/","title":{"rendered":"TECDOC"},"content":{"rendered":"\t\t<div data-elementor-type=\"wp-page\" data-elementor-id=\"16061\" class=\"elementor elementor-16061 elementor-104\" data-elementor-post-type=\"page\">\n\t\t\t\t\t\t<section class=\"elementor-section elementor-top-section elementor-element elementor-element-7cb9ca92 elementor-section-height-min-height elementor-section-boxed elementor-section-height-default elementor-section-items-middle wpr-particle-no wpr-jarallax-no wpr-parallax-no wpr-sticky-section-no\" data-id=\"7cb9ca92\" data-element_type=\"section\" data-settings=\"{&quot;background_background&quot;:&quot;classic&quot;,&quot;shape_divider_bottom&quot;:&quot;tilt&quot;}\">\n\t\t\t\t\t\t\t<div class=\"elementor-background-overlay\"><\/div>\n\t\t\t\t\t\t<div class=\"elementor-shape elementor-shape-bottom\" data-negative=\"false\">\n\t\t\t<svg xmlns=\"http:\/\/www.w3.org\/2000\/svg\" viewBox=\"0 0 1000 100\" preserveAspectRatio=\"none\">\n\t<path class=\"elementor-shape-fill\" d=\"M0,6V0h1000v100L0,6z\"\/>\n<\/svg>\t\t<\/div>\n\t\t\t\t\t<div class=\"elementor-container elementor-column-gap-default\">\n\t\t\t\t\t<div class=\"elementor-column elementor-col-100 elementor-top-column elementor-element elementor-element-66e8e52f\" data-id=\"66e8e52f\" data-element_type=\"column\">\n\t\t\t<div class=\"elementor-widget-wrap elementor-element-populated\">\n\t\t\t\t\t\t<div class=\"elementor-element elementor-element-2840d8e2 elementor-widget elementor-widget-heading\" data-id=\"2840d8e2\" data-element_type=\"widget\" data-widget_type=\"heading.default\">\n\t\t\t\t<div class=\"elementor-widget-container\">\n\t\t\t<style>\/*! elementor - v3.23.0 - 05-08-2024 *\/\n.elementor-heading-title{padding:0;margin:0;line-height:1}.elementor-widget-heading .elementor-heading-title[class*=elementor-size-]>a{color:inherit;font-size:inherit;line-height:inherit}.elementor-widget-heading .elementor-heading-title.elementor-size-small{font-size:15px}.elementor-widget-heading .elementor-heading-title.elementor-size-medium{font-size:19px}.elementor-widget-heading .elementor-heading-title.elementor-size-large{font-size:29px}.elementor-widget-heading .elementor-heading-title.elementor-size-xl{font-size:39px}.elementor-widget-heading .elementor-heading-title.elementor-size-xxl{font-size:59px}<\/style><h1 class=\"elementor-heading-title elementor-size-default\">tecdoc<\/h1>\t\t<\/div>\n\t\t\t\t<\/div>\n\t\t\t\t\t<\/div>\n\t\t<\/div>\n\t\t\t\t\t<\/div>\n\t\t<\/section>\n\t\t<div class=\"elementor-element elementor-element-452dc1c e-flex e-con-boxed wpr-particle-no wpr-jarallax-no wpr-parallax-no wpr-sticky-section-no e-con e-parent\" data-id=\"452dc1c\" data-element_type=\"container\">\n\t\t\t\t\t<div class=\"e-con-inner\">\n\t\t\t\t<div class=\"elementor-element elementor-element-e02434f elementor-widget elementor-widget-heading\" data-id=\"e02434f\" data-element_type=\"widget\" data-widget_type=\"heading.default\">\n\t\t\t\t<div class=\"elementor-widget-container\">\n\t\t\t<h2 class=\"elementor-heading-title elementor-size-default\">TecDoc Fornitore di dati certificato<\/h2>\t\t<\/div>\n\t\t\t\t<\/div>\n\t\t\t\t\t<\/div>\n\t\t\t\t<\/div>\n\t\t<div class=\"elementor-element elementor-element-e15a3fc e-flex e-con-boxed wpr-particle-no wpr-jarallax-no wpr-parallax-no wpr-sticky-section-no e-con e-parent\" data-id=\"e15a3fc\" data-element_type=\"container\">\n\t\t\t\t\t<div class=\"e-con-inner\">\n\t\t<div class=\"elementor-element elementor-element-bc15f57 e-con-full e-flex wpr-particle-no wpr-jarallax-no wpr-parallax-no wpr-sticky-section-no e-con e-child\" data-id=\"bc15f57\" data-element_type=\"container\">\n\t\t\t\t<div class=\"elementor-element elementor-element-9db3178 elementor-widget elementor-widget-text-editor\" data-id=\"9db3178\" data-element_type=\"widget\" data-widget_type=\"text-editor.default\">\n\t\t\t\t<div class=\"elementor-widget-container\">\n\t\t\t\t\t\t\t<p>Il marchio Master-Sport Automobiltechnik (MS) GmbH, ancora una volta <strong>soddisfa i severi requisiti e standard di TecDoc<\/strong>. Per questo \u00e8 stato premiato con la certificazione \u201cTecDoc Certified Data Supplier\u201d per un altro anno consecutivo. Questo risultato \u00e8 il frutto dei continui sforzi per ampliare il database e dell&#8217;alta qualit\u00e0 dei dati forniti (applicazioni, numeri di confronto, foto, documentazione tecnica).  <\/p>\n<div class=\"wp-block-spacer\" aria-hidden=\"true\"> <\/div>\n<p>Su base trimestrale, TecDoc verifica i dati forniti dai produttori in base a determinati criteri di qualit\u00e0. I risultati dell&#8217;audit vengono trasmessi ai fornitori di dati per migliorare continuamente la qualit\u00e0 dei dati. <\/p>\n<div class=\"wp-block-spacer\" aria-hidden=\"true\"> <\/div>\n<p>I fornitori di dati che soddisfano i severi requisiti dello standard ottengono un marchio di approvazione. <strong>\u201eFornitore di dati certificato TecDoc\u201d<\/strong>.<\/p>\n<div class=\"wp-block-spacer\" aria-hidden=\"true\"> <\/div>\n<p>Essere riconosciuti come &#8216;Certified Data Supplier&#8217; \u00e8 un risultato importante per Master-Sport e una prova della qualit\u00e0 dei nostri dati nell&#8217;applicazione. Poich\u00e9 il formato dei dati TecDoc sta diventando sempre pi\u00f9 uno standard in Europa, viene utilizzato anche da altre aziende per integrare i dati nei loro sistemi. Garantire aggiornamenti continui \u00e8 sempre stata, e continua ad essere, una priorit\u00e0 per Master-Sport.  <\/p>\n<div class=\"wp-block-spacer\" aria-hidden=\"true\"> <\/div>\n<p>Tutti i prodotti offerti da MS sono disponibili nel database www.tecdoc.de, che consente di utilizzare dati aggiornati e completi per identificare e ordinare i ricambi.<\/p>\n\t\t\t\t\t\t<\/div>\n\t\t\t\t<\/div>\n\t\t\t\t<\/div>\n\t\t<div class=\"elementor-element elementor-element-3b5c9a3 e-con-full e-flex wpr-particle-no wpr-jarallax-no wpr-parallax-no wpr-sticky-section-no e-con e-child\" data-id=\"3b5c9a3\" data-element_type=\"container\">\n\t\t\t\t<div class=\"elementor-element elementor-element-0344a54 elementor-widget elementor-widget-image\" data-id=\"0344a54\" data-element_type=\"widget\" data-widget_type=\"image.default\">\n\t\t\t\t<div class=\"elementor-widget-container\">\n\t\t\t\t\t\t\t\t\t\t\t\t\t<img fetchpriority=\"high\" decoding=\"async\" width=\"416\" height=\"198\" src=\"https:\/\/orbitbuilder.master-sport.de\/wp-content\/uploads\/2024\/08\/TecDoc-Logo_rgb-1.png\" class=\"attachment-full size-full wp-image-3288\" alt=\"\" srcset=\"https:\/\/orbitbuilder.master-sport.de\/wp-content\/uploads\/2024\/08\/TecDoc-Logo_rgb-1.png 416w, https:\/\/orbitbuilder.master-sport.de\/wp-content\/uploads\/2024\/08\/TecDoc-Logo_rgb-1-300x143.png 300w\" sizes=\"(max-width: 416px) 100vw, 416px\" \/>\t\t\t\t\t\t\t\t\t\t\t\t\t<\/div>\n\t\t\t\t<\/div>\n\t\t\t\t<\/div>\n\t\t\t\t\t<\/div>\n\t\t\t\t<\/div>\n\t\t<div class=\"elementor-element elementor-element-91ab0e9 e-flex e-con-boxed wpr-particle-no wpr-jarallax-no wpr-parallax-no wpr-sticky-section-no e-con e-parent\" data-id=\"91ab0e9\" data-element_type=\"container\">\n\t\t\t\t\t<div class=\"e-con-inner\">\n\t\t<div class=\"elementor-element elementor-element-584b62a e-con-full e-flex wpr-particle-no wpr-jarallax-no wpr-parallax-no wpr-sticky-section-no e-con e-child\" data-id=\"584b62a\" data-element_type=\"container\">\n\t\t\t\t<div class=\"elementor-element elementor-element-3508065 elementor-widget elementor-widget-image\" data-id=\"3508065\" data-element_type=\"widget\" data-widget_type=\"image.default\">\n\t\t\t\t<div class=\"elementor-widget-container\">\n\t\t\t\t\t\t\t\t\t\t\t\t\t<img decoding=\"async\" width=\"1024\" height=\"392\" src=\"https:\/\/orbitbuilder.master-sport.de\/wp-content\/uploads\/2024\/08\/TecDoc-DS-1024x392-1.jpg\" class=\"attachment-full size-full wp-image-3287\" alt=\"\" srcset=\"https:\/\/orbitbuilder.master-sport.de\/wp-content\/uploads\/2024\/08\/TecDoc-DS-1024x392-1.jpg 1024w, https:\/\/orbitbuilder.master-sport.de\/wp-content\/uploads\/2024\/08\/TecDoc-DS-1024x392-1-300x115.jpg 300w, https:\/\/orbitbuilder.master-sport.de\/wp-content\/uploads\/2024\/08\/TecDoc-DS-1024x392-1-768x294.jpg 768w\" sizes=\"(max-width: 1024px) 100vw, 1024px\" \/>\t\t\t\t\t\t\t\t\t\t\t\t\t<\/div>\n\t\t\t\t<\/div>\n\t\t\t\t<\/div>\n\t\t<div class=\"elementor-element elementor-element-f2ff529 e-con-full e-flex wpr-particle-no wpr-jarallax-no wpr-parallax-no wpr-sticky-section-no e-con e-child\" data-id=\"f2ff529\" data-element_type=\"container\">\n\t\t\t\t<div class=\"elementor-element elementor-element-b7e3363 elementor-widget elementor-widget-image\" data-id=\"b7e3363\" data-element_type=\"widget\" data-widget_type=\"image.default\">\n\t\t\t\t<div class=\"elementor-widget-container\">\n\t\t\t\t\t\t\t\t\t\t\t\t\t<img decoding=\"async\" width=\"1200\" height=\"459\" src=\"https:\/\/orbitbuilder.master-sport.de\/wp-content\/uploads\/2024\/08\/TecDoc-CDS-1.jpg\" class=\"attachment-full size-full wp-image-3286\" alt=\"\" srcset=\"https:\/\/orbitbuilder.master-sport.de\/wp-content\/uploads\/2024\/08\/TecDoc-CDS-1.jpg 1200w, https:\/\/orbitbuilder.master-sport.de\/wp-content\/uploads\/2024\/08\/TecDoc-CDS-1-300x115.jpg 300w, https:\/\/orbitbuilder.master-sport.de\/wp-content\/uploads\/2024\/08\/TecDoc-CDS-1-1024x392.jpg 1024w, https:\/\/orbitbuilder.master-sport.de\/wp-content\/uploads\/2024\/08\/TecDoc-CDS-1-768x294.jpg 768w\" sizes=\"(max-width: 1200px) 100vw, 1200px\" \/>\t\t\t\t\t\t\t\t\t\t\t\t\t<\/div>\n\t\t\t\t<\/div>\n\t\t\t\t<\/div>\n\t\t<div class=\"elementor-element elementor-element-4c12518 e-con-full e-flex wpr-particle-no wpr-jarallax-no wpr-parallax-no wpr-sticky-section-no e-con e-child\" data-id=\"4c12518\" data-element_type=\"container\">\n\t\t\t\t<div class=\"elementor-element elementor-element-42c9b06 elementor-widget elementor-widget-image\" data-id=\"42c9b06\" data-element_type=\"widget\" data-widget_type=\"image.default\">\n\t\t\t\t<div class=\"elementor-widget-container\">\n\t\t\t\t\t\t\t\t\t\t\t\t\t<img loading=\"lazy\" decoding=\"async\" width=\"1024\" height=\"392\" src=\"https:\/\/orbitbuilder.master-sport.de\/wp-content\/uploads\/2024\/08\/TecDoc-PDS-1024x392-1.jpg\" class=\"attachment-full size-full wp-image-3289\" alt=\"\" srcset=\"https:\/\/orbitbuilder.master-sport.de\/wp-content\/uploads\/2024\/08\/TecDoc-PDS-1024x392-1.jpg 1024w, https:\/\/orbitbuilder.master-sport.de\/wp-content\/uploads\/2024\/08\/TecDoc-PDS-1024x392-1-300x115.jpg 300w, https:\/\/orbitbuilder.master-sport.de\/wp-content\/uploads\/2024\/08\/TecDoc-PDS-1024x392-1-768x294.jpg 768w\" sizes=\"(max-width: 1024px) 100vw, 1024px\" \/>\t\t\t\t\t\t\t\t\t\t\t\t\t<\/div>\n\t\t\t\t<\/div>\n\t\t\t\t<\/div>\n\t\t\t\t\t<\/div>\n\t\t\t\t<\/div>\n\t\t\t\t<\/div>\n\t\t","protected":false},"excerpt":{"rendered":"<p>tecdoc TecDoc Fornitore di dati certificato Il marchio Master-Sport Automobiltechnik (MS) GmbH, ancora una volta soddisfa i severi requisiti e standard di TecDoc. Per questo \u00e8 stato premiato con la certificazione \u201cTecDoc Certified Data Supplier\u201d per un altro anno consecutivo. Questo risultato \u00e8 il frutto dei continui sforzi per ampliare il database e dell&#8217;alta qualit\u00e0 dei dati forniti (applicazioni, numeri di confronto, foto, documentazione tecnica). Su base trimestrale, TecDoc verifica i dati forniti dai produttori in base a determinati criteri di qualit\u00e0. I risultati dell&#8217;audit vengono trasmessi ai fornitori di dati per migliorare continuamente la qualit\u00e0 dei dati. I fornitori di dati che soddisfano i severi requisiti dello standard ottengono un marchio di approvazione. \u201eFornitore di dati certificato TecDoc\u201d. Essere riconosciuti come &#8216;Certified Data Supplier&#8217; \u00e8 un risultato importante per Master-Sport e una prova della qualit\u00e0 dei nostri dati nell&#8217;applicazione. Poich\u00e9 il formato dei dati TecDoc sta diventando sempre pi\u00f9 uno standard in Europa, viene utilizzato anche da altre aziende per integrare i dati nei loro sistemi. Garantire aggiornamenti continui \u00e8 sempre stata, e continua ad essere, una priorit\u00e0 per Master-Sport. Tutti i prodotti offerti da MS sono disponibili nel database www.tecdoc.de, che consente di utilizzare dati aggiornati e completi per identificare e ordinare i ricambi.<\/p>\n","protected":false},"author":1,"featured_media":0,"parent":0,"menu_order":0,"comment_status":"closed","ping_status":"closed","template":"","meta":{"inline_featured_image":false,"footnotes":""},"class_list":["post-16061","page","type-page","status-publish","hentry"],"yoast_head":"<!-- This site is optimized with the Yoast SEO plugin v23.3 - https:\/\/yoast.com\/wordpress\/plugins\/seo\/ -->\n<title>TECDOC - MasterSport<\/title>\n<meta name=\"description\" content=\"Master-Sport: Producent wysokiej jako\u015bci cz\u0119\u015bci samochodowych i rozwi\u0105za\u0144 motoryzacyjnych. Sprawd\u017a nasz\u0105 ofert\u0119 produkt\u00f3w OEM oraz akcesori\u00f3w dla r\u00f3\u017cnych marek i modeli aut. Jako\u015b\u0107 i niezawodno\u015b\u0107 gwarantowane!\" \/>\n<meta name=\"robots\" content=\"index, follow, max-snippet:-1, max-image-preview:large, max-video-preview:-1\" \/>\n<link rel=\"canonical\" href=\"https:\/\/orbitbuilder.master-sport.de\/it\/tecdoc\/\" \/>\n<meta property=\"og:locale\" content=\"it_IT\" \/>\n<meta property=\"og:type\" content=\"article\" \/>\n<meta property=\"og:title\" content=\"TECDOC - MasterSport\" \/>\n<meta property=\"og:description\" content=\"Master-Sport: Producent wysokiej jako\u015bci cz\u0119\u015bci samochodowych i rozwi\u0105za\u0144 motoryzacyjnych. Sprawd\u017a nasz\u0105 ofert\u0119 produkt\u00f3w OEM oraz akcesori\u00f3w dla r\u00f3\u017cnych marek i modeli aut. Jako\u015b\u0107 i niezawodno\u015b\u0107 gwarantowane!\" \/>\n<meta property=\"og:url\" content=\"https:\/\/orbitbuilder.master-sport.de\/it\/tecdoc\/\" \/>\n<meta property=\"og:site_name\" content=\"MasterSport\" \/>\n<meta property=\"article:modified_time\" content=\"2024-09-02T09:00:36+00:00\" \/>\n<meta property=\"og:image\" content=\"https:\/\/orbitbuilder.master-sport.de\/wp-content\/uploads\/2024\/08\/TecDoc-Logo_rgb-1.png\" \/>\n<meta name=\"twitter:card\" content=\"summary_large_image\" \/>\n<meta name=\"twitter:label1\" content=\"Tempo di lettura stimato\" \/>\n\t<meta name=\"twitter:data1\" content=\"1 minuto\" \/>\n<script type=\"application\/ld+json\" class=\"yoast-schema-graph\">{\"@context\":\"https:\/\/schema.org\",\"@graph\":[{\"@type\":\"WebPage\",\"@id\":\"https:\/\/orbitbuilder.master-sport.de\/it\/tecdoc\/\",\"url\":\"https:\/\/orbitbuilder.master-sport.de\/it\/tecdoc\/\",\"name\":\"TECDOC - MasterSport\",\"isPartOf\":{\"@id\":\"https:\/\/orbitbuilder.master-sport.de\/it\/#website\"},\"primaryImageOfPage\":{\"@id\":\"https:\/\/orbitbuilder.master-sport.de\/it\/tecdoc\/#primaryimage\"},\"image\":{\"@id\":\"https:\/\/orbitbuilder.master-sport.de\/it\/tecdoc\/#primaryimage\"},\"thumbnailUrl\":\"https:\/\/orbitbuilder.master-sport.de\/wp-content\/uploads\/2024\/08\/TecDoc-Logo_rgb-1.png\",\"datePublished\":\"2024-08-27T08:53:47+00:00\",\"dateModified\":\"2024-09-02T09:00:36+00:00\",\"description\":\"Master-Sport: Producent wysokiej jako\u015bci cz\u0119\u015bci samochodowych i rozwi\u0105za\u0144 motoryzacyjnych. Sprawd\u017a nasz\u0105 ofert\u0119 produkt\u00f3w OEM oraz akcesori\u00f3w dla r\u00f3\u017cnych marek i modeli aut. Jako\u015b\u0107 i niezawodno\u015b\u0107 gwarantowane!\",\"breadcrumb\":{\"@id\":\"https:\/\/orbitbuilder.master-sport.de\/it\/tecdoc\/#breadcrumb\"},\"inLanguage\":\"it-IT\",\"potentialAction\":[{\"@type\":\"ReadAction\",\"target\":[\"https:\/\/orbitbuilder.master-sport.de\/it\/tecdoc\/\"]}]},{\"@type\":\"ImageObject\",\"inLanguage\":\"it-IT\",\"@id\":\"https:\/\/orbitbuilder.master-sport.de\/it\/tecdoc\/#primaryimage\",\"url\":\"https:\/\/orbitbuilder.master-sport.de\/wp-content\/uploads\/2024\/08\/TecDoc-Logo_rgb-1.png\",\"contentUrl\":\"https:\/\/orbitbuilder.master-sport.de\/wp-content\/uploads\/2024\/08\/TecDoc-Logo_rgb-1.png\"},{\"@type\":\"BreadcrumbList\",\"@id\":\"https:\/\/orbitbuilder.master-sport.de\/it\/tecdoc\/#breadcrumb\",\"itemListElement\":[{\"@type\":\"ListItem\",\"position\":1,\"name\":\"Strona g\u0142\u00f3wna\",\"item\":\"https:\/\/orbitbuilder.master-sport.de\/it\/\"},{\"@type\":\"ListItem\",\"position\":2,\"name\":\"TECDOC\"}]},{\"@type\":\"WebSite\",\"@id\":\"https:\/\/orbitbuilder.master-sport.de\/it\/#website\",\"url\":\"https:\/\/orbitbuilder.master-sport.de\/it\/\",\"name\":\"MasterSport\",\"description\":\"\",\"publisher\":{\"@id\":\"https:\/\/orbitbuilder.master-sport.de\/it\/#organization\"},\"potentialAction\":[{\"@type\":\"SearchAction\",\"target\":{\"@type\":\"EntryPoint\",\"urlTemplate\":\"https:\/\/orbitbuilder.master-sport.de\/it\/?s={search_term_string}\"},\"query-input\":\"required name=search_term_string\"}],\"inLanguage\":\"it-IT\"},{\"@type\":\"Organization\",\"@id\":\"https:\/\/orbitbuilder.master-sport.de\/it\/#organization\",\"name\":\"MasterSport\",\"url\":\"https:\/\/orbitbuilder.master-sport.de\/it\/\",\"logo\":{\"@type\":\"ImageObject\",\"inLanguage\":\"it-IT\",\"@id\":\"https:\/\/orbitbuilder.master-sport.de\/it\/#\/schema\/logo\/image\/\",\"url\":\"https:\/\/orbitbuilder.master-sport.de\/wp-content\/uploads\/2024\/08\/logo-6.png\",\"contentUrl\":\"https:\/\/orbitbuilder.master-sport.de\/wp-content\/uploads\/2024\/08\/logo-6.png\",\"width\":2362,\"height\":2362,\"caption\":\"MasterSport\"},\"image\":{\"@id\":\"https:\/\/orbitbuilder.master-sport.de\/it\/#\/schema\/logo\/image\/\"}}]}<\/script>\n<!-- \/ Yoast SEO plugin. -->","yoast_head_json":{"title":"TECDOC - MasterSport","description":"Master-Sport: Producent wysokiej jako\u015bci cz\u0119\u015bci samochodowych i rozwi\u0105za\u0144 motoryzacyjnych. Sprawd\u017a nasz\u0105 ofert\u0119 produkt\u00f3w OEM oraz akcesori\u00f3w dla r\u00f3\u017cnych marek i modeli aut. Jako\u015b\u0107 i niezawodno\u015b\u0107 gwarantowane!","robots":{"index":"index","follow":"follow","max-snippet":"max-snippet:-1","max-image-preview":"max-image-preview:large","max-video-preview":"max-video-preview:-1"},"canonical":"https:\/\/orbitbuilder.master-sport.de\/it\/tecdoc\/","og_locale":"it_IT","og_type":"article","og_title":"TECDOC - MasterSport","og_description":"Master-Sport: Producent wysokiej jako\u015bci cz\u0119\u015bci samochodowych i rozwi\u0105za\u0144 motoryzacyjnych. Sprawd\u017a nasz\u0105 ofert\u0119 produkt\u00f3w OEM oraz akcesori\u00f3w dla r\u00f3\u017cnych marek i modeli aut. Jako\u015b\u0107 i niezawodno\u015b\u0107 gwarantowane!","og_url":"https:\/\/orbitbuilder.master-sport.de\/it\/tecdoc\/","og_site_name":"MasterSport","article_modified_time":"2024-09-02T09:00:36+00:00","og_image":[{"url":"https:\/\/orbitbuilder.master-sport.de\/wp-content\/uploads\/2024\/08\/TecDoc-Logo_rgb-1.png"}],"twitter_card":"summary_large_image","twitter_misc":{"Tempo di lettura stimato":"1 minuto"},"schema":{"@context":"https:\/\/schema.org","@graph":[{"@type":"WebPage","@id":"https:\/\/orbitbuilder.master-sport.de\/it\/tecdoc\/","url":"https:\/\/orbitbuilder.master-sport.de\/it\/tecdoc\/","name":"TECDOC - MasterSport","isPartOf":{"@id":"https:\/\/orbitbuilder.master-sport.de\/it\/#website"},"primaryImageOfPage":{"@id":"https:\/\/orbitbuilder.master-sport.de\/it\/tecdoc\/#primaryimage"},"image":{"@id":"https:\/\/orbitbuilder.master-sport.de\/it\/tecdoc\/#primaryimage"},"thumbnailUrl":"https:\/\/orbitbuilder.master-sport.de\/wp-content\/uploads\/2024\/08\/TecDoc-Logo_rgb-1.png","datePublished":"2024-08-27T08:53:47+00:00","dateModified":"2024-09-02T09:00:36+00:00","description":"Master-Sport: Producent wysokiej jako\u015bci cz\u0119\u015bci samochodowych i rozwi\u0105za\u0144 motoryzacyjnych. Sprawd\u017a nasz\u0105 ofert\u0119 produkt\u00f3w OEM oraz akcesori\u00f3w dla r\u00f3\u017cnych marek i modeli aut. Jako\u015b\u0107 i niezawodno\u015b\u0107 gwarantowane!","breadcrumb":{"@id":"https:\/\/orbitbuilder.master-sport.de\/it\/tecdoc\/#breadcrumb"},"inLanguage":"it-IT","potentialAction":[{"@type":"ReadAction","target":["https:\/\/orbitbuilder.master-sport.de\/it\/tecdoc\/"]}]},{"@type":"ImageObject","inLanguage":"it-IT","@id":"https:\/\/orbitbuilder.master-sport.de\/it\/tecdoc\/#primaryimage","url":"https:\/\/orbitbuilder.master-sport.de\/wp-content\/uploads\/2024\/08\/TecDoc-Logo_rgb-1.png","contentUrl":"https:\/\/orbitbuilder.master-sport.de\/wp-content\/uploads\/2024\/08\/TecDoc-Logo_rgb-1.png"},{"@type":"BreadcrumbList","@id":"https:\/\/orbitbuilder.master-sport.de\/it\/tecdoc\/#breadcrumb","itemListElement":[{"@type":"ListItem","position":1,"name":"Strona g\u0142\u00f3wna","item":"https:\/\/orbitbuilder.master-sport.de\/it\/"},{"@type":"ListItem","position":2,"name":"TECDOC"}]},{"@type":"WebSite","@id":"https:\/\/orbitbuilder.master-sport.de\/it\/#website","url":"https:\/\/orbitbuilder.master-sport.de\/it\/","name":"MasterSport","description":"","publisher":{"@id":"https:\/\/orbitbuilder.master-sport.de\/it\/#organization"},"potentialAction":[{"@type":"SearchAction","target":{"@type":"EntryPoint","urlTemplate":"https:\/\/orbitbuilder.master-sport.de\/it\/?s={search_term_string}"},"query-input":"required name=search_term_string"}],"inLanguage":"it-IT"},{"@type":"Organization","@id":"https:\/\/orbitbuilder.master-sport.de\/it\/#organization","name":"MasterSport","url":"https:\/\/orbitbuilder.master-sport.de\/it\/","logo":{"@type":"ImageObject","inLanguage":"it-IT","@id":"https:\/\/orbitbuilder.master-sport.de\/it\/#\/schema\/logo\/image\/","url":"https:\/\/orbitbuilder.master-sport.de\/wp-content\/uploads\/2024\/08\/logo-6.png","contentUrl":"https:\/\/orbitbuilder.master-sport.de\/wp-content\/uploads\/2024\/08\/logo-6.png","width":2362,"height":2362,"caption":"MasterSport"},"image":{"@id":"https:\/\/orbitbuilder.master-sport.de\/it\/#\/schema\/logo\/image\/"}}]}},"_links":{"self":[{"href":"https:\/\/orbitbuilder.master-sport.de\/it\/wp-json\/wp\/v2\/pages\/16061","targetHints":{"allow":["GET"]}}],"collection":[{"href":"https:\/\/orbitbuilder.master-sport.de\/it\/wp-json\/wp\/v2\/pages"}],"about":[{"href":"https:\/\/orbitbuilder.master-sport.de\/it\/wp-json\/wp\/v2\/types\/page"}],"author":[{"embeddable":true,"href":"https:\/\/orbitbuilder.master-sport.de\/it\/wp-json\/wp\/v2\/users\/1"}],"replies":[{"embeddable":true,"href":"https:\/\/orbitbuilder.master-sport.de\/it\/wp-json\/wp\/v2\/comments?post=16061"}],"version-history":[{"count":1,"href":"https:\/\/orbitbuilder.master-sport.de\/it\/wp-json\/wp\/v2\/pages\/16061\/revisions"}],"predecessor-version":[{"id":16062,"href":"https:\/\/orbitbuilder.master-sport.de\/it\/wp-json\/wp\/v2\/pages\/16061\/revisions\/16062"}],"wp:attachment":[{"href":"https:\/\/orbitbuilder.master-sport.de\/it\/wp-json\/wp\/v2\/media?parent=16061"}],"curies":[{"name":"wp","href":"https:\/\/api.w.org\/{rel}","templated":true}]}}