{"id":16057,"date":"2024-08-27T08:56:56","date_gmt":"2024-08-27T08:56:56","guid":{"rendered":"https:\/\/orbitbuilder.master-sport.de\/owzt\/"},"modified":"2024-09-02T08:59:28","modified_gmt":"2024-09-02T08:59:28","slug":"owzt","status":"publish","type":"page","link":"https:\/\/orbitbuilder.master-sport.de\/it\/owzt\/","title":{"rendered":"OWZT"},"content":{"rendered":"\t\t<div data-elementor-type=\"wp-page\" data-elementor-id=\"16057\" class=\"elementor elementor-16057 elementor-129\" data-elementor-post-type=\"page\">\n\t\t\t\t\t\t<section class=\"elementor-section elementor-top-section elementor-element elementor-element-1cf97a3b elementor-section-height-min-height elementor-section-boxed elementor-section-height-default elementor-section-items-middle wpr-particle-no wpr-jarallax-no wpr-parallax-no wpr-sticky-section-no\" data-id=\"1cf97a3b\" data-element_type=\"section\" data-settings=\"{&quot;background_background&quot;:&quot;classic&quot;,&quot;shape_divider_bottom&quot;:&quot;tilt&quot;}\">\n\t\t\t\t\t\t\t<div class=\"elementor-background-overlay\"><\/div>\n\t\t\t\t\t\t<div class=\"elementor-shape elementor-shape-bottom\" data-negative=\"false\">\n\t\t\t<svg xmlns=\"http:\/\/www.w3.org\/2000\/svg\" viewBox=\"0 0 1000 100\" preserveAspectRatio=\"none\">\n\t<path class=\"elementor-shape-fill\" d=\"M0,6V0h1000v100L0,6z\"\/>\n<\/svg>\t\t<\/div>\n\t\t\t\t\t<div class=\"elementor-container elementor-column-gap-default\">\n\t\t\t\t\t<div class=\"elementor-column elementor-col-100 elementor-top-column elementor-element elementor-element-c9ccdff\" data-id=\"c9ccdff\" data-element_type=\"column\">\n\t\t\t<div class=\"elementor-widget-wrap elementor-element-populated\">\n\t\t\t\t\t\t<div class=\"elementor-element elementor-element-6fc464a4 elementor-widget elementor-widget-heading\" data-id=\"6fc464a4\" data-element_type=\"widget\" data-widget_type=\"heading.default\">\n\t\t\t\t<div class=\"elementor-widget-container\">\n\t\t\t<style>\/*! elementor - v3.23.0 - 05-08-2024 *\/\n.elementor-heading-title{padding:0;margin:0;line-height:1}.elementor-widget-heading .elementor-heading-title[class*=elementor-size-]>a{color:inherit;font-size:inherit;line-height:inherit}.elementor-widget-heading .elementor-heading-title.elementor-size-small{font-size:15px}.elementor-widget-heading .elementor-heading-title.elementor-size-medium{font-size:19px}.elementor-widget-heading .elementor-heading-title.elementor-size-large{font-size:29px}.elementor-widget-heading .elementor-heading-title.elementor-size-xl{font-size:39px}.elementor-widget-heading .elementor-heading-title.elementor-size-xxl{font-size:59px}<\/style><h1 class=\"elementor-heading-title elementor-size-default\">CONDIZIONI GENERALI PER LA RESTITUZIONE DI BENI ACQUISTATI DA ACQUIRENTI COMMERCIALI<\/h1>\t\t<\/div>\n\t\t\t\t<\/div>\n\t\t\t\t\t<\/div>\n\t\t<\/div>\n\t\t\t\t\t<\/div>\n\t\t<\/section>\n\t\t<div class=\"elementor-element elementor-element-e2cdfca e-flex e-con-boxed wpr-particle-no wpr-jarallax-no wpr-parallax-no wpr-sticky-section-no e-con e-parent\" data-id=\"e2cdfca\" data-element_type=\"container\">\n\t\t\t\t\t<div class=\"e-con-inner\">\n\t\t\t\t<div class=\"elementor-element elementor-element-bad3ea8 elementor-widget elementor-widget-text-editor\" data-id=\"bad3ea8\" data-element_type=\"widget\" data-widget_type=\"text-editor.default\">\n\t\t\t\t<div class=\"elementor-widget-container\">\n\t\t\t<style>\/*! elementor - v3.23.0 - 05-08-2024 *\/\n.elementor-widget-text-editor.elementor-drop-cap-view-stacked .elementor-drop-cap{background-color:#69727d;color:#fff}.elementor-widget-text-editor.elementor-drop-cap-view-framed .elementor-drop-cap{color:#69727d;border:3px solid;background-color:transparent}.elementor-widget-text-editor:not(.elementor-drop-cap-view-default) .elementor-drop-cap{margin-top:8px}.elementor-widget-text-editor:not(.elementor-drop-cap-view-default) .elementor-drop-cap-letter{width:1em;height:1em}.elementor-widget-text-editor .elementor-drop-cap{float:left;text-align:center;line-height:1;font-size:50px}.elementor-widget-text-editor .elementor-drop-cap-letter{display:inline-block}<\/style>\t\t\t\t<p>(1) Ai sensi delle presenti Condizioni Generali di Restituzione della Merce (di seguito denominate \u201cCGC\u201d), la merce acquistata da Master-Sport-Automobiltechnik (MS) Centro di Produzione-Distribuzione Wieslaw Rutka con sede legale a Gorlice, ul. 11 listopada 68, 38-300 Gorlice, (di seguito \u201cMaster Sport\u201d) possono essere restituiti indipendentemente dalla forma di acquisto (negozio fisso, negozio online) entro un periodo non superiore a 1 (uno) anno dalla data di conclusione del contratto di vendita, a condizione che l&#8217;acquirente imprenditore (di seguito \u201cAcquirente\u201d) presenti una richiesta scritta di restituzione della merce e ottenga il preventivo consenso scritto o via e-mail di Master Sport alla restituzione della merce.<\/p>\n<div class=\"wp-block-spacer\" aria-hidden=\"true\"> <\/div>\n<p>2. La merce specifica prodotta su ordine individuale dell&#8217;acquirente non \u00e8 restituibile.<\/p>\n<div class=\"wp-block-spacer\" aria-hidden=\"true\"> <\/div>\n<p>(3) Con l&#8217;invio di una richiesta di restituzione della merce, si ritiene che l&#8217;Acquirente abbia accettato i termini e le condizioni delle CGV cos\u00ec come pubblicati sul sito web di Master Sport.<\/p>\n<div class=\"wp-block-spacer\" aria-hidden=\"true\"> <\/div>\n<p>4. L&#8217;acquirente ha il diritto di restituire la merce presso la sede di Master Sport o di spedirla a proprie spese all&#8217;indirizzo di Master Sport, ovvero 11 November 68 Street, 38-300 Gorlice. Per restituire la merce, l&#8217;Acquirente \u00e8 tenuto a inviare o presentare una prova di acquisto della merce e i documenti di spedizione\/fattura della merce. Per prova di acquisto si intende la fattura IVA (in formato elettronico o cartaceo).   <\/p>\n<div class=\"wp-block-spacer\" aria-hidden=\"true\"> <\/div>\n<p>(5) Master Sport, al momento dell&#8217;accettazione finale dei beni restituiti in conformit\u00e0 alla clausola 9, rimborser\u00e0 all&#8217;Acquirente il prezzo di vendita (soggetto alla clausola 10) meno il 40% del valore dei beni venduti (se i beni sono stati consegnati all&#8217;Acquirente a spese di Master Sport, il prezzo di vendita da rimborsare \u00e8 ulteriormente ridotto del costo del trasporto dei beni). Il suddetto importo \u00e8 destinato a coprire la perdita di Master Sport derivante dalla riduzione del valore dei beni, a coprire i costi operativi della gestione della restituzione dei beni, in particolare la verifica da parte di Master Sport della qualit\u00e0 e della conformit\u00e0 dei beni alle caratteristiche originali dei beni restituiti (in conformit\u00e0 alla clausola 6, tra le altre), e a coprire i costi dei servizi legali e contabili per il processo di restituzione dei beni.  <\/p>\n<div class=\"wp-block-spacer\" aria-hidden=\"true\"> <\/div>\n<p>(6) Possono essere restituite le merci che soddisfano i seguenti criteri;<br \/>a) al momento della restituzione, la merce si trova nelle stesse condizioni in cui \u00e8 stata consegnata all&#8217;acquirente,<br \/>b) la merce \u00e8 imballata in origine,<br \/>c) anche se la condizione di cui al punto b) non \u00e8 soddisfatta, possono essere restituite anche le merci non imballate e prive dell&#8217;imballaggio originale, a condizione che non presentino segni di usura o solo segni d&#8217;uso derivanti dall&#8217;utilizzo necessario per stabilirne la natura, le caratteristiche e il funzionamento.<\/p>\n<div class=\"wp-block-spacer\" aria-hidden=\"true\"> <\/div>\n<p>7. La merce danneggiata o che presenta segni di utilizzo non pu\u00f2 essere restituita.<\/p>\n<div class=\"wp-block-spacer\" aria-hidden=\"true\"> <\/div>\n<p>(8) La merce sar\u00e0 accettata sulla base di una decisione preliminare da parte di un dipendente autorizzato di Master Sport dopo aver verificato il rispetto da parte dell&#8217;Acquirente del termine di cui al punto 1.<\/p>\n<div class=\"wp-block-spacer\" aria-hidden=\"true\"> <\/div>\n<p>9 La decisione finale di accettare la restituzione della merce \u00e8 presa da un dipendente autorizzato di Master Sport dopo un esame dettagliato della merce restituita.<\/p>\n<div class=\"wp-block-spacer\" aria-hidden=\"true\"> <\/div>\n<p>10. il prezzo di vendita della merce resa per l&#8217;importo indicato al punto 5 sar\u00e0 rimborsato solo sotto forma di cambio con altra merce Master Sport dello stesso valore. Il prezzo di vendita non sar\u00e0 rimborsato in contanti o tramite bonifico bancario. <\/p>\n<div class=\"wp-block-spacer\" aria-hidden=\"true\"> <\/div>\n<p>(11) Nel caso in cui dopo l&#8217;ispezione da parte di Master Sport si determini che la merce non \u00e8 adatta alla restituzione, l&#8217;Acquirente sar\u00e0 obbligato a ritirare la merce entro 7 giorni dalla convocazione da parte di Master Sport. In questo caso, i costi di controllo della merce come descritto nella clausola 5 saranno addebitati all&#8217;Acquirente e dovranno essere pagati dall&#8217;Acquirente entro 7 giorni dall&#8217;emissione della relativa fattura da parte di Master Sport. Se l&#8217;Acquirente non ritira la merce entro il periodo descritto nella prima frase e non paga i costi di controllo della merce, Master Sport addebiter\u00e0 all&#8217;Acquirente i costi di stoccaggio della merce per un importo pari all&#8217;1% del valore della merce per ogni giorno iniziato di stoccaggio della merce e inoltre la merce dell&#8217;Acquirente pu\u00f2 essere garantita da Master Sport per il rimborso dei costi di controllo e stoccaggio della merce.  <\/p>\n<div class=\"wp-block-spacer\" aria-hidden=\"true\"> <\/div>\n<p>12 La modifica delle CGV non pregiudica i diritti e gli obblighi dell&#8217;Acquirente acquisiti prima dell&#8217;entrata in vigore delle modifiche.<\/p>\n<div class=\"wp-block-spacer\" aria-hidden=\"true\"> <\/div>\n<p>13. Le GTC riviste saranno disponibili sul seguente sito web <a href=\"https:\/\/www.master-sport.euhttps:\/\/www.master-sport.eu\">https:\/\/www.master-sport.eu<\/a> e in cartoleria.<\/p>\n<div class=\"wp-block-spacer\" aria-hidden=\"true\"> <\/div>\n<p>14 I termini e le condizioni per la restituzione della merce sono in vigore dal 2 gennaio 2017.<\/p>\n\t\t\t\t\t\t<\/div>\n\t\t\t\t<\/div>\n\t\t\t\t\t<\/div>\n\t\t\t\t<\/div>\n\t\t\t\t<\/div>\n\t\t","protected":false},"excerpt":{"rendered":"<p>CONDIZIONI GENERALI PER LA RESTITUZIONE DI BENI ACQUISTATI DA ACQUIRENTI COMMERCIALI (1) Ai sensi delle presenti Condizioni Generali di Restituzione della Merce (di seguito denominate \u201cCGC\u201d), la merce acquistata da Master-Sport-Automobiltechnik (MS) Centro di Produzione-Distribuzione Wieslaw Rutka con sede legale a Gorlice, ul. 11 listopada 68, 38-300 Gorlice, (di seguito \u201cMaster Sport\u201d) possono essere restituiti indipendentemente dalla forma di acquisto (negozio fisso, negozio online) entro un periodo non superiore a 1 (uno) anno dalla data di conclusione del contratto di vendita, a condizione che l&#8217;acquirente imprenditore (di seguito \u201cAcquirente\u201d) presenti una richiesta scritta di restituzione della merce e ottenga il preventivo consenso scritto o via e-mail di Master Sport alla restituzione della merce. 2. La merce specifica prodotta su ordine individuale dell&#8217;acquirente non \u00e8 restituibile. (3) Con l&#8217;invio di una richiesta di restituzione della merce, si ritiene che l&#8217;Acquirente abbia accettato i termini e le condizioni delle CGV cos\u00ec come pubblicati sul sito web di Master Sport. 4. L&#8217;acquirente ha il diritto di restituire la merce presso la sede di Master Sport o di spedirla a proprie spese all&#8217;indirizzo di Master Sport, ovvero 11 November 68 Street, 38-300 Gorlice. Per restituire la merce, l&#8217;Acquirente \u00e8 tenuto a inviare o presentare una prova di acquisto della merce e i documenti di spedizione\/fattura della merce. Per prova di acquisto si intende la fattura IVA (in formato elettronico o cartaceo). (5) Master Sport, al momento dell&#8217;accettazione finale dei beni restituiti in conformit\u00e0 alla clausola 9, rimborser\u00e0 all&#8217;Acquirente il prezzo di vendita (soggetto alla clausola 10) meno il 40% del valore dei beni venduti (se i beni sono stati consegnati all&#8217;Acquirente a spese di Master Sport, il prezzo di vendita da rimborsare \u00e8 ulteriormente ridotto del costo del trasporto dei beni). Il suddetto importo \u00e8 destinato a coprire la perdita di Master Sport derivante dalla riduzione del valore dei beni, a coprire i costi operativi della gestione della restituzione dei beni, in particolare la verifica da parte di Master Sport della qualit\u00e0 e della conformit\u00e0 dei beni alle caratteristiche originali dei beni restituiti (in conformit\u00e0 alla clausola 6, tra le altre), e a coprire i costi dei servizi legali e contabili per il processo di restituzione dei beni. (6) Possono essere restituite le merci che soddisfano i seguenti criteri;a) al momento della restituzione, la merce si trova nelle stesse condizioni in cui \u00e8 stata consegnata all&#8217;acquirente,b) la merce \u00e8 imballata in origine,c) anche se la condizione di cui al punto b) non \u00e8 soddisfatta, possono essere restituite anche le merci non imballate e prive dell&#8217;imballaggio originale, a condizione che non presentino segni di usura o solo segni d&#8217;uso derivanti dall&#8217;utilizzo necessario per stabilirne la natura, le caratteristiche e il funzionamento. 7. La merce danneggiata o che presenta segni di utilizzo non pu\u00f2 essere restituita. (8) La merce sar\u00e0 accettata sulla base di una decisione preliminare da parte di un dipendente autorizzato di Master Sport dopo aver verificato il rispetto da parte dell&#8217;Acquirente del termine di cui al punto 1. 9 La decisione finale di accettare la restituzione della merce \u00e8 presa da un dipendente autorizzato di Master Sport dopo un esame dettagliato della merce restituita. 10. il prezzo di vendita della merce resa per l&#8217;importo indicato al punto 5 sar\u00e0 rimborsato solo sotto forma di cambio con altra merce Master Sport dello stesso valore. Il prezzo di vendita non sar\u00e0 rimborsato in contanti o tramite bonifico bancario. (11) Nel caso in cui dopo l&#8217;ispezione da parte di Master Sport si determini che la merce non \u00e8 adatta alla restituzione, l&#8217;Acquirente sar\u00e0 obbligato a ritirare la merce entro 7 giorni dalla convocazione da parte di Master Sport. In questo caso, i costi di controllo della merce come descritto nella clausola 5 saranno addebitati all&#8217;Acquirente e dovranno essere pagati dall&#8217;Acquirente entro 7 giorni dall&#8217;emissione della relativa fattura da parte di Master Sport. Se l&#8217;Acquirente non ritira la merce entro il periodo descritto nella prima frase e non paga i costi di controllo della merce, Master Sport addebiter\u00e0 all&#8217;Acquirente i costi di stoccaggio della merce per un importo pari all&#8217;1% del valore della merce per ogni giorno iniziato di stoccaggio della merce e inoltre la merce dell&#8217;Acquirente pu\u00f2 essere garantita da Master Sport per il rimborso dei costi di controllo e stoccaggio della merce. 12 La modifica delle CGV non pregiudica i diritti e gli obblighi dell&#8217;Acquirente acquisiti prima dell&#8217;entrata in vigore delle modifiche. 13. Le GTC riviste saranno disponibili sul seguente sito web https:\/\/www.master-sport.eu e in cartoleria. 14 I termini e le condizioni per la restituzione della merce sono in vigore dal 2 gennaio 2017.<\/p>\n","protected":false},"author":1,"featured_media":0,"parent":0,"menu_order":0,"comment_status":"closed","ping_status":"closed","template":"","meta":{"inline_featured_image":false,"footnotes":""},"class_list":["post-16057","page","type-page","status-publish","hentry"],"yoast_head":"<!-- This site is optimized with the Yoast SEO plugin v23.3 - https:\/\/yoast.com\/wordpress\/plugins\/seo\/ -->\n<title>OWZT - MasterSport<\/title>\n<meta name=\"description\" content=\"Master-Sport: Producent wysokiej jako\u015bci cz\u0119\u015bci samochodowych i rozwi\u0105za\u0144 motoryzacyjnych. Sprawd\u017a nasz\u0105 ofert\u0119 produkt\u00f3w OEM oraz akcesori\u00f3w dla r\u00f3\u017cnych marek i modeli aut. Jako\u015b\u0107 i niezawodno\u015b\u0107 gwarantowane!\" \/>\n<meta name=\"robots\" content=\"index, follow, max-snippet:-1, max-image-preview:large, max-video-preview:-1\" \/>\n<link rel=\"canonical\" href=\"https:\/\/orbitbuilder.master-sport.de\/it\/owzt\/\" \/>\n<meta property=\"og:locale\" content=\"it_IT\" \/>\n<meta property=\"og:type\" content=\"article\" \/>\n<meta property=\"og:title\" content=\"OWZT - MasterSport\" \/>\n<meta property=\"og:description\" content=\"Master-Sport: Producent wysokiej jako\u015bci cz\u0119\u015bci samochodowych i rozwi\u0105za\u0144 motoryzacyjnych. Sprawd\u017a nasz\u0105 ofert\u0119 produkt\u00f3w OEM oraz akcesori\u00f3w dla r\u00f3\u017cnych marek i modeli aut. Jako\u015b\u0107 i niezawodno\u015b\u0107 gwarantowane!\" \/>\n<meta property=\"og:url\" content=\"https:\/\/orbitbuilder.master-sport.de\/it\/owzt\/\" \/>\n<meta property=\"og:site_name\" content=\"MasterSport\" \/>\n<meta property=\"article:modified_time\" content=\"2024-09-02T08:59:28+00:00\" \/>\n<meta property=\"og:image\" content=\"https:\/\/orbitbuilder.master-sport.de\/wp-content\/uploads\/2024\/08\/LOGO-2.jpg\" \/>\n\t<meta property=\"og:image:width\" content=\"300\" \/>\n\t<meta property=\"og:image:height\" content=\"300\" \/>\n\t<meta property=\"og:image:type\" content=\"image\/jpeg\" \/>\n<meta name=\"twitter:card\" content=\"summary_large_image\" \/>\n<meta name=\"twitter:label1\" content=\"Tempo di lettura stimato\" \/>\n\t<meta name=\"twitter:data1\" content=\"4 minuti\" \/>\n<script type=\"application\/ld+json\" class=\"yoast-schema-graph\">{\"@context\":\"https:\/\/schema.org\",\"@graph\":[{\"@type\":\"WebPage\",\"@id\":\"https:\/\/orbitbuilder.master-sport.de\/it\/owzt\/\",\"url\":\"https:\/\/orbitbuilder.master-sport.de\/it\/owzt\/\",\"name\":\"OWZT - MasterSport\",\"isPartOf\":{\"@id\":\"https:\/\/orbitbuilder.master-sport.de\/it\/#website\"},\"datePublished\":\"2024-08-27T08:56:56+00:00\",\"dateModified\":\"2024-09-02T08:59:28+00:00\",\"description\":\"Master-Sport: Producent wysokiej jako\u015bci cz\u0119\u015bci samochodowych i rozwi\u0105za\u0144 motoryzacyjnych. Sprawd\u017a nasz\u0105 ofert\u0119 produkt\u00f3w OEM oraz akcesori\u00f3w dla r\u00f3\u017cnych marek i modeli aut. Jako\u015b\u0107 i niezawodno\u015b\u0107 gwarantowane!\",\"breadcrumb\":{\"@id\":\"https:\/\/orbitbuilder.master-sport.de\/it\/owzt\/#breadcrumb\"},\"inLanguage\":\"it-IT\",\"potentialAction\":[{\"@type\":\"ReadAction\",\"target\":[\"https:\/\/orbitbuilder.master-sport.de\/it\/owzt\/\"]}]},{\"@type\":\"BreadcrumbList\",\"@id\":\"https:\/\/orbitbuilder.master-sport.de\/it\/owzt\/#breadcrumb\",\"itemListElement\":[{\"@type\":\"ListItem\",\"position\":1,\"name\":\"Strona g\u0142\u00f3wna\",\"item\":\"https:\/\/orbitbuilder.master-sport.de\/it\/\"},{\"@type\":\"ListItem\",\"position\":2,\"name\":\"OWZT\"}]},{\"@type\":\"WebSite\",\"@id\":\"https:\/\/orbitbuilder.master-sport.de\/it\/#website\",\"url\":\"https:\/\/orbitbuilder.master-sport.de\/it\/\",\"name\":\"MasterSport\",\"description\":\"\",\"publisher\":{\"@id\":\"https:\/\/orbitbuilder.master-sport.de\/it\/#organization\"},\"potentialAction\":[{\"@type\":\"SearchAction\",\"target\":{\"@type\":\"EntryPoint\",\"urlTemplate\":\"https:\/\/orbitbuilder.master-sport.de\/it\/?s={search_term_string}\"},\"query-input\":\"required name=search_term_string\"}],\"inLanguage\":\"it-IT\"},{\"@type\":\"Organization\",\"@id\":\"https:\/\/orbitbuilder.master-sport.de\/it\/#organization\",\"name\":\"MasterSport\",\"url\":\"https:\/\/orbitbuilder.master-sport.de\/it\/\",\"logo\":{\"@type\":\"ImageObject\",\"inLanguage\":\"it-IT\",\"@id\":\"https:\/\/orbitbuilder.master-sport.de\/it\/#\/schema\/logo\/image\/\",\"url\":\"https:\/\/orbitbuilder.master-sport.de\/wp-content\/uploads\/2024\/08\/logo-6.png\",\"contentUrl\":\"https:\/\/orbitbuilder.master-sport.de\/wp-content\/uploads\/2024\/08\/logo-6.png\",\"width\":2362,\"height\":2362,\"caption\":\"MasterSport\"},\"image\":{\"@id\":\"https:\/\/orbitbuilder.master-sport.de\/it\/#\/schema\/logo\/image\/\"}}]}<\/script>\n<!-- \/ Yoast SEO plugin. -->","yoast_head_json":{"title":"OWZT - MasterSport","description":"Master-Sport: Producent wysokiej jako\u015bci cz\u0119\u015bci samochodowych i rozwi\u0105za\u0144 motoryzacyjnych. Sprawd\u017a nasz\u0105 ofert\u0119 produkt\u00f3w OEM oraz akcesori\u00f3w dla r\u00f3\u017cnych marek i modeli aut. Jako\u015b\u0107 i niezawodno\u015b\u0107 gwarantowane!","robots":{"index":"index","follow":"follow","max-snippet":"max-snippet:-1","max-image-preview":"max-image-preview:large","max-video-preview":"max-video-preview:-1"},"canonical":"https:\/\/orbitbuilder.master-sport.de\/it\/owzt\/","og_locale":"it_IT","og_type":"article","og_title":"OWZT - MasterSport","og_description":"Master-Sport: Producent wysokiej jako\u015bci cz\u0119\u015bci samochodowych i rozwi\u0105za\u0144 motoryzacyjnych. Sprawd\u017a nasz\u0105 ofert\u0119 produkt\u00f3w OEM oraz akcesori\u00f3w dla r\u00f3\u017cnych marek i modeli aut. Jako\u015b\u0107 i niezawodno\u015b\u0107 gwarantowane!","og_url":"https:\/\/orbitbuilder.master-sport.de\/it\/owzt\/","og_site_name":"MasterSport","article_modified_time":"2024-09-02T08:59:28+00:00","og_image":[{"width":300,"height":300,"url":"https:\/\/orbitbuilder.master-sport.de\/wp-content\/uploads\/2024\/08\/LOGO-2.jpg","type":"image\/jpeg"}],"twitter_card":"summary_large_image","twitter_misc":{"Tempo di lettura stimato":"4 minuti"},"schema":{"@context":"https:\/\/schema.org","@graph":[{"@type":"WebPage","@id":"https:\/\/orbitbuilder.master-sport.de\/it\/owzt\/","url":"https:\/\/orbitbuilder.master-sport.de\/it\/owzt\/","name":"OWZT - MasterSport","isPartOf":{"@id":"https:\/\/orbitbuilder.master-sport.de\/it\/#website"},"datePublished":"2024-08-27T08:56:56+00:00","dateModified":"2024-09-02T08:59:28+00:00","description":"Master-Sport: Producent wysokiej jako\u015bci cz\u0119\u015bci samochodowych i rozwi\u0105za\u0144 motoryzacyjnych. Sprawd\u017a nasz\u0105 ofert\u0119 produkt\u00f3w OEM oraz akcesori\u00f3w dla r\u00f3\u017cnych marek i modeli aut. Jako\u015b\u0107 i niezawodno\u015b\u0107 gwarantowane!","breadcrumb":{"@id":"https:\/\/orbitbuilder.master-sport.de\/it\/owzt\/#breadcrumb"},"inLanguage":"it-IT","potentialAction":[{"@type":"ReadAction","target":["https:\/\/orbitbuilder.master-sport.de\/it\/owzt\/"]}]},{"@type":"BreadcrumbList","@id":"https:\/\/orbitbuilder.master-sport.de\/it\/owzt\/#breadcrumb","itemListElement":[{"@type":"ListItem","position":1,"name":"Strona g\u0142\u00f3wna","item":"https:\/\/orbitbuilder.master-sport.de\/it\/"},{"@type":"ListItem","position":2,"name":"OWZT"}]},{"@type":"WebSite","@id":"https:\/\/orbitbuilder.master-sport.de\/it\/#website","url":"https:\/\/orbitbuilder.master-sport.de\/it\/","name":"MasterSport","description":"","publisher":{"@id":"https:\/\/orbitbuilder.master-sport.de\/it\/#organization"},"potentialAction":[{"@type":"SearchAction","target":{"@type":"EntryPoint","urlTemplate":"https:\/\/orbitbuilder.master-sport.de\/it\/?s={search_term_string}"},"query-input":"required name=search_term_string"}],"inLanguage":"it-IT"},{"@type":"Organization","@id":"https:\/\/orbitbuilder.master-sport.de\/it\/#organization","name":"MasterSport","url":"https:\/\/orbitbuilder.master-sport.de\/it\/","logo":{"@type":"ImageObject","inLanguage":"it-IT","@id":"https:\/\/orbitbuilder.master-sport.de\/it\/#\/schema\/logo\/image\/","url":"https:\/\/orbitbuilder.master-sport.de\/wp-content\/uploads\/2024\/08\/logo-6.png","contentUrl":"https:\/\/orbitbuilder.master-sport.de\/wp-content\/uploads\/2024\/08\/logo-6.png","width":2362,"height":2362,"caption":"MasterSport"},"image":{"@id":"https:\/\/orbitbuilder.master-sport.de\/it\/#\/schema\/logo\/image\/"}}]}},"_links":{"self":[{"href":"https:\/\/orbitbuilder.master-sport.de\/it\/wp-json\/wp\/v2\/pages\/16057","targetHints":{"allow":["GET"]}}],"collection":[{"href":"https:\/\/orbitbuilder.master-sport.de\/it\/wp-json\/wp\/v2\/pages"}],"about":[{"href":"https:\/\/orbitbuilder.master-sport.de\/it\/wp-json\/wp\/v2\/types\/page"}],"author":[{"embeddable":true,"href":"https:\/\/orbitbuilder.master-sport.de\/it\/wp-json\/wp\/v2\/users\/1"}],"replies":[{"embeddable":true,"href":"https:\/\/orbitbuilder.master-sport.de\/it\/wp-json\/wp\/v2\/comments?post=16057"}],"version-history":[{"count":1,"href":"https:\/\/orbitbuilder.master-sport.de\/it\/wp-json\/wp\/v2\/pages\/16057\/revisions"}],"predecessor-version":[{"id":16058,"href":"https:\/\/orbitbuilder.master-sport.de\/it\/wp-json\/wp\/v2\/pages\/16057\/revisions\/16058"}],"wp:attachment":[{"href":"https:\/\/orbitbuilder.master-sport.de\/it\/wp-json\/wp\/v2\/media?parent=16057"}],"curies":[{"name":"wp","href":"https:\/\/api.w.org\/{rel}","templated":true}]}}