{"id":16021,"date":"2024-08-28T14:59:22","date_gmt":"2024-08-28T14:59:22","guid":{"rendered":"https:\/\/orbitbuilder.master-sport.de\/kit-freno\/"},"modified":"2024-09-02T08:42:18","modified_gmt":"2024-09-02T08:42:18","slug":"kit-freno","status":"publish","type":"page","link":"https:\/\/orbitbuilder.master-sport.de\/it\/kit-freno\/","title":{"rendered":"Kit freno"},"content":{"rendered":"\t\t<div data-elementor-type=\"wp-page\" data-elementor-id=\"16021\" class=\"elementor elementor-16021 elementor-2618\" data-elementor-post-type=\"page\">\n\t\t\t\t\t\t<section class=\"elementor-section elementor-top-section elementor-element elementor-element-2d4f7933 elementor-section-height-min-height elementor-section-boxed elementor-section-height-default elementor-section-items-middle wpr-particle-no wpr-jarallax-no wpr-parallax-no wpr-sticky-section-no\" data-id=\"2d4f7933\" data-element_type=\"section\" data-settings=\"{&quot;background_background&quot;:&quot;classic&quot;,&quot;shape_divider_bottom&quot;:&quot;tilt&quot;}\">\n\t\t\t\t\t\t\t<div class=\"elementor-background-overlay\"><\/div>\n\t\t\t\t\t\t<div class=\"elementor-shape elementor-shape-bottom\" data-negative=\"false\">\n\t\t\t<svg xmlns=\"http:\/\/www.w3.org\/2000\/svg\" viewBox=\"0 0 1000 100\" preserveAspectRatio=\"none\">\n\t<path class=\"elementor-shape-fill\" d=\"M0,6V0h1000v100L0,6z\"\/>\n<\/svg>\t\t<\/div>\n\t\t\t\t\t<div class=\"elementor-container elementor-column-gap-default\">\n\t\t\t\t\t<div class=\"elementor-column elementor-col-100 elementor-top-column elementor-element elementor-element-42d9a1b0\" data-id=\"42d9a1b0\" data-element_type=\"column\">\n\t\t\t<div class=\"elementor-widget-wrap elementor-element-populated\">\n\t\t\t\t\t\t<div class=\"elementor-element elementor-element-3bd4e60d elementor-widget elementor-widget-heading\" data-id=\"3bd4e60d\" data-element_type=\"widget\" data-widget_type=\"heading.default\">\n\t\t\t\t<div class=\"elementor-widget-container\">\n\t\t\t<style>\/*! elementor - v3.23.0 - 05-08-2024 *\/\n.elementor-heading-title{padding:0;margin:0;line-height:1}.elementor-widget-heading .elementor-heading-title[class*=elementor-size-]>a{color:inherit;font-size:inherit;line-height:inherit}.elementor-widget-heading .elementor-heading-title.elementor-size-small{font-size:15px}.elementor-widget-heading .elementor-heading-title.elementor-size-medium{font-size:19px}.elementor-widget-heading .elementor-heading-title.elementor-size-large{font-size:29px}.elementor-widget-heading .elementor-heading-title.elementor-size-xl{font-size:39px}.elementor-widget-heading .elementor-heading-title.elementor-size-xxl{font-size:59px}<\/style><h2 class=\"elementor-heading-title elementor-size-default\">Kit per freni a disco<\/h2>\t\t<\/div>\n\t\t\t\t<\/div>\n\t\t\t\t\t<\/div>\n\t\t<\/div>\n\t\t\t\t\t<\/div>\n\t\t<\/section>\n\t\t<div class=\"elementor-element elementor-element-18746823 e-con-full e-flex wpr-particle-no wpr-jarallax-no wpr-parallax-no wpr-sticky-section-no e-con e-parent\" data-id=\"18746823\" data-element_type=\"container\">\n\t\t<div class=\"elementor-element elementor-element-69a8326 e-con-full e-flex wpr-particle-no wpr-jarallax-no wpr-parallax-no wpr-sticky-section-no e-con e-child\" data-id=\"69a8326\" data-element_type=\"container\">\n\t\t\t\t<div class=\"elementor-element elementor-element-58737415 elementor-vertical-align-bottom elementor-vertical-align-top elementor-widget elementor-widget-icon-box\" data-id=\"58737415\" data-element_type=\"widget\" data-widget_type=\"icon-box.default\">\n\t\t\t\t<div class=\"elementor-widget-container\">\n\t\t\t<link rel=\"stylesheet\" href=\"https:\/\/orbitbuilder.master-sport.de\/wp-content\/uploads\/elementor\/css\/custom-widget-icon-box.min.css?ver=1776142559\">\t\t<div class=\"elementor-icon-box-wrapper\">\n\n\t\t\t\n\t\t\t\t\t\t<div class=\"elementor-icon-box-content\">\n\n\t\t\t\t\n\t\t\t\t\t\t\t\t\t<p class=\"elementor-icon-box-description\">\n\t\t\t\t\t\tKit freno \t\t\t\t\t<\/p>\n\t\t\t\t\n\t\t\t<\/div>\n\t\t\t\n\t\t<\/div>\n\t\t\t\t<\/div>\n\t\t\t\t<\/div>\n\t\t\t\t<div class=\"elementor-element elementor-element-4b9b477f elementor-icon-list--layout-traditional elementor-list-item-link-full_width elementor-widget elementor-widget-icon-list\" data-id=\"4b9b477f\" data-element_type=\"widget\" data-widget_type=\"icon-list.default\">\n\t\t\t\t<div class=\"elementor-widget-container\">\n\t\t\t<link rel=\"stylesheet\" href=\"https:\/\/orbitbuilder.master-sport.de\/wp-content\/uploads\/elementor\/css\/custom-widget-icon-list.min.css?ver=1776142616\">\t\t<ul class=\"elementor-icon-list-items\">\n\t\t\t\t\t\t\t<li class=\"elementor-icon-list-item\">\n\t\t\t\t\t\t\t\t\t\t\t<a href=\"https:\/\/orbitbuilder.master-sport.de\/zestawy-hamulcow\/\">\n\n\t\t\t\t\t\t\t\t\t\t\t\t<span class=\"elementor-icon-list-icon\">\n\t\t\t\t\t\t\t<svg aria-hidden=\"true\" class=\"e-font-icon-svg e-fas-arrow-circle-right\" viewBox=\"0 0 512 512\" xmlns=\"http:\/\/www.w3.org\/2000\/svg\"><path d=\"M256 8c137 0 248 111 248 248S393 504 256 504 8 393 8 256 119 8 256 8zm-28.9 143.6l75.5 72.4H120c-13.3 0-24 10.7-24 24v16c0 13.3 10.7 24 24 24h182.6l-75.5 72.4c-9.7 9.3-9.9 24.8-.4 34.3l11 10.9c9.4 9.4 24.6 9.4 33.9 0L404.3 273c9.4-9.4 9.4-24.6 0-33.9L271.6 106.3c-9.4-9.4-24.6-9.4-33.9 0l-11 10.9c-9.5 9.6-9.3 25.1.4 34.4z\"><\/path><\/svg>\t\t\t\t\t\t<\/span>\n\t\t\t\t\t\t\t\t\t\t<span class=\"elementor-icon-list-text\">Kit freno<\/span>\n\t\t\t\t\t\t\t\t\t\t\t<\/a>\n\t\t\t\t\t\t\t\t\t<\/li>\n\t\t\t\t\t\t\t\t<li class=\"elementor-icon-list-item\">\n\t\t\t\t\t\t\t\t\t\t\t<a href=\"https:\/\/orbitbuilder.master-sport.de\/tarcze-hamulcowe\/\">\n\n\t\t\t\t\t\t\t\t\t\t\t\t<span class=\"elementor-icon-list-icon\">\n\t\t\t\t\t\t\t<svg aria-hidden=\"true\" class=\"e-font-icon-svg e-fas-arrow-circle-right\" viewBox=\"0 0 512 512\" xmlns=\"http:\/\/www.w3.org\/2000\/svg\"><path d=\"M256 8c137 0 248 111 248 248S393 504 256 504 8 393 8 256 119 8 256 8zm-28.9 143.6l75.5 72.4H120c-13.3 0-24 10.7-24 24v16c0 13.3 10.7 24 24 24h182.6l-75.5 72.4c-9.7 9.3-9.9 24.8-.4 34.3l11 10.9c9.4 9.4 24.6 9.4 33.9 0L404.3 273c9.4-9.4 9.4-24.6 0-33.9L271.6 106.3c-9.4-9.4-24.6-9.4-33.9 0l-11 10.9c-9.5 9.6-9.3 25.1.4 34.4z\"><\/path><\/svg>\t\t\t\t\t\t<\/span>\n\t\t\t\t\t\t\t\t\t\t<span class=\"elementor-icon-list-text\">dischi freno<\/span>\n\t\t\t\t\t\t\t\t\t\t\t<\/a>\n\t\t\t\t\t\t\t\t\t<\/li>\n\t\t\t\t\t\t\t\t<li class=\"elementor-icon-list-item\">\n\t\t\t\t\t\t\t\t\t\t\t<a href=\"https:\/\/orbitbuilder.master-sport.de\/it\/pastiglie-dei-freni\/\">\n\n\t\t\t\t\t\t\t\t\t\t\t\t<span class=\"elementor-icon-list-icon\">\n\t\t\t\t\t\t\t<svg aria-hidden=\"true\" class=\"e-font-icon-svg e-fas-arrow-circle-right\" viewBox=\"0 0 512 512\" xmlns=\"http:\/\/www.w3.org\/2000\/svg\"><path d=\"M256 8c137 0 248 111 248 248S393 504 256 504 8 393 8 256 119 8 256 8zm-28.9 143.6l75.5 72.4H120c-13.3 0-24 10.7-24 24v16c0 13.3 10.7 24 24 24h182.6l-75.5 72.4c-9.7 9.3-9.9 24.8-.4 34.3l11 10.9c9.4 9.4 24.6 9.4 33.9 0L404.3 273c9.4-9.4 9.4-24.6 0-33.9L271.6 106.3c-9.4-9.4-24.6-9.4-33.9 0l-11 10.9c-9.5 9.6-9.3 25.1.4 34.4z\"><\/path><\/svg>\t\t\t\t\t\t<\/span>\n\t\t\t\t\t\t\t\t\t\t<span class=\"elementor-icon-list-text\">pastiglie dei freni<\/span>\n\t\t\t\t\t\t\t\t\t\t\t<\/a>\n\t\t\t\t\t\t\t\t\t<\/li>\n\t\t\t\t\t\t\t\t<li class=\"elementor-icon-list-item\">\n\t\t\t\t\t\t\t\t\t\t\t<a href=\"https:\/\/orbitbuilder.master-sport.de\/it\/tamburi-dei-freni\/\">\n\n\t\t\t\t\t\t\t\t\t\t\t\t<span class=\"elementor-icon-list-icon\">\n\t\t\t\t\t\t\t<svg aria-hidden=\"true\" class=\"e-font-icon-svg e-fas-arrow-circle-right\" viewBox=\"0 0 512 512\" xmlns=\"http:\/\/www.w3.org\/2000\/svg\"><path d=\"M256 8c137 0 248 111 248 248S393 504 256 504 8 393 8 256 119 8 256 8zm-28.9 143.6l75.5 72.4H120c-13.3 0-24 10.7-24 24v16c0 13.3 10.7 24 24 24h182.6l-75.5 72.4c-9.7 9.3-9.9 24.8-.4 34.3l11 10.9c9.4 9.4 24.6 9.4 33.9 0L404.3 273c9.4-9.4 9.4-24.6 0-33.9L271.6 106.3c-9.4-9.4-24.6-9.4-33.9 0l-11 10.9c-9.5 9.6-9.3 25.1.4 34.4z\"><\/path><\/svg>\t\t\t\t\t\t<\/span>\n\t\t\t\t\t\t\t\t\t\t<span class=\"elementor-icon-list-text\">tamburi per freni<\/span>\n\t\t\t\t\t\t\t\t\t\t\t<\/a>\n\t\t\t\t\t\t\t\t\t<\/li>\n\t\t\t\t\t\t\t\t<li class=\"elementor-icon-list-item\">\n\t\t\t\t\t\t\t\t\t\t\t<a href=\"https:\/\/orbitbuilder.master-sport.de\/szczeki-hamulcowe\/\">\n\n\t\t\t\t\t\t\t\t\t\t\t\t<span class=\"elementor-icon-list-icon\">\n\t\t\t\t\t\t\t<svg aria-hidden=\"true\" class=\"e-font-icon-svg e-fas-arrow-circle-right\" viewBox=\"0 0 512 512\" xmlns=\"http:\/\/www.w3.org\/2000\/svg\"><path d=\"M256 8c137 0 248 111 248 248S393 504 256 504 8 393 8 256 119 8 256 8zm-28.9 143.6l75.5 72.4H120c-13.3 0-24 10.7-24 24v16c0 13.3 10.7 24 24 24h182.6l-75.5 72.4c-9.7 9.3-9.9 24.8-.4 34.3l11 10.9c9.4 9.4 24.6 9.4 33.9 0L404.3 273c9.4-9.4 9.4-24.6 0-33.9L271.6 106.3c-9.4-9.4-24.6-9.4-33.9 0l-11 10.9c-9.5 9.6-9.3 25.1.4 34.4z\"><\/path><\/svg>\t\t\t\t\t\t<\/span>\n\t\t\t\t\t\t\t\t\t\t<span class=\"elementor-icon-list-text\">ganasce per freni<\/span>\n\t\t\t\t\t\t\t\t\t\t\t<\/a>\n\t\t\t\t\t\t\t\t\t<\/li>\n\t\t\t\t\t\t<\/ul>\n\t\t\t\t<\/div>\n\t\t\t\t<\/div>\n\t\t\t\t<\/div>\n\t\t<div class=\"elementor-element elementor-element-6da9c2b4 e-con-full e-flex wpr-particle-no wpr-jarallax-no wpr-parallax-no wpr-sticky-section-no e-con e-child\" data-id=\"6da9c2b4\" data-element_type=\"container\">\n\t\t\t\t<div class=\"elementor-element elementor-element-121a045a elementor-widget elementor-widget-text-editor\" data-id=\"121a045a\" data-element_type=\"widget\" data-widget_type=\"text-editor.default\">\n\t\t\t\t<div class=\"elementor-widget-container\">\n\t\t\t<style>\/*! elementor - v3.23.0 - 05-08-2024 *\/\n.elementor-widget-text-editor.elementor-drop-cap-view-stacked .elementor-drop-cap{background-color:#69727d;color:#fff}.elementor-widget-text-editor.elementor-drop-cap-view-framed .elementor-drop-cap{color:#69727d;border:3px solid;background-color:transparent}.elementor-widget-text-editor:not(.elementor-drop-cap-view-default) .elementor-drop-cap{margin-top:8px}.elementor-widget-text-editor:not(.elementor-drop-cap-view-default) .elementor-drop-cap-letter{width:1em;height:1em}.elementor-widget-text-editor .elementor-drop-cap{float:left;text-align:center;line-height:1;font-size:50px}.elementor-widget-text-editor .elementor-drop-cap-letter{display:inline-block}<\/style>\t\t\t\t<p><strong>Sicurezza e prestazioni ai massimi livelli &#8211; Set di dischi e pastiglie freno<\/strong><\/p>\n<p>La vostra sicurezza sulla strada \u00e8 una priorit\u00e0! Ecco perch\u00e9 abbiamo creato kit di dischi e pastiglie per freni che non solo offrono una qualit\u00e0 eccellente, ma anche affidabilit\u00e0 e prestazioni su cui potete contare. <\/p>\n<h3 id=\"h-dlaczego-warto-wybrac-nasze-zestawy-tarcz-i-klockow-hamulcowych\" class=\"wp-block-heading\">Perch\u00e9 scegliere i nostri set di dischi e pastiglie freno?<\/h3>\n<h4 id=\"h-1-niezrownana-jakosc-materialow\" class=\"wp-block-heading\">1. <strong>Qualit\u00e0 impareggiabile dei materiali<\/strong><\/h4>\n<p>I nostri dischi e pastiglie per freni sono realizzati con materiali di altissima qualit\u00e0, che garantiscono una lunga durata e prestazioni affidabili in tutte le condizioni. In questo modo, avrete la certezza che i vostri freni funzioneranno in modo efficiente per molto tempo. <\/p>\n<h4 id=\"h-2-optymalna-wydajnosc-hamowania\" class=\"wp-block-heading\">2. <strong>Prestazioni di frenata ottimali<\/strong><\/h4>\n<p>Ogni kit \u00e8 stato accuratamente progettato per fornire la massima potenza di arresto e il minimo tempo di reazione. Ci\u00f2 significa che la vostra auto si fermer\u00e0 esattamente quando ne avrete bisogno, aumentando la vostra sicurezza e la fiducia al volante. <\/p>\n<h4 id=\"h-3-cicha-i-komfortowa-jazda\" class=\"wp-block-heading\">3. <strong>Guida silenziosa e confortevole<\/strong><\/h4>\n<p>Le nostre pastiglie freno sono progettate per ridurre il rumore e le vibrazioni, garantendo una frenata fluida e silenziosa. Questo rende i vostri viaggi pi\u00f9 confortevoli, indipendentemente dalla lunghezza del tragitto. <\/p>\n<h4 id=\"h-4-prosta-instalacja\" class=\"wp-block-heading\">4. <strong>Installazione semplice<\/strong><\/h4>\n<p>I kit sono compatibili con un&#8217;ampia gamma di modelli di auto e l&#8217;installazione \u00e8 facile e veloce. Ci\u00f2 significa meno tempo trascorso in officina e pi\u00f9 tempo sulla strada per una guida sicura. <\/p>\n<h4 id=\"h-5-ekonomiczne-rozwiazanie\" class=\"wp-block-heading\">5. <strong>Op\u0142acalne rozwi\u0105zanie<\/strong><\/h4>\n<p>Investendo nei nostri kit, risparmiate sui costi di gestione a lungo termine. Grazie alla loro durata e alle loro prestazioni, riducete la frequenza di sostituzione dei componenti, il che si traduce in una riduzione dei costi di manutenzione del veicolo. <\/p>\n<h4 id=\"h-6-zaawansowana-technologia\" class=\"wp-block-heading\">6. <strong>Zaawansowana technologia<\/strong><\/h4>\n<p>Utilizziamo le pi\u00f9 recenti tecnologie e innovazioni produttive per rendere i nostri dischi e pastiglie freno ancora pi\u00f9 efficaci e affidabili. In questo modo vi garantiamo un prodotto del 21\u00b0 secolo. <\/p>\n<h3 id=\"h-zaufaj-ekspertom\" class=\"wp-block-heading\">Fidatevi degli esperti<\/h3>\n<p>I nostri prodotti godono della fiducia di migliaia di automobilisti che apprezzano l&#8217;affidabilit\u00e0 e le prestazioni offerte dai nostri kit. Unitevi a loro e scoprite quanto potete guadagnare scegliendo il nostro marchio. <\/p>\n<h3 id=\"h-podsumowanie\" class=\"wp-block-heading\">Sintesi<\/h3>\n<p>Non rischiate la sicurezza vostra e dei vostri cari. Scegliete i kit di dischi e pastiglie per freni che offrono la massima qualit\u00e0, prestazioni e comfort. Ordinate oggi stesso e provate la differenza di guidare con la certezza che i vostri freni sono nelle mani migliori.  <\/p>\n<p><strong>Set di dischi e pastiglie freno: la vostra garanzia per una guida sicura e confortevole!<\/strong><\/p>\n\t\t\t\t\t\t<\/div>\n\t\t\t\t<\/div>\n\t\t\t\t<\/div>\n\t\t\t\t<\/div>\n\t\t\t\t<\/div>\n\t\t","protected":false},"excerpt":{"rendered":"<p>Kit per freni a disco Kit freno Kit freno dischi freno pastiglie dei freni tamburi per freni ganasce per freni Sicurezza e prestazioni ai massimi livelli &#8211; Set di dischi e pastiglie freno La vostra sicurezza sulla strada \u00e8 una priorit\u00e0! Ecco perch\u00e9 abbiamo creato kit di dischi e pastiglie per freni che non solo offrono una qualit\u00e0 eccellente, ma anche affidabilit\u00e0 e prestazioni su cui potete contare. Perch\u00e9 scegliere i nostri set di dischi e pastiglie freno? 1. Qualit\u00e0 impareggiabile dei materiali I nostri dischi e pastiglie per freni sono realizzati con materiali di altissima qualit\u00e0, che garantiscono una lunga durata e prestazioni affidabili in tutte le condizioni. In questo modo, avrete la certezza che i vostri freni funzioneranno in modo efficiente per molto tempo. 2. Prestazioni di frenata ottimali Ogni kit \u00e8 stato accuratamente progettato per fornire la massima potenza di arresto e il minimo tempo di reazione. Ci\u00f2 significa che la vostra auto si fermer\u00e0 esattamente quando ne avrete bisogno, aumentando la vostra sicurezza e la fiducia al volante. 3. Guida silenziosa e confortevole Le nostre pastiglie freno sono progettate per ridurre il rumore e le vibrazioni, garantendo una frenata fluida e silenziosa. Questo rende i vostri viaggi pi\u00f9 confortevoli, indipendentemente dalla lunghezza del tragitto. 4. Installazione semplice I kit sono compatibili con un&#8217;ampia gamma di modelli di auto e l&#8217;installazione \u00e8 facile e veloce. Ci\u00f2 significa meno tempo trascorso in officina e pi\u00f9 tempo sulla strada per una guida sicura. 5. Op\u0142acalne rozwi\u0105zanie Investendo nei nostri kit, risparmiate sui costi di gestione a lungo termine. Grazie alla loro durata e alle loro prestazioni, riducete la frequenza di sostituzione dei componenti, il che si traduce in una riduzione dei costi di manutenzione del veicolo. 6. Zaawansowana technologia Utilizziamo le pi\u00f9 recenti tecnologie e innovazioni produttive per rendere i nostri dischi e pastiglie freno ancora pi\u00f9 efficaci e affidabili. In questo modo vi garantiamo un prodotto del 21\u00b0 secolo. Fidatevi degli esperti I nostri prodotti godono della fiducia di migliaia di automobilisti che apprezzano l&#8217;affidabilit\u00e0 e le prestazioni offerte dai nostri kit. Unitevi a loro e scoprite quanto potete guadagnare scegliendo il nostro marchio. Sintesi Non rischiate la sicurezza vostra e dei vostri cari. Scegliete i kit di dischi e pastiglie per freni che offrono la massima qualit\u00e0, prestazioni e comfort. Ordinate oggi stesso e provate la differenza di guidare con la certezza che i vostri freni sono nelle mani migliori. Set di dischi e pastiglie freno: la vostra garanzia per una guida sicura e confortevole!<\/p>\n","protected":false},"author":1,"featured_media":0,"parent":0,"menu_order":0,"comment_status":"closed","ping_status":"closed","template":"","meta":{"inline_featured_image":false,"footnotes":""},"class_list":["post-16021","page","type-page","status-publish","hentry"],"yoast_head":"<!-- This site is optimized with the Yoast SEO plugin v23.3 - https:\/\/yoast.com\/wordpress\/plugins\/seo\/ -->\n<title>Kit freno - MasterSport<\/title>\n<meta name=\"description\" content=\"Master-Sport: Producent wysokiej jako\u015bci cz\u0119\u015bci samochodowych i rozwi\u0105za\u0144 motoryzacyjnych. Sprawd\u017a nasz\u0105 ofert\u0119 produkt\u00f3w OEM oraz akcesori\u00f3w dla r\u00f3\u017cnych marek i modeli aut. Jako\u015b\u0107 i niezawodno\u015b\u0107 gwarantowane!\" \/>\n<meta name=\"robots\" content=\"index, follow, max-snippet:-1, max-image-preview:large, max-video-preview:-1\" \/>\n<link rel=\"canonical\" href=\"https:\/\/orbitbuilder.master-sport.de\/it\/kit-freno\/\" \/>\n<meta property=\"og:locale\" content=\"it_IT\" \/>\n<meta property=\"og:type\" content=\"article\" \/>\n<meta property=\"og:title\" content=\"Kit freno - MasterSport\" \/>\n<meta property=\"og:description\" content=\"Master-Sport: Producent wysokiej jako\u015bci cz\u0119\u015bci samochodowych i rozwi\u0105za\u0144 motoryzacyjnych. Sprawd\u017a nasz\u0105 ofert\u0119 produkt\u00f3w OEM oraz akcesori\u00f3w dla r\u00f3\u017cnych marek i modeli aut. Jako\u015b\u0107 i niezawodno\u015b\u0107 gwarantowane!\" \/>\n<meta property=\"og:url\" content=\"https:\/\/orbitbuilder.master-sport.de\/it\/kit-freno\/\" \/>\n<meta property=\"og:site_name\" content=\"MasterSport\" \/>\n<meta property=\"article:modified_time\" content=\"2024-09-02T08:42:18+00:00\" \/>\n<meta property=\"og:image\" content=\"https:\/\/orbitbuilder.master-sport.de\/wp-content\/uploads\/2024\/08\/LOGO-2.jpg\" \/>\n\t<meta property=\"og:image:width\" content=\"300\" \/>\n\t<meta property=\"og:image:height\" content=\"300\" \/>\n\t<meta property=\"og:image:type\" content=\"image\/jpeg\" \/>\n<meta name=\"twitter:card\" content=\"summary_large_image\" \/>\n<meta name=\"twitter:label1\" content=\"Tempo di lettura stimato\" \/>\n\t<meta name=\"twitter:data1\" content=\"3 minuti\" \/>\n<script type=\"application\/ld+json\" class=\"yoast-schema-graph\">{\"@context\":\"https:\/\/schema.org\",\"@graph\":[{\"@type\":\"WebPage\",\"@id\":\"https:\/\/orbitbuilder.master-sport.de\/it\/kit-freno\/\",\"url\":\"https:\/\/orbitbuilder.master-sport.de\/it\/kit-freno\/\",\"name\":\"Kit freno - MasterSport\",\"isPartOf\":{\"@id\":\"https:\/\/orbitbuilder.master-sport.de\/it\/#website\"},\"datePublished\":\"2024-08-28T14:59:22+00:00\",\"dateModified\":\"2024-09-02T08:42:18+00:00\",\"description\":\"Master-Sport: Producent wysokiej jako\u015bci cz\u0119\u015bci samochodowych i rozwi\u0105za\u0144 motoryzacyjnych. Sprawd\u017a nasz\u0105 ofert\u0119 produkt\u00f3w OEM oraz akcesori\u00f3w dla r\u00f3\u017cnych marek i modeli aut. Jako\u015b\u0107 i niezawodno\u015b\u0107 gwarantowane!\",\"breadcrumb\":{\"@id\":\"https:\/\/orbitbuilder.master-sport.de\/it\/kit-freno\/#breadcrumb\"},\"inLanguage\":\"it-IT\",\"potentialAction\":[{\"@type\":\"ReadAction\",\"target\":[\"https:\/\/orbitbuilder.master-sport.de\/it\/kit-freno\/\"]}]},{\"@type\":\"BreadcrumbList\",\"@id\":\"https:\/\/orbitbuilder.master-sport.de\/it\/kit-freno\/#breadcrumb\",\"itemListElement\":[{\"@type\":\"ListItem\",\"position\":1,\"name\":\"Strona g\u0142\u00f3wna\",\"item\":\"https:\/\/orbitbuilder.master-sport.de\/it\/\"},{\"@type\":\"ListItem\",\"position\":2,\"name\":\"Kit freno\"}]},{\"@type\":\"WebSite\",\"@id\":\"https:\/\/orbitbuilder.master-sport.de\/it\/#website\",\"url\":\"https:\/\/orbitbuilder.master-sport.de\/it\/\",\"name\":\"MasterSport\",\"description\":\"\",\"publisher\":{\"@id\":\"https:\/\/orbitbuilder.master-sport.de\/it\/#organization\"},\"potentialAction\":[{\"@type\":\"SearchAction\",\"target\":{\"@type\":\"EntryPoint\",\"urlTemplate\":\"https:\/\/orbitbuilder.master-sport.de\/it\/?s={search_term_string}\"},\"query-input\":\"required name=search_term_string\"}],\"inLanguage\":\"it-IT\"},{\"@type\":\"Organization\",\"@id\":\"https:\/\/orbitbuilder.master-sport.de\/it\/#organization\",\"name\":\"MasterSport\",\"url\":\"https:\/\/orbitbuilder.master-sport.de\/it\/\",\"logo\":{\"@type\":\"ImageObject\",\"inLanguage\":\"it-IT\",\"@id\":\"https:\/\/orbitbuilder.master-sport.de\/it\/#\/schema\/logo\/image\/\",\"url\":\"https:\/\/orbitbuilder.master-sport.de\/wp-content\/uploads\/2024\/08\/logo-6.png\",\"contentUrl\":\"https:\/\/orbitbuilder.master-sport.de\/wp-content\/uploads\/2024\/08\/logo-6.png\",\"width\":2362,\"height\":2362,\"caption\":\"MasterSport\"},\"image\":{\"@id\":\"https:\/\/orbitbuilder.master-sport.de\/it\/#\/schema\/logo\/image\/\"}}]}<\/script>\n<!-- \/ Yoast SEO plugin. -->","yoast_head_json":{"title":"Kit freno - MasterSport","description":"Master-Sport: Producent wysokiej jako\u015bci cz\u0119\u015bci samochodowych i rozwi\u0105za\u0144 motoryzacyjnych. Sprawd\u017a nasz\u0105 ofert\u0119 produkt\u00f3w OEM oraz akcesori\u00f3w dla r\u00f3\u017cnych marek i modeli aut. Jako\u015b\u0107 i niezawodno\u015b\u0107 gwarantowane!","robots":{"index":"index","follow":"follow","max-snippet":"max-snippet:-1","max-image-preview":"max-image-preview:large","max-video-preview":"max-video-preview:-1"},"canonical":"https:\/\/orbitbuilder.master-sport.de\/it\/kit-freno\/","og_locale":"it_IT","og_type":"article","og_title":"Kit freno - MasterSport","og_description":"Master-Sport: Producent wysokiej jako\u015bci cz\u0119\u015bci samochodowych i rozwi\u0105za\u0144 motoryzacyjnych. Sprawd\u017a nasz\u0105 ofert\u0119 produkt\u00f3w OEM oraz akcesori\u00f3w dla r\u00f3\u017cnych marek i modeli aut. Jako\u015b\u0107 i niezawodno\u015b\u0107 gwarantowane!","og_url":"https:\/\/orbitbuilder.master-sport.de\/it\/kit-freno\/","og_site_name":"MasterSport","article_modified_time":"2024-09-02T08:42:18+00:00","og_image":[{"width":300,"height":300,"url":"https:\/\/orbitbuilder.master-sport.de\/wp-content\/uploads\/2024\/08\/LOGO-2.jpg","type":"image\/jpeg"}],"twitter_card":"summary_large_image","twitter_misc":{"Tempo di lettura stimato":"3 minuti"},"schema":{"@context":"https:\/\/schema.org","@graph":[{"@type":"WebPage","@id":"https:\/\/orbitbuilder.master-sport.de\/it\/kit-freno\/","url":"https:\/\/orbitbuilder.master-sport.de\/it\/kit-freno\/","name":"Kit freno - MasterSport","isPartOf":{"@id":"https:\/\/orbitbuilder.master-sport.de\/it\/#website"},"datePublished":"2024-08-28T14:59:22+00:00","dateModified":"2024-09-02T08:42:18+00:00","description":"Master-Sport: Producent wysokiej jako\u015bci cz\u0119\u015bci samochodowych i rozwi\u0105za\u0144 motoryzacyjnych. Sprawd\u017a nasz\u0105 ofert\u0119 produkt\u00f3w OEM oraz akcesori\u00f3w dla r\u00f3\u017cnych marek i modeli aut. Jako\u015b\u0107 i niezawodno\u015b\u0107 gwarantowane!","breadcrumb":{"@id":"https:\/\/orbitbuilder.master-sport.de\/it\/kit-freno\/#breadcrumb"},"inLanguage":"it-IT","potentialAction":[{"@type":"ReadAction","target":["https:\/\/orbitbuilder.master-sport.de\/it\/kit-freno\/"]}]},{"@type":"BreadcrumbList","@id":"https:\/\/orbitbuilder.master-sport.de\/it\/kit-freno\/#breadcrumb","itemListElement":[{"@type":"ListItem","position":1,"name":"Strona g\u0142\u00f3wna","item":"https:\/\/orbitbuilder.master-sport.de\/it\/"},{"@type":"ListItem","position":2,"name":"Kit freno"}]},{"@type":"WebSite","@id":"https:\/\/orbitbuilder.master-sport.de\/it\/#website","url":"https:\/\/orbitbuilder.master-sport.de\/it\/","name":"MasterSport","description":"","publisher":{"@id":"https:\/\/orbitbuilder.master-sport.de\/it\/#organization"},"potentialAction":[{"@type":"SearchAction","target":{"@type":"EntryPoint","urlTemplate":"https:\/\/orbitbuilder.master-sport.de\/it\/?s={search_term_string}"},"query-input":"required name=search_term_string"}],"inLanguage":"it-IT"},{"@type":"Organization","@id":"https:\/\/orbitbuilder.master-sport.de\/it\/#organization","name":"MasterSport","url":"https:\/\/orbitbuilder.master-sport.de\/it\/","logo":{"@type":"ImageObject","inLanguage":"it-IT","@id":"https:\/\/orbitbuilder.master-sport.de\/it\/#\/schema\/logo\/image\/","url":"https:\/\/orbitbuilder.master-sport.de\/wp-content\/uploads\/2024\/08\/logo-6.png","contentUrl":"https:\/\/orbitbuilder.master-sport.de\/wp-content\/uploads\/2024\/08\/logo-6.png","width":2362,"height":2362,"caption":"MasterSport"},"image":{"@id":"https:\/\/orbitbuilder.master-sport.de\/it\/#\/schema\/logo\/image\/"}}]}},"_links":{"self":[{"href":"https:\/\/orbitbuilder.master-sport.de\/it\/wp-json\/wp\/v2\/pages\/16021","targetHints":{"allow":["GET"]}}],"collection":[{"href":"https:\/\/orbitbuilder.master-sport.de\/it\/wp-json\/wp\/v2\/pages"}],"about":[{"href":"https:\/\/orbitbuilder.master-sport.de\/it\/wp-json\/wp\/v2\/types\/page"}],"author":[{"embeddable":true,"href":"https:\/\/orbitbuilder.master-sport.de\/it\/wp-json\/wp\/v2\/users\/1"}],"replies":[{"embeddable":true,"href":"https:\/\/orbitbuilder.master-sport.de\/it\/wp-json\/wp\/v2\/comments?post=16021"}],"version-history":[{"count":5,"href":"https:\/\/orbitbuilder.master-sport.de\/it\/wp-json\/wp\/v2\/pages\/16021\/revisions"}],"predecessor-version":[{"id":16026,"href":"https:\/\/orbitbuilder.master-sport.de\/it\/wp-json\/wp\/v2\/pages\/16021\/revisions\/16026"}],"wp:attachment":[{"href":"https:\/\/orbitbuilder.master-sport.de\/it\/wp-json\/wp\/v2\/media?parent=16021"}],"curies":[{"name":"wp","href":"https:\/\/api.w.org\/{rel}","templated":true}]}}