{"id":15856,"date":"2024-08-27T08:55:26","date_gmt":"2024-08-27T08:55:26","guid":{"rendered":"https:\/\/orbitbuilder.master-sport.de\/distributor-zone\/"},"modified":"2024-09-02T05:11:48","modified_gmt":"2024-09-02T05:11:48","slug":"distributor-zone","status":"publish","type":"page","link":"https:\/\/orbitbuilder.master-sport.de\/en\/distributor-zone\/","title":{"rendered":"Distributor Zone"},"content":{"rendered":"\t\t<div data-elementor-type=\"wp-page\" data-elementor-id=\"15856\" class=\"elementor elementor-15856 elementor-120\" data-elementor-post-type=\"page\">\n\t\t\t\t\t\t<section class=\"elementor-section elementor-top-section elementor-element elementor-element-37661c38 elementor-section-height-min-height elementor-section-boxed elementor-section-height-default elementor-section-items-middle wpr-particle-no wpr-jarallax-no wpr-parallax-no wpr-sticky-section-no\" data-id=\"37661c38\" data-element_type=\"section\" data-settings=\"{&quot;background_background&quot;:&quot;classic&quot;,&quot;shape_divider_bottom&quot;:&quot;tilt&quot;}\">\n\t\t\t\t\t\t\t<div class=\"elementor-background-overlay\"><\/div>\n\t\t\t\t\t\t<div class=\"elementor-shape elementor-shape-bottom\" data-negative=\"false\">\n\t\t\t<svg xmlns=\"http:\/\/www.w3.org\/2000\/svg\" viewBox=\"0 0 1000 100\" preserveAspectRatio=\"none\">\n\t<path class=\"elementor-shape-fill\" d=\"M0,6V0h1000v100L0,6z\"\/>\n<\/svg>\t\t<\/div>\n\t\t\t\t\t<div class=\"elementor-container elementor-column-gap-default\">\n\t\t\t\t\t<div class=\"elementor-column elementor-col-100 elementor-top-column elementor-element elementor-element-5a85ef37\" data-id=\"5a85ef37\" data-element_type=\"column\">\n\t\t\t<div class=\"elementor-widget-wrap elementor-element-populated\">\n\t\t\t\t\t\t<div class=\"elementor-element elementor-element-2c44aaa3 elementor-widget elementor-widget-heading\" data-id=\"2c44aaa3\" data-element_type=\"widget\" data-widget_type=\"heading.default\">\n\t\t\t\t<div class=\"elementor-widget-container\">\n\t\t\t<style>\/*! elementor - v3.23.0 - 05-08-2024 *\/\n.elementor-heading-title{padding:0;margin:0;line-height:1}.elementor-widget-heading .elementor-heading-title[class*=elementor-size-]>a{color:inherit;font-size:inherit;line-height:inherit}.elementor-widget-heading .elementor-heading-title.elementor-size-small{font-size:15px}.elementor-widget-heading .elementor-heading-title.elementor-size-medium{font-size:19px}.elementor-widget-heading .elementor-heading-title.elementor-size-large{font-size:29px}.elementor-widget-heading .elementor-heading-title.elementor-size-xl{font-size:39px}.elementor-widget-heading .elementor-heading-title.elementor-size-xxl{font-size:59px}<\/style><h1 class=\"elementor-heading-title elementor-size-default\">STREFA DYSTRYBUTORA<\/h1>\t\t<\/div>\n\t\t\t\t<\/div>\n\t\t\t\t\t<\/div>\n\t\t<\/div>\n\t\t\t\t\t<\/div>\n\t\t<\/section>\n\t\t<div class=\"elementor-element elementor-element-cec8ce7 e-con-full e-flex wpr-particle-no wpr-jarallax-no wpr-parallax-no wpr-sticky-section-no e-con e-parent\" data-id=\"cec8ce7\" data-element_type=\"container\">\n\t\t\t\t<div class=\"elementor-element elementor-element-fe7825e elementor-widget elementor-widget-text-editor\" data-id=\"fe7825e\" data-element_type=\"widget\" data-widget_type=\"text-editor.default\">\n\t\t\t\t<div class=\"elementor-widget-container\">\n\t\t\t<style>\/*! elementor - v3.23.0 - 05-08-2024 *\/\n.elementor-widget-text-editor.elementor-drop-cap-view-stacked .elementor-drop-cap{background-color:#69727d;color:#fff}.elementor-widget-text-editor.elementor-drop-cap-view-framed .elementor-drop-cap{color:#69727d;border:3px solid;background-color:transparent}.elementor-widget-text-editor:not(.elementor-drop-cap-view-default) .elementor-drop-cap{margin-top:8px}.elementor-widget-text-editor:not(.elementor-drop-cap-view-default) .elementor-drop-cap-letter{width:1em;height:1em}.elementor-widget-text-editor .elementor-drop-cap{float:left;text-align:center;line-height:1;font-size:50px}.elementor-widget-text-editor .elementor-drop-cap-letter{display:inline-block}<\/style>\t\t\t\t<p>Firma&nbsp;<strong>Master-Sport-Automobiltechnik (MS) GmbH<\/strong>&nbsp;incorporated&nbsp;<strong>MS EUROPEAN PRODUCTION-DISTRIBUTION AUTOMOTIVE GROUP<\/strong>&nbsp;is a recognized manufacturer of automotive parts. We offer more than 11,000 references in various commodity groups on a continuous basis. We have a network of customers in Europe and other continents. We produce under several commodity brands and supply products for private brands. We have our own patented solutions in accordance with European standards and all necessary certificates. We are present in      &nbsp;<strong>TecDoc<\/strong>&nbsp;and on the platform&nbsp;<strong>TecCom<\/strong>. We actively participate in all recognized trade fairs around the world. <\/p>\n<p>We offer our partners:<\/p>\n<p>&#8211; territorial exclusivity<\/p>\n<p>&#8211; marketing support<\/p>\n<p>&#8211; visualization materials &#8211; banners, flags<\/p>\n<p>&#8211; IT tools for direct communication \u2013&nbsp;<strong>B2B, Web Service<\/strong><\/p>\n<p>&#8211; partnership approach to business<\/p>\n<p>&#8211; additional bonuses<\/p>\n<p>&#8211; special prices on selected references<\/p>\n<p>&#8211; stocking on very attractive terms, also in the form of a commission<\/p>\n<p>&#8211; high level of achieved margins<\/p>\n<p>&#8211; wide base of substitutes<\/p>\n<p>&#8211; pictures \/ videos (YouTube) of the products<\/p>\n<p>&#8211; product training<\/p>\n<p>&#8211; OE quality (complaint rate of 0.2%)<\/p>\n<p>\u2013&nbsp;<strong>ISO 9001:2015<\/strong>&nbsp;issued by<strong>&nbsp;T\u00dcV S\u00dcD Management Service GmbH, Monachium<\/strong><\/p>\n<p>&#8211; trusted entity&nbsp;<strong>AEO<\/strong><\/p>\n<div class=\"wp-block-spacer\" aria-hidden=\"true\">&nbsp;<\/div>\n<p>B2B Platform &nbsp;<strong>www.master-sport.eu<\/strong><\/p>\t\t\t\t\t\t<\/div>\n\t\t\t\t<\/div>\n\t\t\t\t<\/div>\n\t\t\t\t<\/div>\n\t\t","protected":false},"excerpt":{"rendered":"<p>STREFA DYSTRYBUTORA Firma&nbsp;Master-Sport-Automobiltechnik (MS) GmbH&nbsp;incorporated&nbsp;MS EUROPEAN PRODUCTION-DISTRIBUTION AUTOMOTIVE GROUP&nbsp;is a recognized manufacturer of automotive parts. We offer more than 11,000 references in various commodity groups on a continuous basis. We have a network of customers in Europe and other continents. We produce under several commodity brands and supply products for private brands. We have our own patented solutions in accordance with European standards and all necessary certificates. We are present in &nbsp;TecDoc&nbsp;and on the platform&nbsp;TecCom. We actively participate in all recognized trade fairs around the world. We offer our partners: &#8211; territorial exclusivity &#8211; marketing support &#8211; visualization materials &#8211; banners, flags &#8211; IT tools for direct communication \u2013&nbsp;B2B, Web Service &#8211; partnership approach to business &#8211; additional bonuses &#8211; special prices on selected references &#8211; stocking on very attractive terms, also in the form of a commission &#8211; high level of achieved margins &#8211; wide base of substitutes &#8211; pictures \/ videos (YouTube) of the products &#8211; product training &#8211; OE quality (complaint rate of 0.2%) \u2013&nbsp;ISO 9001:2015&nbsp;issued by&nbsp;T\u00dcV S\u00dcD Management Service GmbH, Monachium &#8211; trusted entity&nbsp;AEO &nbsp; B2B Platform &nbsp;www.master-sport.eu<\/p>\n","protected":false},"author":1,"featured_media":0,"parent":0,"menu_order":0,"comment_status":"closed","ping_status":"closed","template":"","meta":{"inline_featured_image":false,"footnotes":""},"class_list":["post-15856","page","type-page","status-publish","hentry"],"yoast_head":"<!-- This site is optimized with the Yoast SEO plugin v23.3 - https:\/\/yoast.com\/wordpress\/plugins\/seo\/ -->\n<title>Distributor Zone - MasterSport<\/title>\n<meta name=\"description\" content=\"Master-Sport: Producent wysokiej jako\u015bci cz\u0119\u015bci samochodowych i rozwi\u0105za\u0144 motoryzacyjnych. Sprawd\u017a nasz\u0105 ofert\u0119 produkt\u00f3w OEM oraz akcesori\u00f3w dla r\u00f3\u017cnych marek i modeli aut. Jako\u015b\u0107 i niezawodno\u015b\u0107 gwarantowane!\" \/>\n<meta name=\"robots\" content=\"index, follow, max-snippet:-1, max-image-preview:large, max-video-preview:-1\" \/>\n<link rel=\"canonical\" href=\"https:\/\/orbitbuilder.master-sport.de\/en\/distributor-zone\/\" \/>\n<meta property=\"og:locale\" content=\"en_US\" \/>\n<meta property=\"og:type\" content=\"article\" \/>\n<meta property=\"og:title\" content=\"Distributor Zone - MasterSport\" \/>\n<meta property=\"og:description\" content=\"Master-Sport: Producent wysokiej jako\u015bci cz\u0119\u015bci samochodowych i rozwi\u0105za\u0144 motoryzacyjnych. Sprawd\u017a nasz\u0105 ofert\u0119 produkt\u00f3w OEM oraz akcesori\u00f3w dla r\u00f3\u017cnych marek i modeli aut. Jako\u015b\u0107 i niezawodno\u015b\u0107 gwarantowane!\" \/>\n<meta property=\"og:url\" content=\"https:\/\/orbitbuilder.master-sport.de\/en\/distributor-zone\/\" \/>\n<meta property=\"og:site_name\" content=\"MasterSport\" \/>\n<meta property=\"article:modified_time\" content=\"2024-09-02T05:11:48+00:00\" \/>\n<meta property=\"og:image\" content=\"https:\/\/orbitbuilder.master-sport.de\/wp-content\/uploads\/2024\/08\/LOGO-2.jpg\" \/>\n\t<meta property=\"og:image:width\" content=\"300\" \/>\n\t<meta property=\"og:image:height\" content=\"300\" \/>\n\t<meta property=\"og:image:type\" content=\"image\/jpeg\" \/>\n<meta name=\"twitter:card\" content=\"summary_large_image\" \/>\n<meta name=\"twitter:label1\" content=\"Est. reading time\" \/>\n\t<meta name=\"twitter:data1\" content=\"1 minute\" \/>\n<script type=\"application\/ld+json\" class=\"yoast-schema-graph\">{\"@context\":\"https:\/\/schema.org\",\"@graph\":[{\"@type\":\"WebPage\",\"@id\":\"https:\/\/orbitbuilder.master-sport.de\/en\/distributor-zone\/\",\"url\":\"https:\/\/orbitbuilder.master-sport.de\/en\/distributor-zone\/\",\"name\":\"Distributor Zone - MasterSport\",\"isPartOf\":{\"@id\":\"https:\/\/orbitbuilder.master-sport.de\/en\/#website\"},\"datePublished\":\"2024-08-27T08:55:26+00:00\",\"dateModified\":\"2024-09-02T05:11:48+00:00\",\"description\":\"Master-Sport: Producent wysokiej jako\u015bci cz\u0119\u015bci samochodowych i rozwi\u0105za\u0144 motoryzacyjnych. Sprawd\u017a nasz\u0105 ofert\u0119 produkt\u00f3w OEM oraz akcesori\u00f3w dla r\u00f3\u017cnych marek i modeli aut. Jako\u015b\u0107 i niezawodno\u015b\u0107 gwarantowane!\",\"breadcrumb\":{\"@id\":\"https:\/\/orbitbuilder.master-sport.de\/en\/distributor-zone\/#breadcrumb\"},\"inLanguage\":\"en-US\",\"potentialAction\":[{\"@type\":\"ReadAction\",\"target\":[\"https:\/\/orbitbuilder.master-sport.de\/en\/distributor-zone\/\"]}]},{\"@type\":\"BreadcrumbList\",\"@id\":\"https:\/\/orbitbuilder.master-sport.de\/en\/distributor-zone\/#breadcrumb\",\"itemListElement\":[{\"@type\":\"ListItem\",\"position\":1,\"name\":\"Strona g\u0142\u00f3wna\",\"item\":\"https:\/\/orbitbuilder.master-sport.de\/en\/\"},{\"@type\":\"ListItem\",\"position\":2,\"name\":\"Distributor Zone\"}]},{\"@type\":\"WebSite\",\"@id\":\"https:\/\/orbitbuilder.master-sport.de\/en\/#website\",\"url\":\"https:\/\/orbitbuilder.master-sport.de\/en\/\",\"name\":\"MasterSport\",\"description\":\"\",\"publisher\":{\"@id\":\"https:\/\/orbitbuilder.master-sport.de\/en\/#organization\"},\"potentialAction\":[{\"@type\":\"SearchAction\",\"target\":{\"@type\":\"EntryPoint\",\"urlTemplate\":\"https:\/\/orbitbuilder.master-sport.de\/en\/?s={search_term_string}\"},\"query-input\":\"required name=search_term_string\"}],\"inLanguage\":\"en-US\"},{\"@type\":\"Organization\",\"@id\":\"https:\/\/orbitbuilder.master-sport.de\/en\/#organization\",\"name\":\"MasterSport\",\"url\":\"https:\/\/orbitbuilder.master-sport.de\/en\/\",\"logo\":{\"@type\":\"ImageObject\",\"inLanguage\":\"en-US\",\"@id\":\"https:\/\/orbitbuilder.master-sport.de\/en\/#\/schema\/logo\/image\/\",\"url\":\"https:\/\/orbitbuilder.master-sport.de\/wp-content\/uploads\/2024\/08\/logo-6.png\",\"contentUrl\":\"https:\/\/orbitbuilder.master-sport.de\/wp-content\/uploads\/2024\/08\/logo-6.png\",\"width\":2362,\"height\":2362,\"caption\":\"MasterSport\"},\"image\":{\"@id\":\"https:\/\/orbitbuilder.master-sport.de\/en\/#\/schema\/logo\/image\/\"}}]}<\/script>\n<!-- \/ Yoast SEO plugin. -->","yoast_head_json":{"title":"Distributor Zone - MasterSport","description":"Master-Sport: Producent wysokiej jako\u015bci cz\u0119\u015bci samochodowych i rozwi\u0105za\u0144 motoryzacyjnych. Sprawd\u017a nasz\u0105 ofert\u0119 produkt\u00f3w OEM oraz akcesori\u00f3w dla r\u00f3\u017cnych marek i modeli aut. Jako\u015b\u0107 i niezawodno\u015b\u0107 gwarantowane!","robots":{"index":"index","follow":"follow","max-snippet":"max-snippet:-1","max-image-preview":"max-image-preview:large","max-video-preview":"max-video-preview:-1"},"canonical":"https:\/\/orbitbuilder.master-sport.de\/en\/distributor-zone\/","og_locale":"en_US","og_type":"article","og_title":"Distributor Zone - MasterSport","og_description":"Master-Sport: Producent wysokiej jako\u015bci cz\u0119\u015bci samochodowych i rozwi\u0105za\u0144 motoryzacyjnych. Sprawd\u017a nasz\u0105 ofert\u0119 produkt\u00f3w OEM oraz akcesori\u00f3w dla r\u00f3\u017cnych marek i modeli aut. Jako\u015b\u0107 i niezawodno\u015b\u0107 gwarantowane!","og_url":"https:\/\/orbitbuilder.master-sport.de\/en\/distributor-zone\/","og_site_name":"MasterSport","article_modified_time":"2024-09-02T05:11:48+00:00","og_image":[{"width":300,"height":300,"url":"https:\/\/orbitbuilder.master-sport.de\/wp-content\/uploads\/2024\/08\/LOGO-2.jpg","type":"image\/jpeg"}],"twitter_card":"summary_large_image","twitter_misc":{"Est. reading time":"1 minute"},"schema":{"@context":"https:\/\/schema.org","@graph":[{"@type":"WebPage","@id":"https:\/\/orbitbuilder.master-sport.de\/en\/distributor-zone\/","url":"https:\/\/orbitbuilder.master-sport.de\/en\/distributor-zone\/","name":"Distributor Zone - MasterSport","isPartOf":{"@id":"https:\/\/orbitbuilder.master-sport.de\/en\/#website"},"datePublished":"2024-08-27T08:55:26+00:00","dateModified":"2024-09-02T05:11:48+00:00","description":"Master-Sport: Producent wysokiej jako\u015bci cz\u0119\u015bci samochodowych i rozwi\u0105za\u0144 motoryzacyjnych. Sprawd\u017a nasz\u0105 ofert\u0119 produkt\u00f3w OEM oraz akcesori\u00f3w dla r\u00f3\u017cnych marek i modeli aut. Jako\u015b\u0107 i niezawodno\u015b\u0107 gwarantowane!","breadcrumb":{"@id":"https:\/\/orbitbuilder.master-sport.de\/en\/distributor-zone\/#breadcrumb"},"inLanguage":"en-US","potentialAction":[{"@type":"ReadAction","target":["https:\/\/orbitbuilder.master-sport.de\/en\/distributor-zone\/"]}]},{"@type":"BreadcrumbList","@id":"https:\/\/orbitbuilder.master-sport.de\/en\/distributor-zone\/#breadcrumb","itemListElement":[{"@type":"ListItem","position":1,"name":"Strona g\u0142\u00f3wna","item":"https:\/\/orbitbuilder.master-sport.de\/en\/"},{"@type":"ListItem","position":2,"name":"Distributor Zone"}]},{"@type":"WebSite","@id":"https:\/\/orbitbuilder.master-sport.de\/en\/#website","url":"https:\/\/orbitbuilder.master-sport.de\/en\/","name":"MasterSport","description":"","publisher":{"@id":"https:\/\/orbitbuilder.master-sport.de\/en\/#organization"},"potentialAction":[{"@type":"SearchAction","target":{"@type":"EntryPoint","urlTemplate":"https:\/\/orbitbuilder.master-sport.de\/en\/?s={search_term_string}"},"query-input":"required name=search_term_string"}],"inLanguage":"en-US"},{"@type":"Organization","@id":"https:\/\/orbitbuilder.master-sport.de\/en\/#organization","name":"MasterSport","url":"https:\/\/orbitbuilder.master-sport.de\/en\/","logo":{"@type":"ImageObject","inLanguage":"en-US","@id":"https:\/\/orbitbuilder.master-sport.de\/en\/#\/schema\/logo\/image\/","url":"https:\/\/orbitbuilder.master-sport.de\/wp-content\/uploads\/2024\/08\/logo-6.png","contentUrl":"https:\/\/orbitbuilder.master-sport.de\/wp-content\/uploads\/2024\/08\/logo-6.png","width":2362,"height":2362,"caption":"MasterSport"},"image":{"@id":"https:\/\/orbitbuilder.master-sport.de\/en\/#\/schema\/logo\/image\/"}}]}},"_links":{"self":[{"href":"https:\/\/orbitbuilder.master-sport.de\/en\/wp-json\/wp\/v2\/pages\/15856","targetHints":{"allow":["GET"]}}],"collection":[{"href":"https:\/\/orbitbuilder.master-sport.de\/en\/wp-json\/wp\/v2\/pages"}],"about":[{"href":"https:\/\/orbitbuilder.master-sport.de\/en\/wp-json\/wp\/v2\/types\/page"}],"author":[{"embeddable":true,"href":"https:\/\/orbitbuilder.master-sport.de\/en\/wp-json\/wp\/v2\/users\/1"}],"replies":[{"embeddable":true,"href":"https:\/\/orbitbuilder.master-sport.de\/en\/wp-json\/wp\/v2\/comments?post=15856"}],"version-history":[{"count":1,"href":"https:\/\/orbitbuilder.master-sport.de\/en\/wp-json\/wp\/v2\/pages\/15856\/revisions"}],"predecessor-version":[{"id":15857,"href":"https:\/\/orbitbuilder.master-sport.de\/en\/wp-json\/wp\/v2\/pages\/15856\/revisions\/15857"}],"wp:attachment":[{"href":"https:\/\/orbitbuilder.master-sport.de\/en\/wp-json\/wp\/v2\/media?parent=15856"}],"curies":[{"name":"wp","href":"https:\/\/api.w.org\/{rel}","templated":true}]}}