{"id":15950,"date":"2024-08-28T15:00:07","date_gmt":"2024-08-28T15:00:07","guid":{"rendered":"https:\/\/orbitbuilder.master-sport.de\/stossdaempfer-sets\/"},"modified":"2024-09-02T06:24:23","modified_gmt":"2024-09-02T06:24:23","slug":"stossdaempfer-sets","status":"publish","type":"page","link":"https:\/\/orbitbuilder.master-sport.de\/de\/stossdaempfer-sets\/","title":{"rendered":"Sto\u00dfd\u00e4mpfer-Sets"},"content":{"rendered":"\t\t<div data-elementor-type=\"wp-page\" data-elementor-id=\"15950\" class=\"elementor elementor-15950 elementor-2628\" data-elementor-post-type=\"page\">\n\t\t\t\t\t\t<section class=\"elementor-section elementor-top-section elementor-element elementor-element-4d1cc285 elementor-section-height-min-height elementor-section-boxed elementor-section-height-default elementor-section-items-middle wpr-particle-no wpr-jarallax-no wpr-parallax-no wpr-sticky-section-no\" data-id=\"4d1cc285\" data-element_type=\"section\" data-settings=\"{&quot;background_background&quot;:&quot;classic&quot;,&quot;shape_divider_bottom&quot;:&quot;tilt&quot;}\">\n\t\t\t\t\t\t\t<div class=\"elementor-background-overlay\"><\/div>\n\t\t\t\t\t\t<div class=\"elementor-shape elementor-shape-bottom\" data-negative=\"false\">\n\t\t\t<svg xmlns=\"http:\/\/www.w3.org\/2000\/svg\" viewBox=\"0 0 1000 100\" preserveAspectRatio=\"none\">\n\t<path class=\"elementor-shape-fill\" d=\"M0,6V0h1000v100L0,6z\"\/>\n<\/svg>\t\t<\/div>\n\t\t\t\t\t<div class=\"elementor-container elementor-column-gap-default\">\n\t\t\t\t\t<div class=\"elementor-column elementor-col-100 elementor-top-column elementor-element elementor-element-5b31a4e7\" data-id=\"5b31a4e7\" data-element_type=\"column\">\n\t\t\t<div class=\"elementor-widget-wrap elementor-element-populated\">\n\t\t\t\t\t\t<div class=\"elementor-element elementor-element-7472c370 elementor-widget elementor-widget-heading\" data-id=\"7472c370\" data-element_type=\"widget\" data-widget_type=\"heading.default\">\n\t\t\t\t<div class=\"elementor-widget-container\">\n\t\t\t<style>\/*! elementor - v3.23.0 - 05-08-2024 *\/\n.elementor-heading-title{padding:0;margin:0;line-height:1}.elementor-widget-heading .elementor-heading-title[class*=elementor-size-]>a{color:inherit;font-size:inherit;line-height:inherit}.elementor-widget-heading .elementor-heading-title.elementor-size-small{font-size:15px}.elementor-widget-heading .elementor-heading-title.elementor-size-medium{font-size:19px}.elementor-widget-heading .elementor-heading-title.elementor-size-large{font-size:29px}.elementor-widget-heading .elementor-heading-title.elementor-size-xl{font-size:39px}.elementor-widget-heading .elementor-heading-title.elementor-size-xxl{font-size:59px}<\/style><h2 class=\"elementor-heading-title elementor-size-default\">Sto\u00dfd\u00e4mpfer-Sets<\/h2>\t\t<\/div>\n\t\t\t\t<\/div>\n\t\t\t\t\t<\/div>\n\t\t<\/div>\n\t\t\t\t\t<\/div>\n\t\t<\/section>\n\t\t<div class=\"elementor-element elementor-element-7929b719 e-con-full e-flex wpr-particle-no wpr-jarallax-no wpr-parallax-no wpr-sticky-section-no e-con e-parent\" data-id=\"7929b719\" data-element_type=\"container\">\n\t\t<div class=\"elementor-element elementor-element-6dd980be e-con-full e-flex wpr-particle-no wpr-jarallax-no wpr-parallax-no wpr-sticky-section-no e-con e-child\" data-id=\"6dd980be\" data-element_type=\"container\">\n\t\t\t\t<div class=\"elementor-element elementor-element-d12013f elementor-vertical-align-bottom elementor-vertical-align-top elementor-widget elementor-widget-icon-box\" data-id=\"d12013f\" data-element_type=\"widget\" data-widget_type=\"icon-box.default\">\n\t\t\t\t<div class=\"elementor-widget-container\">\n\t\t\t<link rel=\"stylesheet\" href=\"https:\/\/orbitbuilder.master-sport.de\/wp-content\/uploads\/elementor\/css\/custom-widget-icon-box.min.css?ver=1776142559\">\t\t<div class=\"elementor-icon-box-wrapper\">\n\n\t\t\t\n\t\t\t\t\t\t<div class=\"elementor-icon-box-content\">\n\n\t\t\t\t\n\t\t\t\t\t\t\t\t\t<p class=\"elementor-icon-box-description\">\n\t\t\t\t\t\tWISHBONE KITS\t\t\t\t\t<\/p>\n\t\t\t\t\n\t\t\t<\/div>\n\t\t\t\n\t\t<\/div>\n\t\t\t\t<\/div>\n\t\t\t\t<\/div>\n\t\t\t\t<div class=\"elementor-element elementor-element-719d948e elementor-icon-list--layout-traditional elementor-list-item-link-full_width elementor-widget elementor-widget-icon-list\" data-id=\"719d948e\" data-element_type=\"widget\" data-widget_type=\"icon-list.default\">\n\t\t\t\t<div class=\"elementor-widget-container\">\n\t\t\t<link rel=\"stylesheet\" href=\"https:\/\/orbitbuilder.master-sport.de\/wp-content\/uploads\/elementor\/css\/custom-widget-icon-list.min.css?ver=1776142616\">\t\t<ul class=\"elementor-icon-list-items\">\n\t\t\t\t\t\t\t<li class=\"elementor-icon-list-item\">\n\t\t\t\t\t\t\t\t\t\t\t<a href=\"https:\/\/orbitbuilder.master-sport.de\/zestawy-amortyzatorow\/\">\n\n\t\t\t\t\t\t\t\t\t\t\t\t<span class=\"elementor-icon-list-icon\">\n\t\t\t\t\t\t\t<svg aria-hidden=\"true\" class=\"e-font-icon-svg e-fas-arrow-circle-right\" viewBox=\"0 0 512 512\" xmlns=\"http:\/\/www.w3.org\/2000\/svg\"><path d=\"M256 8c137 0 248 111 248 248S393 504 256 504 8 393 8 256 119 8 256 8zm-28.9 143.6l75.5 72.4H120c-13.3 0-24 10.7-24 24v16c0 13.3 10.7 24 24 24h182.6l-75.5 72.4c-9.7 9.3-9.9 24.8-.4 34.3l11 10.9c9.4 9.4 24.6 9.4 33.9 0L404.3 273c9.4-9.4 9.4-24.6 0-33.9L271.6 106.3c-9.4-9.4-24.6-9.4-33.9 0l-11 10.9c-9.5 9.6-9.3 25.1.4 34.4z\"><\/path><\/svg>\t\t\t\t\t\t<\/span>\n\t\t\t\t\t\t\t\t\t\t<span class=\"elementor-icon-list-text\">Sto\u00dfd\u00e4mpfer-Sets<\/span>\n\t\t\t\t\t\t\t\t\t\t\t<\/a>\n\t\t\t\t\t\t\t\t\t<\/li>\n\t\t\t\t\t\t\t\t<li class=\"elementor-icon-list-item\">\n\t\t\t\t\t\t\t\t\t\t\t<a href=\"https:\/\/orbitbuilder.master-sport.de\/de\/stossdaempfer\/\">\n\n\t\t\t\t\t\t\t\t\t\t\t\t<span class=\"elementor-icon-list-icon\">\n\t\t\t\t\t\t\t<svg aria-hidden=\"true\" class=\"e-font-icon-svg e-fas-arrow-circle-right\" viewBox=\"0 0 512 512\" xmlns=\"http:\/\/www.w3.org\/2000\/svg\"><path d=\"M256 8c137 0 248 111 248 248S393 504 256 504 8 393 8 256 119 8 256 8zm-28.9 143.6l75.5 72.4H120c-13.3 0-24 10.7-24 24v16c0 13.3 10.7 24 24 24h182.6l-75.5 72.4c-9.7 9.3-9.9 24.8-.4 34.3l11 10.9c9.4 9.4 24.6 9.4 33.9 0L404.3 273c9.4-9.4 9.4-24.6 0-33.9L271.6 106.3c-9.4-9.4-24.6-9.4-33.9 0l-11 10.9c-9.5 9.6-9.3 25.1.4 34.4z\"><\/path><\/svg>\t\t\t\t\t\t<\/span>\n\t\t\t\t\t\t\t\t\t\t<span class=\"elementor-icon-list-text\">Sto\u00dfd\u00e4mpfer<\/span>\n\t\t\t\t\t\t\t\t\t\t\t<\/a>\n\t\t\t\t\t\t\t\t\t<\/li>\n\t\t\t\t\t\t\t\t<li class=\"elementor-icon-list-item\">\n\t\t\t\t\t\t\t\t\t\t\t<a href=\"https:\/\/orbitbuilder.master-sport.de\/de\/federn-fuer-stossdaempfer\/\">\n\n\t\t\t\t\t\t\t\t\t\t\t\t<span class=\"elementor-icon-list-icon\">\n\t\t\t\t\t\t\t<svg aria-hidden=\"true\" class=\"e-font-icon-svg e-fas-arrow-circle-right\" viewBox=\"0 0 512 512\" xmlns=\"http:\/\/www.w3.org\/2000\/svg\"><path d=\"M256 8c137 0 248 111 248 248S393 504 256 504 8 393 8 256 119 8 256 8zm-28.9 143.6l75.5 72.4H120c-13.3 0-24 10.7-24 24v16c0 13.3 10.7 24 24 24h182.6l-75.5 72.4c-9.7 9.3-9.9 24.8-.4 34.3l11 10.9c9.4 9.4 24.6 9.4 33.9 0L404.3 273c9.4-9.4 9.4-24.6 0-33.9L271.6 106.3c-9.4-9.4-24.6-9.4-33.9 0l-11 10.9c-9.5 9.6-9.3 25.1.4 34.4z\"><\/path><\/svg>\t\t\t\t\t\t<\/span>\n\t\t\t\t\t\t\t\t\t\t<span class=\"elementor-icon-list-text\">Federn f\u00fcr Sto\u00dfd\u00e4mpfer<\/span>\n\t\t\t\t\t\t\t\t\t\t\t<\/a>\n\t\t\t\t\t\t\t\t\t<\/li>\n\t\t\t\t\t\t\t\t<li class=\"elementor-icon-list-item\">\n\t\t\t\t\t\t\t\t\t\t\t<a href=\"https:\/\/orbitbuilder.master-sport.de\/de\/lager-fuer-stossdaempfer\/\">\n\n\t\t\t\t\t\t\t\t\t\t\t\t<span class=\"elementor-icon-list-icon\">\n\t\t\t\t\t\t\t<svg aria-hidden=\"true\" class=\"e-font-icon-svg e-fas-arrow-circle-right\" viewBox=\"0 0 512 512\" xmlns=\"http:\/\/www.w3.org\/2000\/svg\"><path d=\"M256 8c137 0 248 111 248 248S393 504 256 504 8 393 8 256 119 8 256 8zm-28.9 143.6l75.5 72.4H120c-13.3 0-24 10.7-24 24v16c0 13.3 10.7 24 24 24h182.6l-75.5 72.4c-9.7 9.3-9.9 24.8-.4 34.3l11 10.9c9.4 9.4 24.6 9.4 33.9 0L404.3 273c9.4-9.4 9.4-24.6 0-33.9L271.6 106.3c-9.4-9.4-24.6-9.4-33.9 0l-11 10.9c-9.5 9.6-9.3 25.1.4 34.4z\"><\/path><\/svg>\t\t\t\t\t\t<\/span>\n\t\t\t\t\t\t\t\t\t\t<span class=\"elementor-icon-list-text\">Lager f\u00fcr Sto\u00dfd\u00e4mpfer<\/span>\n\t\t\t\t\t\t\t\t\t\t\t<\/a>\n\t\t\t\t\t\t\t\t\t<\/li>\n\t\t\t\t\t\t\t\t<li class=\"elementor-icon-list-item\">\n\t\t\t\t\t\t\t\t\t\t\t<a href=\"https:\/\/orbitbuilder.master-sport.de\/de\/stossdaempfer-kappen\/\">\n\n\t\t\t\t\t\t\t\t\t\t\t\t<span class=\"elementor-icon-list-icon\">\n\t\t\t\t\t\t\t<svg aria-hidden=\"true\" class=\"e-font-icon-svg e-fas-arrow-circle-right\" viewBox=\"0 0 512 512\" xmlns=\"http:\/\/www.w3.org\/2000\/svg\"><path d=\"M256 8c137 0 248 111 248 248S393 504 256 504 8 393 8 256 119 8 256 8zm-28.9 143.6l75.5 72.4H120c-13.3 0-24 10.7-24 24v16c0 13.3 10.7 24 24 24h182.6l-75.5 72.4c-9.7 9.3-9.9 24.8-.4 34.3l11 10.9c9.4 9.4 24.6 9.4 33.9 0L404.3 273c9.4-9.4 9.4-24.6 0-33.9L271.6 106.3c-9.4-9.4-24.6-9.4-33.9 0l-11 10.9c-9.5 9.6-9.3 25.1.4 34.4z\"><\/path><\/svg>\t\t\t\t\t\t<\/span>\n\t\t\t\t\t\t\t\t\t\t<span class=\"elementor-icon-list-text\">Sto\u00dfd\u00e4mpfer-Kappen<\/span>\n\t\t\t\t\t\t\t\t\t\t\t<\/a>\n\t\t\t\t\t\t\t\t\t<\/li>\n\t\t\t\t\t\t<\/ul>\n\t\t\t\t<\/div>\n\t\t\t\t<\/div>\n\t\t\t\t<\/div>\n\t\t<div class=\"elementor-element elementor-element-13226167 e-con-full e-flex wpr-particle-no wpr-jarallax-no wpr-parallax-no wpr-sticky-section-no e-con e-child\" data-id=\"13226167\" data-element_type=\"container\">\n\t\t\t\t<div class=\"elementor-element elementor-element-7c419905 elementor-widget elementor-widget-text-editor\" data-id=\"7c419905\" data-element_type=\"widget\" data-widget_type=\"text-editor.default\">\n\t\t\t\t<div class=\"elementor-widget-container\">\n\t\t\t<style>\/*! elementor - v3.23.0 - 05-08-2024 *\/\n.elementor-widget-text-editor.elementor-drop-cap-view-stacked .elementor-drop-cap{background-color:#69727d;color:#fff}.elementor-widget-text-editor.elementor-drop-cap-view-framed .elementor-drop-cap{color:#69727d;border:3px solid;background-color:transparent}.elementor-widget-text-editor:not(.elementor-drop-cap-view-default) .elementor-drop-cap{margin-top:8px}.elementor-widget-text-editor:not(.elementor-drop-cap-view-default) .elementor-drop-cap-letter{width:1em;height:1em}.elementor-widget-text-editor .elementor-drop-cap{float:left;text-align:center;line-height:1;font-size:50px}.elementor-widget-text-editor .elementor-drop-cap-letter{display:inline-block}<\/style>\t\t\t\t<p><strong>Zuverl\u00e4ssigkeit und Komfort auf h\u00f6chstem Niveau &#8211; Sto\u00dfd\u00e4mpfer-Kits<\/strong><\/p>\n<p>Ihre Sicherheit und Ihr Fahrkomfort sind unser Ziel! Deshalb haben wir Sto\u00dfd\u00e4mpfer-Kits entwickelt, die die hervorragende Qualit\u00e4t, Zuverl\u00e4ssigkeit und Leistung bieten, die Sie f\u00fcr jede Stra\u00dfe ben\u00f6tigen. <\/p>\n<h4 id=\"h-dlaczego-warto-wybrac-nasze-zestawy-amortyzatorow\" class=\"wp-block-heading\">Warum sollten Sie sich f\u00fcr unsere Sto\u00dfd\u00e4mpfer-Kits entscheiden?<\/h4>\n<h4 id=\"h-1-wyjatkowa-jakosc-materialow\" class=\"wp-block-heading\">1. <strong>Au\u00dfergew\u00f6hnliche Materialqualit\u00e4t<\/strong><\/h4>\n<p>Unsere Sto\u00dfd\u00e4mpfer werden aus den hochwertigsten Materialien hergestellt, was eine lange Lebensdauer und Zuverl\u00e4ssigkeit garantiert. So k\u00f6nnen Sie sicher sein, dass Ihr Fahrzeug immer f\u00fcr alle Herausforderungen der Stra\u00dfe ger\u00fcstet ist. <\/p>\n<h4 id=\"h-2-optymalny-komfort-jazdy\" class=\"wp-block-heading\">2. <strong>Optimaler Fahrkomfort<\/strong><\/h4>\n<p>Jeder Sto\u00dfd\u00e4mpfersatz ist darauf ausgelegt, Vibrationen und Stra\u00dfenunebenheiten so weit wie m\u00f6glich zu d\u00e4mpfen, was zu einer sanften und komfortablen Fahrt f\u00fchrt. Unabh\u00e4ngig von den Stra\u00dfenverh\u00e4ltnissen werden Ihre Fahrten immer angenehm und stressfrei sein. <\/p>\n<h4 id=\"h-3-zwiekszona-stabilnosc-i-kontrola\" class=\"wp-block-heading\">3. <strong>Erh\u00f6hte Stabilit\u00e4t und Kontrolle<\/strong><\/h4>\n<p>Unsere Sto\u00dfd\u00e4mpfer verbessern die Fahrzeugstabilit\u00e4t und erh\u00f6hen die Kontrolle \u00fcber das Fahrzeug, was f\u00fcr Ihre Sicherheit entscheidend ist. Sie machen Kurvenfahrten und pl\u00f6tzliche Man\u00f6ver sicherer und pr\u00e4ziser, was zu einem gr\u00f6\u00dferen Selbstvertrauen hinter dem Steuer f\u00fchrt. <\/p>\n<h4 id=\"h-4-latwa-instalacja\" class=\"wp-block-heading\">4. <strong>Einfache Installation<\/strong><\/h4>\n<p>Die Sto\u00dfd\u00e4mpfers\u00e4tze sind mit einer Vielzahl von Fahrzeugmodellen kompatibel und lassen sich schnell und einfach einbauen. Das bedeutet, dass Sie schnell wieder auf die Stra\u00dfe k\u00f6nnen und eine verbesserte Fahrqualit\u00e4t ohne lange Ausfallzeiten in der Werkstatt genie\u00dfen k\u00f6nnen. <\/p>\n<h4 id=\"h-5-ekonomiczne-rozwiazanie\" class=\"wp-block-heading\">5. <strong>Eine kosteneffiziente L\u00f6sung<\/strong><\/h4>\n<p>Wenn Sie in unsere Sto\u00dfd\u00e4mpfer investieren, sparen Sie langfristig Geld bei den Betriebskosten Ihres Fahrzeugs. Dank ihrer Langlebigkeit und Zuverl\u00e4ssigkeit reduzieren Sie die H\u00e4ufigkeit des Ersatzteilaustauschs, was die Wartungskosten Ihres Fahrzeugs senkt. <\/p>\n<h4 id=\"h-6-zaawansowana-technologia\" class=\"wp-block-heading\">6. <strong>Fortgeschrittene Technologie<\/strong><\/h4>\n<p>Bei der Produktion unserer Sto\u00dfd\u00e4mpfer setzen wir auf modernste Technik und Innovation, um h\u00f6chste Effizienz und Zuverl\u00e4ssigkeit zu gew\u00e4hrleisten. Dies garantiert, dass Sie ein Produkt erhalten, das den h\u00f6chsten Qualit\u00e4tsstandards entspricht. <\/p>\n<h3 id=\"h-zaufaj-ekspertom\" class=\"wp-block-heading\">Vertrauen Sie den Experten<\/h3>\n<p>Tausende von Autofahrern vertrauen auf unsere Produkte und sch\u00e4tzen den Komfort und die Sicherheit, die unsere Sto\u00dfd\u00e4mpfer-Kits bieten. Schlie\u00dfen Sie sich ihnen an und entdecken Sie, wie viel Sie durch die Wahl unserer Marke gewinnen k\u00f6nnen. <\/p>\n<h3 id=\"h-podsumowanie\" class=\"wp-block-heading\">Zusammenfassung<\/h3>\n<p>Setzen Sie Ihren Komfort und Ihre Sicherheit nicht aufs Spiel. Entscheiden Sie sich f\u00fcr Sto\u00dfd\u00e4mpfers\u00e4tze, die das Nonplusultra an Qualit\u00e4t, Leistung und Fahrkomfort bieten. Bestellen Sie noch heute und sp\u00fcren Sie den Unterschied, mit der Gewissheit zu fahren, dass Ihr Fahrzeug in den besten H\u00e4nden ist.  <\/p>\n<p><strong>Sto\u00dfd\u00e4mpfer-Kits &#8211; Ihre Garantie f\u00fcr eine komfortable und sichere Fahrt!<\/strong><\/p>\n\t\t\t\t\t\t<\/div>\n\t\t\t\t<\/div>\n\t\t\t\t<\/div>\n\t\t\t\t<\/div>\n\t\t\t\t<\/div>\n\t\t","protected":false},"excerpt":{"rendered":"<p>Sto\u00dfd\u00e4mpfer-Sets WISHBONE KITS Sto\u00dfd\u00e4mpfer-Sets Sto\u00dfd\u00e4mpfer Federn f\u00fcr Sto\u00dfd\u00e4mpfer Lager f\u00fcr Sto\u00dfd\u00e4mpfer Sto\u00dfd\u00e4mpfer-Kappen Zuverl\u00e4ssigkeit und Komfort auf h\u00f6chstem Niveau &#8211; Sto\u00dfd\u00e4mpfer-Kits Ihre Sicherheit und Ihr Fahrkomfort sind unser Ziel! Deshalb haben wir Sto\u00dfd\u00e4mpfer-Kits entwickelt, die die hervorragende Qualit\u00e4t, Zuverl\u00e4ssigkeit und Leistung bieten, die Sie f\u00fcr jede Stra\u00dfe ben\u00f6tigen. Warum sollten Sie sich f\u00fcr unsere Sto\u00dfd\u00e4mpfer-Kits entscheiden? 1. Au\u00dfergew\u00f6hnliche Materialqualit\u00e4t Unsere Sto\u00dfd\u00e4mpfer werden aus den hochwertigsten Materialien hergestellt, was eine lange Lebensdauer und Zuverl\u00e4ssigkeit garantiert. So k\u00f6nnen Sie sicher sein, dass Ihr Fahrzeug immer f\u00fcr alle Herausforderungen der Stra\u00dfe ger\u00fcstet ist. 2. Optimaler Fahrkomfort Jeder Sto\u00dfd\u00e4mpfersatz ist darauf ausgelegt, Vibrationen und Stra\u00dfenunebenheiten so weit wie m\u00f6glich zu d\u00e4mpfen, was zu einer sanften und komfortablen Fahrt f\u00fchrt. Unabh\u00e4ngig von den Stra\u00dfenverh\u00e4ltnissen werden Ihre Fahrten immer angenehm und stressfrei sein. 3. Erh\u00f6hte Stabilit\u00e4t und Kontrolle Unsere Sto\u00dfd\u00e4mpfer verbessern die Fahrzeugstabilit\u00e4t und erh\u00f6hen die Kontrolle \u00fcber das Fahrzeug, was f\u00fcr Ihre Sicherheit entscheidend ist. Sie machen Kurvenfahrten und pl\u00f6tzliche Man\u00f6ver sicherer und pr\u00e4ziser, was zu einem gr\u00f6\u00dferen Selbstvertrauen hinter dem Steuer f\u00fchrt. 4. Einfache Installation Die Sto\u00dfd\u00e4mpfers\u00e4tze sind mit einer Vielzahl von Fahrzeugmodellen kompatibel und lassen sich schnell und einfach einbauen. Das bedeutet, dass Sie schnell wieder auf die Stra\u00dfe k\u00f6nnen und eine verbesserte Fahrqualit\u00e4t ohne lange Ausfallzeiten in der Werkstatt genie\u00dfen k\u00f6nnen. 5. Eine kosteneffiziente L\u00f6sung Wenn Sie in unsere Sto\u00dfd\u00e4mpfer investieren, sparen Sie langfristig Geld bei den Betriebskosten Ihres Fahrzeugs. Dank ihrer Langlebigkeit und Zuverl\u00e4ssigkeit reduzieren Sie die H\u00e4ufigkeit des Ersatzteilaustauschs, was die Wartungskosten Ihres Fahrzeugs senkt. 6. Fortgeschrittene Technologie Bei der Produktion unserer Sto\u00dfd\u00e4mpfer setzen wir auf modernste Technik und Innovation, um h\u00f6chste Effizienz und Zuverl\u00e4ssigkeit zu gew\u00e4hrleisten. Dies garantiert, dass Sie ein Produkt erhalten, das den h\u00f6chsten Qualit\u00e4tsstandards entspricht. Vertrauen Sie den Experten Tausende von Autofahrern vertrauen auf unsere Produkte und sch\u00e4tzen den Komfort und die Sicherheit, die unsere Sto\u00dfd\u00e4mpfer-Kits bieten. Schlie\u00dfen Sie sich ihnen an und entdecken Sie, wie viel Sie durch die Wahl unserer Marke gewinnen k\u00f6nnen. Zusammenfassung Setzen Sie Ihren Komfort und Ihre Sicherheit nicht aufs Spiel. Entscheiden Sie sich f\u00fcr Sto\u00dfd\u00e4mpfers\u00e4tze, die das Nonplusultra an Qualit\u00e4t, Leistung und Fahrkomfort bieten. Bestellen Sie noch heute und sp\u00fcren Sie den Unterschied, mit der Gewissheit zu fahren, dass Ihr Fahrzeug in den besten H\u00e4nden ist. Sto\u00dfd\u00e4mpfer-Kits &#8211; Ihre Garantie f\u00fcr eine komfortable und sichere Fahrt!<\/p>\n","protected":false},"author":1,"featured_media":0,"parent":0,"menu_order":0,"comment_status":"closed","ping_status":"closed","template":"","meta":{"inline_featured_image":false,"footnotes":""},"class_list":["post-15950","page","type-page","status-publish","hentry"],"yoast_head":"<!-- This site is optimized with the Yoast SEO plugin v23.3 - https:\/\/yoast.com\/wordpress\/plugins\/seo\/ -->\n<title>Sto\u00dfd\u00e4mpfer-Sets - MasterSport<\/title>\n<meta name=\"description\" content=\"Master-Sport: Producent wysokiej jako\u015bci cz\u0119\u015bci samochodowych i rozwi\u0105za\u0144 motoryzacyjnych. Sprawd\u017a nasz\u0105 ofert\u0119 produkt\u00f3w OEM oraz akcesori\u00f3w dla r\u00f3\u017cnych marek i modeli aut. Jako\u015b\u0107 i niezawodno\u015b\u0107 gwarantowane!\" \/>\n<meta name=\"robots\" content=\"index, follow, max-snippet:-1, max-image-preview:large, max-video-preview:-1\" \/>\n<link rel=\"canonical\" href=\"https:\/\/orbitbuilder.master-sport.de\/de\/stossdaempfer-sets\/\" \/>\n<meta property=\"og:locale\" content=\"de_DE\" \/>\n<meta property=\"og:type\" content=\"article\" \/>\n<meta property=\"og:title\" content=\"Sto\u00dfd\u00e4mpfer-Sets - MasterSport\" \/>\n<meta property=\"og:description\" content=\"Master-Sport: Producent wysokiej jako\u015bci cz\u0119\u015bci samochodowych i rozwi\u0105za\u0144 motoryzacyjnych. Sprawd\u017a nasz\u0105 ofert\u0119 produkt\u00f3w OEM oraz akcesori\u00f3w dla r\u00f3\u017cnych marek i modeli aut. Jako\u015b\u0107 i niezawodno\u015b\u0107 gwarantowane!\" \/>\n<meta property=\"og:url\" content=\"https:\/\/orbitbuilder.master-sport.de\/de\/stossdaempfer-sets\/\" \/>\n<meta property=\"og:site_name\" content=\"MasterSport\" \/>\n<meta property=\"article:modified_time\" content=\"2024-09-02T06:24:23+00:00\" \/>\n<meta property=\"og:image\" content=\"https:\/\/orbitbuilder.master-sport.de\/wp-content\/uploads\/2024\/08\/LOGO-2.jpg\" \/>\n\t<meta property=\"og:image:width\" content=\"300\" \/>\n\t<meta property=\"og:image:height\" content=\"300\" \/>\n\t<meta property=\"og:image:type\" content=\"image\/jpeg\" \/>\n<meta name=\"twitter:card\" content=\"summary_large_image\" \/>\n<meta name=\"twitter:label1\" content=\"Gesch\u00e4tzte Lesezeit\" \/>\n\t<meta name=\"twitter:data1\" content=\"3\u00a0Minuten\" \/>\n<script type=\"application\/ld+json\" class=\"yoast-schema-graph\">{\"@context\":\"https:\/\/schema.org\",\"@graph\":[{\"@type\":\"WebPage\",\"@id\":\"https:\/\/orbitbuilder.master-sport.de\/de\/stossdaempfer-sets\/\",\"url\":\"https:\/\/orbitbuilder.master-sport.de\/de\/stossdaempfer-sets\/\",\"name\":\"Sto\u00dfd\u00e4mpfer-Sets - MasterSport\",\"isPartOf\":{\"@id\":\"https:\/\/orbitbuilder.master-sport.de\/de\/#website\"},\"datePublished\":\"2024-08-28T15:00:07+00:00\",\"dateModified\":\"2024-09-02T06:24:23+00:00\",\"description\":\"Master-Sport: Producent wysokiej jako\u015bci cz\u0119\u015bci samochodowych i rozwi\u0105za\u0144 motoryzacyjnych. Sprawd\u017a nasz\u0105 ofert\u0119 produkt\u00f3w OEM oraz akcesori\u00f3w dla r\u00f3\u017cnych marek i modeli aut. Jako\u015b\u0107 i niezawodno\u015b\u0107 gwarantowane!\",\"breadcrumb\":{\"@id\":\"https:\/\/orbitbuilder.master-sport.de\/de\/stossdaempfer-sets\/#breadcrumb\"},\"inLanguage\":\"de\",\"potentialAction\":[{\"@type\":\"ReadAction\",\"target\":[\"https:\/\/orbitbuilder.master-sport.de\/de\/stossdaempfer-sets\/\"]}]},{\"@type\":\"BreadcrumbList\",\"@id\":\"https:\/\/orbitbuilder.master-sport.de\/de\/stossdaempfer-sets\/#breadcrumb\",\"itemListElement\":[{\"@type\":\"ListItem\",\"position\":1,\"name\":\"Strona g\u0142\u00f3wna\",\"item\":\"https:\/\/orbitbuilder.master-sport.de\/de\/\"},{\"@type\":\"ListItem\",\"position\":2,\"name\":\"Sto\u00dfd\u00e4mpfer-Sets\"}]},{\"@type\":\"WebSite\",\"@id\":\"https:\/\/orbitbuilder.master-sport.de\/de\/#website\",\"url\":\"https:\/\/orbitbuilder.master-sport.de\/de\/\",\"name\":\"MasterSport\",\"description\":\"\",\"publisher\":{\"@id\":\"https:\/\/orbitbuilder.master-sport.de\/de\/#organization\"},\"potentialAction\":[{\"@type\":\"SearchAction\",\"target\":{\"@type\":\"EntryPoint\",\"urlTemplate\":\"https:\/\/orbitbuilder.master-sport.de\/de\/?s={search_term_string}\"},\"query-input\":\"required name=search_term_string\"}],\"inLanguage\":\"de\"},{\"@type\":\"Organization\",\"@id\":\"https:\/\/orbitbuilder.master-sport.de\/de\/#organization\",\"name\":\"MasterSport\",\"url\":\"https:\/\/orbitbuilder.master-sport.de\/de\/\",\"logo\":{\"@type\":\"ImageObject\",\"inLanguage\":\"de\",\"@id\":\"https:\/\/orbitbuilder.master-sport.de\/de\/#\/schema\/logo\/image\/\",\"url\":\"https:\/\/orbitbuilder.master-sport.de\/wp-content\/uploads\/2024\/08\/logo-6.png\",\"contentUrl\":\"https:\/\/orbitbuilder.master-sport.de\/wp-content\/uploads\/2024\/08\/logo-6.png\",\"width\":2362,\"height\":2362,\"caption\":\"MasterSport\"},\"image\":{\"@id\":\"https:\/\/orbitbuilder.master-sport.de\/de\/#\/schema\/logo\/image\/\"}}]}<\/script>\n<!-- \/ Yoast SEO plugin. -->","yoast_head_json":{"title":"Sto\u00dfd\u00e4mpfer-Sets - MasterSport","description":"Master-Sport: Producent wysokiej jako\u015bci cz\u0119\u015bci samochodowych i rozwi\u0105za\u0144 motoryzacyjnych. Sprawd\u017a nasz\u0105 ofert\u0119 produkt\u00f3w OEM oraz akcesori\u00f3w dla r\u00f3\u017cnych marek i modeli aut. Jako\u015b\u0107 i niezawodno\u015b\u0107 gwarantowane!","robots":{"index":"index","follow":"follow","max-snippet":"max-snippet:-1","max-image-preview":"max-image-preview:large","max-video-preview":"max-video-preview:-1"},"canonical":"https:\/\/orbitbuilder.master-sport.de\/de\/stossdaempfer-sets\/","og_locale":"de_DE","og_type":"article","og_title":"Sto\u00dfd\u00e4mpfer-Sets - MasterSport","og_description":"Master-Sport: Producent wysokiej jako\u015bci cz\u0119\u015bci samochodowych i rozwi\u0105za\u0144 motoryzacyjnych. Sprawd\u017a nasz\u0105 ofert\u0119 produkt\u00f3w OEM oraz akcesori\u00f3w dla r\u00f3\u017cnych marek i modeli aut. Jako\u015b\u0107 i niezawodno\u015b\u0107 gwarantowane!","og_url":"https:\/\/orbitbuilder.master-sport.de\/de\/stossdaempfer-sets\/","og_site_name":"MasterSport","article_modified_time":"2024-09-02T06:24:23+00:00","og_image":[{"width":300,"height":300,"url":"https:\/\/orbitbuilder.master-sport.de\/wp-content\/uploads\/2024\/08\/LOGO-2.jpg","type":"image\/jpeg"}],"twitter_card":"summary_large_image","twitter_misc":{"Gesch\u00e4tzte Lesezeit":"3\u00a0Minuten"},"schema":{"@context":"https:\/\/schema.org","@graph":[{"@type":"WebPage","@id":"https:\/\/orbitbuilder.master-sport.de\/de\/stossdaempfer-sets\/","url":"https:\/\/orbitbuilder.master-sport.de\/de\/stossdaempfer-sets\/","name":"Sto\u00dfd\u00e4mpfer-Sets - MasterSport","isPartOf":{"@id":"https:\/\/orbitbuilder.master-sport.de\/de\/#website"},"datePublished":"2024-08-28T15:00:07+00:00","dateModified":"2024-09-02T06:24:23+00:00","description":"Master-Sport: Producent wysokiej jako\u015bci cz\u0119\u015bci samochodowych i rozwi\u0105za\u0144 motoryzacyjnych. Sprawd\u017a nasz\u0105 ofert\u0119 produkt\u00f3w OEM oraz akcesori\u00f3w dla r\u00f3\u017cnych marek i modeli aut. Jako\u015b\u0107 i niezawodno\u015b\u0107 gwarantowane!","breadcrumb":{"@id":"https:\/\/orbitbuilder.master-sport.de\/de\/stossdaempfer-sets\/#breadcrumb"},"inLanguage":"de","potentialAction":[{"@type":"ReadAction","target":["https:\/\/orbitbuilder.master-sport.de\/de\/stossdaempfer-sets\/"]}]},{"@type":"BreadcrumbList","@id":"https:\/\/orbitbuilder.master-sport.de\/de\/stossdaempfer-sets\/#breadcrumb","itemListElement":[{"@type":"ListItem","position":1,"name":"Strona g\u0142\u00f3wna","item":"https:\/\/orbitbuilder.master-sport.de\/de\/"},{"@type":"ListItem","position":2,"name":"Sto\u00dfd\u00e4mpfer-Sets"}]},{"@type":"WebSite","@id":"https:\/\/orbitbuilder.master-sport.de\/de\/#website","url":"https:\/\/orbitbuilder.master-sport.de\/de\/","name":"MasterSport","description":"","publisher":{"@id":"https:\/\/orbitbuilder.master-sport.de\/de\/#organization"},"potentialAction":[{"@type":"SearchAction","target":{"@type":"EntryPoint","urlTemplate":"https:\/\/orbitbuilder.master-sport.de\/de\/?s={search_term_string}"},"query-input":"required name=search_term_string"}],"inLanguage":"de"},{"@type":"Organization","@id":"https:\/\/orbitbuilder.master-sport.de\/de\/#organization","name":"MasterSport","url":"https:\/\/orbitbuilder.master-sport.de\/de\/","logo":{"@type":"ImageObject","inLanguage":"de","@id":"https:\/\/orbitbuilder.master-sport.de\/de\/#\/schema\/logo\/image\/","url":"https:\/\/orbitbuilder.master-sport.de\/wp-content\/uploads\/2024\/08\/logo-6.png","contentUrl":"https:\/\/orbitbuilder.master-sport.de\/wp-content\/uploads\/2024\/08\/logo-6.png","width":2362,"height":2362,"caption":"MasterSport"},"image":{"@id":"https:\/\/orbitbuilder.master-sport.de\/de\/#\/schema\/logo\/image\/"}}]}},"_links":{"self":[{"href":"https:\/\/orbitbuilder.master-sport.de\/de\/wp-json\/wp\/v2\/pages\/15950","targetHints":{"allow":["GET"]}}],"collection":[{"href":"https:\/\/orbitbuilder.master-sport.de\/de\/wp-json\/wp\/v2\/pages"}],"about":[{"href":"https:\/\/orbitbuilder.master-sport.de\/de\/wp-json\/wp\/v2\/types\/page"}],"author":[{"embeddable":true,"href":"https:\/\/orbitbuilder.master-sport.de\/de\/wp-json\/wp\/v2\/users\/1"}],"replies":[{"embeddable":true,"href":"https:\/\/orbitbuilder.master-sport.de\/de\/wp-json\/wp\/v2\/comments?post=15950"}],"version-history":[{"count":5,"href":"https:\/\/orbitbuilder.master-sport.de\/de\/wp-json\/wp\/v2\/pages\/15950\/revisions"}],"predecessor-version":[{"id":15955,"href":"https:\/\/orbitbuilder.master-sport.de\/de\/wp-json\/wp\/v2\/pages\/15950\/revisions\/15955"}],"wp:attachment":[{"href":"https:\/\/orbitbuilder.master-sport.de\/de\/wp-json\/wp\/v2\/media?parent=15950"}],"curies":[{"name":"wp","href":"https:\/\/api.w.org\/{rel}","templated":true}]}}