{"id":15902,"date":"2024-08-27T08:55:26","date_gmt":"2024-08-27T08:55:26","guid":{"rendered":"https:\/\/orbitbuilder.master-sport.de\/verteilerzone\/"},"modified":"2024-09-02T05:51:27","modified_gmt":"2024-09-02T05:51:27","slug":"verteilerzone","status":"publish","type":"page","link":"https:\/\/orbitbuilder.master-sport.de\/de\/verteilerzone\/","title":{"rendered":"Verteilerzone"},"content":{"rendered":"\t\t<div data-elementor-type=\"wp-page\" data-elementor-id=\"15902\" class=\"elementor elementor-15902 elementor-120\" data-elementor-post-type=\"page\">\n\t\t\t\t\t\t<section class=\"elementor-section elementor-top-section elementor-element elementor-element-37661c38 elementor-section-height-min-height elementor-section-boxed elementor-section-height-default elementor-section-items-middle wpr-particle-no wpr-jarallax-no wpr-parallax-no wpr-sticky-section-no\" data-id=\"37661c38\" data-element_type=\"section\" data-settings=\"{&quot;background_background&quot;:&quot;classic&quot;,&quot;shape_divider_bottom&quot;:&quot;tilt&quot;}\">\n\t\t\t\t\t\t\t<div class=\"elementor-background-overlay\"><\/div>\n\t\t\t\t\t\t<div class=\"elementor-shape elementor-shape-bottom\" data-negative=\"false\">\n\t\t\t<svg xmlns=\"http:\/\/www.w3.org\/2000\/svg\" viewBox=\"0 0 1000 100\" preserveAspectRatio=\"none\">\n\t<path class=\"elementor-shape-fill\" d=\"M0,6V0h1000v100L0,6z\"\/>\n<\/svg>\t\t<\/div>\n\t\t\t\t\t<div class=\"elementor-container elementor-column-gap-default\">\n\t\t\t\t\t<div class=\"elementor-column elementor-col-100 elementor-top-column elementor-element elementor-element-5a85ef37\" data-id=\"5a85ef37\" data-element_type=\"column\">\n\t\t\t<div class=\"elementor-widget-wrap elementor-element-populated\">\n\t\t\t\t\t\t<div class=\"elementor-element elementor-element-2c44aaa3 elementor-widget elementor-widget-heading\" data-id=\"2c44aaa3\" data-element_type=\"widget\" data-widget_type=\"heading.default\">\n\t\t\t\t<div class=\"elementor-widget-container\">\n\t\t\t<style>\/*! elementor - v3.23.0 - 05-08-2024 *\/\n.elementor-heading-title{padding:0;margin:0;line-height:1}.elementor-widget-heading .elementor-heading-title[class*=elementor-size-]>a{color:inherit;font-size:inherit;line-height:inherit}.elementor-widget-heading .elementor-heading-title.elementor-size-small{font-size:15px}.elementor-widget-heading .elementor-heading-title.elementor-size-medium{font-size:19px}.elementor-widget-heading .elementor-heading-title.elementor-size-large{font-size:29px}.elementor-widget-heading .elementor-heading-title.elementor-size-xl{font-size:39px}.elementor-widget-heading .elementor-heading-title.elementor-size-xxl{font-size:59px}<\/style><h1 class=\"elementor-heading-title elementor-size-default\">VERTEILERBEREICH<\/h1>\t\t<\/div>\n\t\t\t\t<\/div>\n\t\t\t\t\t<\/div>\n\t\t<\/div>\n\t\t\t\t\t<\/div>\n\t\t<\/section>\n\t\t<div class=\"elementor-element elementor-element-cec8ce7 e-con-full e-flex wpr-particle-no wpr-jarallax-no wpr-parallax-no wpr-sticky-section-no e-con e-parent\" data-id=\"cec8ce7\" data-element_type=\"container\">\n\t\t\t\t<div class=\"elementor-element elementor-element-fe7825e elementor-widget elementor-widget-text-editor\" data-id=\"fe7825e\" data-element_type=\"widget\" data-widget_type=\"text-editor.default\">\n\t\t\t\t<div class=\"elementor-widget-container\">\n\t\t\t<style>\/*! elementor - v3.23.0 - 05-08-2024 *\/\n.elementor-widget-text-editor.elementor-drop-cap-view-stacked .elementor-drop-cap{background-color:#69727d;color:#fff}.elementor-widget-text-editor.elementor-drop-cap-view-framed .elementor-drop-cap{color:#69727d;border:3px solid;background-color:transparent}.elementor-widget-text-editor:not(.elementor-drop-cap-view-default) .elementor-drop-cap{margin-top:8px}.elementor-widget-text-editor:not(.elementor-drop-cap-view-default) .elementor-drop-cap-letter{width:1em;height:1em}.elementor-widget-text-editor .elementor-drop-cap{float:left;text-align:center;line-height:1;font-size:50px}.elementor-widget-text-editor .elementor-drop-cap-letter{display:inline-block}<\/style>\t\t\t\t<p>Unternehmen&nbsp;<strong>Master-Sport-Automobiltechnik (MS) GmbH<\/strong>&nbsp;als Teil von&nbsp;<strong>MS EUROPEAN PRODUCTION-DISTRIBUTION AUTOMOTIVE GROUP<\/strong>&nbsp;ist ein anerkannter Hersteller von Automobilteilen. Wir bieten kontinuierlich mehr als 11.000 Referenzen in verschiedenen Produktgruppen an. Wir verf\u00fcgen \u00fcber ein Netz von Kunden in Europa und auf anderen Kontinenten. Wir produzieren unter verschiedenen Handelsmarken und liefern Produkte f\u00fcr Eigenmarken. Wir verf\u00fcgen \u00fcber eigene patentierte L\u00f6sungen, die den europ\u00e4ischen Normen entsprechen, sowie \u00fcber alle erforderlichen Zertifikate. Wir sind vertreten in      &nbsp;<strong>TecDoc<\/strong>&nbsp;und auf der Plattform&nbsp;<strong>TecCom<\/strong>. Wir nehmen aktiv an allen anerkannten Fachmessen in der ganzen Welt teil. <\/p>\n<p>Wir bieten unseren Partnern:<\/p>\n<p>&#8211; territoriale Exklusivit\u00e4t<\/p>\n<p>&#8211; Marketingunterst\u00fctzung<\/p>\n<p>&#8211; Bildmaterial &#8211; Banner, Fahnen<\/p>\n<p>&#8211; IT-Tools f\u00fcr die direkte Kommunikation \u2013&nbsp;<strong>B2B, Webdienst<\/strong><\/p>\n<p>&#8211; ein partnerschaftlicher Ansatz f\u00fcr Unternehmen<\/p>\n<p>&#8211; zus\u00e4tzliche Boni<\/p>\n<p>&#8211; Sonderpreise f\u00fcr ausgew\u00e4hlte Referenzen<\/p>\n<p>&#8211; Bevorratung zu sehr attraktiven Konditionen, auch in Form einer Provision<\/p>\n<p>&#8211; hohes Niveau der erzielten Gewinnspannen<\/p>\n<p>&#8211; eine breite Basis von Ersatzstoffen<\/p>\n<p>&#8211; Bilder\/Videos (YouTube) von den Produkten<\/p>\n<p>&#8211; Produktschulung<\/p>\n<p>&#8211; OE-Qualit\u00e4t (Beanstandungsquote von 0,2 %)<\/p>\n<p>\u2013&nbsp;<strong>ISO 9001:2015<\/strong>&nbsp;herausgegeben von<strong>&nbsp;T\u00dcV S\u00dcD Management Service GmbH, M\u00fcnchen<\/strong><\/p>\n<p>&#8211; vertrauensw\u00fcrdige Entit\u00e4t&nbsp;<strong>AEO<\/strong><\/p>\n<div class=\"wp-block-spacer\" aria-hidden=\"true\">&nbsp;<\/div>\n<p>Plattform B2B&nbsp;<strong>www.master-sport.eu<\/strong><\/p>\t\t\t\t\t\t<\/div>\n\t\t\t\t<\/div>\n\t\t\t\t<\/div>\n\t\t\t\t<\/div>\n\t\t","protected":false},"excerpt":{"rendered":"<p>VERTEILERBEREICH Unternehmen&nbsp;Master-Sport-Automobiltechnik (MS) GmbH&nbsp;als Teil von&nbsp;MS EUROPEAN PRODUCTION-DISTRIBUTION AUTOMOTIVE GROUP&nbsp;ist ein anerkannter Hersteller von Automobilteilen. Wir bieten kontinuierlich mehr als 11.000 Referenzen in verschiedenen Produktgruppen an. Wir verf\u00fcgen \u00fcber ein Netz von Kunden in Europa und auf anderen Kontinenten. Wir produzieren unter verschiedenen Handelsmarken und liefern Produkte f\u00fcr Eigenmarken. Wir verf\u00fcgen \u00fcber eigene patentierte L\u00f6sungen, die den europ\u00e4ischen Normen entsprechen, sowie \u00fcber alle erforderlichen Zertifikate. Wir sind vertreten in &nbsp;TecDoc&nbsp;und auf der Plattform&nbsp;TecCom. Wir nehmen aktiv an allen anerkannten Fachmessen in der ganzen Welt teil. Wir bieten unseren Partnern: &#8211; territoriale Exklusivit\u00e4t &#8211; Marketingunterst\u00fctzung &#8211; Bildmaterial &#8211; Banner, Fahnen &#8211; IT-Tools f\u00fcr die direkte Kommunikation \u2013&nbsp;B2B, Webdienst &#8211; ein partnerschaftlicher Ansatz f\u00fcr Unternehmen &#8211; zus\u00e4tzliche Boni &#8211; Sonderpreise f\u00fcr ausgew\u00e4hlte Referenzen &#8211; Bevorratung zu sehr attraktiven Konditionen, auch in Form einer Provision &#8211; hohes Niveau der erzielten Gewinnspannen &#8211; eine breite Basis von Ersatzstoffen &#8211; Bilder\/Videos (YouTube) von den Produkten &#8211; Produktschulung &#8211; OE-Qualit\u00e4t (Beanstandungsquote von 0,2 %) \u2013&nbsp;ISO 9001:2015&nbsp;herausgegeben von&nbsp;T\u00dcV S\u00dcD Management Service GmbH, M\u00fcnchen &#8211; vertrauensw\u00fcrdige Entit\u00e4t&nbsp;AEO &nbsp; Plattform B2B&nbsp;www.master-sport.eu<\/p>\n","protected":false},"author":1,"featured_media":0,"parent":0,"menu_order":0,"comment_status":"closed","ping_status":"closed","template":"","meta":{"inline_featured_image":false,"footnotes":""},"class_list":["post-15902","page","type-page","status-publish","hentry"],"yoast_head":"<!-- This site is optimized with the Yoast SEO plugin v23.3 - https:\/\/yoast.com\/wordpress\/plugins\/seo\/ -->\n<title>Verteilerzone - MasterSport<\/title>\n<meta name=\"description\" content=\"Master-Sport: Producent wysokiej jako\u015bci cz\u0119\u015bci samochodowych i rozwi\u0105za\u0144 motoryzacyjnych. Sprawd\u017a nasz\u0105 ofert\u0119 produkt\u00f3w OEM oraz akcesori\u00f3w dla r\u00f3\u017cnych marek i modeli aut. Jako\u015b\u0107 i niezawodno\u015b\u0107 gwarantowane!\" \/>\n<meta name=\"robots\" content=\"index, follow, max-snippet:-1, max-image-preview:large, max-video-preview:-1\" \/>\n<link rel=\"canonical\" href=\"https:\/\/orbitbuilder.master-sport.de\/de\/verteilerzone\/\" \/>\n<meta property=\"og:locale\" content=\"de_DE\" \/>\n<meta property=\"og:type\" content=\"article\" \/>\n<meta property=\"og:title\" content=\"Verteilerzone - MasterSport\" \/>\n<meta property=\"og:description\" content=\"Master-Sport: Producent wysokiej jako\u015bci cz\u0119\u015bci samochodowych i rozwi\u0105za\u0144 motoryzacyjnych. Sprawd\u017a nasz\u0105 ofert\u0119 produkt\u00f3w OEM oraz akcesori\u00f3w dla r\u00f3\u017cnych marek i modeli aut. Jako\u015b\u0107 i niezawodno\u015b\u0107 gwarantowane!\" \/>\n<meta property=\"og:url\" content=\"https:\/\/orbitbuilder.master-sport.de\/de\/verteilerzone\/\" \/>\n<meta property=\"og:site_name\" content=\"MasterSport\" \/>\n<meta property=\"article:modified_time\" content=\"2024-09-02T05:51:27+00:00\" \/>\n<meta property=\"og:image\" content=\"https:\/\/orbitbuilder.master-sport.de\/wp-content\/uploads\/2024\/08\/LOGO-2.jpg\" \/>\n\t<meta property=\"og:image:width\" content=\"300\" \/>\n\t<meta property=\"og:image:height\" content=\"300\" \/>\n\t<meta property=\"og:image:type\" content=\"image\/jpeg\" \/>\n<meta name=\"twitter:card\" content=\"summary_large_image\" \/>\n<meta name=\"twitter:label1\" content=\"Gesch\u00e4tzte Lesezeit\" \/>\n\t<meta name=\"twitter:data1\" content=\"1\u00a0Minute\" \/>\n<script type=\"application\/ld+json\" class=\"yoast-schema-graph\">{\"@context\":\"https:\/\/schema.org\",\"@graph\":[{\"@type\":\"WebPage\",\"@id\":\"https:\/\/orbitbuilder.master-sport.de\/de\/verteilerzone\/\",\"url\":\"https:\/\/orbitbuilder.master-sport.de\/de\/verteilerzone\/\",\"name\":\"Verteilerzone - MasterSport\",\"isPartOf\":{\"@id\":\"https:\/\/orbitbuilder.master-sport.de\/de\/#website\"},\"datePublished\":\"2024-08-27T08:55:26+00:00\",\"dateModified\":\"2024-09-02T05:51:27+00:00\",\"description\":\"Master-Sport: Producent wysokiej jako\u015bci cz\u0119\u015bci samochodowych i rozwi\u0105za\u0144 motoryzacyjnych. Sprawd\u017a nasz\u0105 ofert\u0119 produkt\u00f3w OEM oraz akcesori\u00f3w dla r\u00f3\u017cnych marek i modeli aut. Jako\u015b\u0107 i niezawodno\u015b\u0107 gwarantowane!\",\"breadcrumb\":{\"@id\":\"https:\/\/orbitbuilder.master-sport.de\/de\/verteilerzone\/#breadcrumb\"},\"inLanguage\":\"de\",\"potentialAction\":[{\"@type\":\"ReadAction\",\"target\":[\"https:\/\/orbitbuilder.master-sport.de\/de\/verteilerzone\/\"]}]},{\"@type\":\"BreadcrumbList\",\"@id\":\"https:\/\/orbitbuilder.master-sport.de\/de\/verteilerzone\/#breadcrumb\",\"itemListElement\":[{\"@type\":\"ListItem\",\"position\":1,\"name\":\"Strona g\u0142\u00f3wna\",\"item\":\"https:\/\/orbitbuilder.master-sport.de\/de\/\"},{\"@type\":\"ListItem\",\"position\":2,\"name\":\"Verteilerzone\"}]},{\"@type\":\"WebSite\",\"@id\":\"https:\/\/orbitbuilder.master-sport.de\/de\/#website\",\"url\":\"https:\/\/orbitbuilder.master-sport.de\/de\/\",\"name\":\"MasterSport\",\"description\":\"\",\"publisher\":{\"@id\":\"https:\/\/orbitbuilder.master-sport.de\/de\/#organization\"},\"potentialAction\":[{\"@type\":\"SearchAction\",\"target\":{\"@type\":\"EntryPoint\",\"urlTemplate\":\"https:\/\/orbitbuilder.master-sport.de\/de\/?s={search_term_string}\"},\"query-input\":\"required name=search_term_string\"}],\"inLanguage\":\"de\"},{\"@type\":\"Organization\",\"@id\":\"https:\/\/orbitbuilder.master-sport.de\/de\/#organization\",\"name\":\"MasterSport\",\"url\":\"https:\/\/orbitbuilder.master-sport.de\/de\/\",\"logo\":{\"@type\":\"ImageObject\",\"inLanguage\":\"de\",\"@id\":\"https:\/\/orbitbuilder.master-sport.de\/de\/#\/schema\/logo\/image\/\",\"url\":\"https:\/\/orbitbuilder.master-sport.de\/wp-content\/uploads\/2024\/08\/logo-6.png\",\"contentUrl\":\"https:\/\/orbitbuilder.master-sport.de\/wp-content\/uploads\/2024\/08\/logo-6.png\",\"width\":2362,\"height\":2362,\"caption\":\"MasterSport\"},\"image\":{\"@id\":\"https:\/\/orbitbuilder.master-sport.de\/de\/#\/schema\/logo\/image\/\"}}]}<\/script>\n<!-- \/ Yoast SEO plugin. -->","yoast_head_json":{"title":"Verteilerzone - MasterSport","description":"Master-Sport: Producent wysokiej jako\u015bci cz\u0119\u015bci samochodowych i rozwi\u0105za\u0144 motoryzacyjnych. Sprawd\u017a nasz\u0105 ofert\u0119 produkt\u00f3w OEM oraz akcesori\u00f3w dla r\u00f3\u017cnych marek i modeli aut. Jako\u015b\u0107 i niezawodno\u015b\u0107 gwarantowane!","robots":{"index":"index","follow":"follow","max-snippet":"max-snippet:-1","max-image-preview":"max-image-preview:large","max-video-preview":"max-video-preview:-1"},"canonical":"https:\/\/orbitbuilder.master-sport.de\/de\/verteilerzone\/","og_locale":"de_DE","og_type":"article","og_title":"Verteilerzone - MasterSport","og_description":"Master-Sport: Producent wysokiej jako\u015bci cz\u0119\u015bci samochodowych i rozwi\u0105za\u0144 motoryzacyjnych. Sprawd\u017a nasz\u0105 ofert\u0119 produkt\u00f3w OEM oraz akcesori\u00f3w dla r\u00f3\u017cnych marek i modeli aut. Jako\u015b\u0107 i niezawodno\u015b\u0107 gwarantowane!","og_url":"https:\/\/orbitbuilder.master-sport.de\/de\/verteilerzone\/","og_site_name":"MasterSport","article_modified_time":"2024-09-02T05:51:27+00:00","og_image":[{"width":300,"height":300,"url":"https:\/\/orbitbuilder.master-sport.de\/wp-content\/uploads\/2024\/08\/LOGO-2.jpg","type":"image\/jpeg"}],"twitter_card":"summary_large_image","twitter_misc":{"Gesch\u00e4tzte Lesezeit":"1\u00a0Minute"},"schema":{"@context":"https:\/\/schema.org","@graph":[{"@type":"WebPage","@id":"https:\/\/orbitbuilder.master-sport.de\/de\/verteilerzone\/","url":"https:\/\/orbitbuilder.master-sport.de\/de\/verteilerzone\/","name":"Verteilerzone - MasterSport","isPartOf":{"@id":"https:\/\/orbitbuilder.master-sport.de\/de\/#website"},"datePublished":"2024-08-27T08:55:26+00:00","dateModified":"2024-09-02T05:51:27+00:00","description":"Master-Sport: Producent wysokiej jako\u015bci cz\u0119\u015bci samochodowych i rozwi\u0105za\u0144 motoryzacyjnych. Sprawd\u017a nasz\u0105 ofert\u0119 produkt\u00f3w OEM oraz akcesori\u00f3w dla r\u00f3\u017cnych marek i modeli aut. Jako\u015b\u0107 i niezawodno\u015b\u0107 gwarantowane!","breadcrumb":{"@id":"https:\/\/orbitbuilder.master-sport.de\/de\/verteilerzone\/#breadcrumb"},"inLanguage":"de","potentialAction":[{"@type":"ReadAction","target":["https:\/\/orbitbuilder.master-sport.de\/de\/verteilerzone\/"]}]},{"@type":"BreadcrumbList","@id":"https:\/\/orbitbuilder.master-sport.de\/de\/verteilerzone\/#breadcrumb","itemListElement":[{"@type":"ListItem","position":1,"name":"Strona g\u0142\u00f3wna","item":"https:\/\/orbitbuilder.master-sport.de\/de\/"},{"@type":"ListItem","position":2,"name":"Verteilerzone"}]},{"@type":"WebSite","@id":"https:\/\/orbitbuilder.master-sport.de\/de\/#website","url":"https:\/\/orbitbuilder.master-sport.de\/de\/","name":"MasterSport","description":"","publisher":{"@id":"https:\/\/orbitbuilder.master-sport.de\/de\/#organization"},"potentialAction":[{"@type":"SearchAction","target":{"@type":"EntryPoint","urlTemplate":"https:\/\/orbitbuilder.master-sport.de\/de\/?s={search_term_string}"},"query-input":"required name=search_term_string"}],"inLanguage":"de"},{"@type":"Organization","@id":"https:\/\/orbitbuilder.master-sport.de\/de\/#organization","name":"MasterSport","url":"https:\/\/orbitbuilder.master-sport.de\/de\/","logo":{"@type":"ImageObject","inLanguage":"de","@id":"https:\/\/orbitbuilder.master-sport.de\/de\/#\/schema\/logo\/image\/","url":"https:\/\/orbitbuilder.master-sport.de\/wp-content\/uploads\/2024\/08\/logo-6.png","contentUrl":"https:\/\/orbitbuilder.master-sport.de\/wp-content\/uploads\/2024\/08\/logo-6.png","width":2362,"height":2362,"caption":"MasterSport"},"image":{"@id":"https:\/\/orbitbuilder.master-sport.de\/de\/#\/schema\/logo\/image\/"}}]}},"_links":{"self":[{"href":"https:\/\/orbitbuilder.master-sport.de\/de\/wp-json\/wp\/v2\/pages\/15902","targetHints":{"allow":["GET"]}}],"collection":[{"href":"https:\/\/orbitbuilder.master-sport.de\/de\/wp-json\/wp\/v2\/pages"}],"about":[{"href":"https:\/\/orbitbuilder.master-sport.de\/de\/wp-json\/wp\/v2\/types\/page"}],"author":[{"embeddable":true,"href":"https:\/\/orbitbuilder.master-sport.de\/de\/wp-json\/wp\/v2\/users\/1"}],"replies":[{"embeddable":true,"href":"https:\/\/orbitbuilder.master-sport.de\/de\/wp-json\/wp\/v2\/comments?post=15902"}],"version-history":[{"count":1,"href":"https:\/\/orbitbuilder.master-sport.de\/de\/wp-json\/wp\/v2\/pages\/15902\/revisions"}],"predecessor-version":[{"id":15903,"href":"https:\/\/orbitbuilder.master-sport.de\/de\/wp-json\/wp\/v2\/pages\/15902\/revisions\/15903"}],"wp:attachment":[{"href":"https:\/\/orbitbuilder.master-sport.de\/de\/wp-json\/wp\/v2\/media?parent=15902"}],"curies":[{"name":"wp","href":"https:\/\/api.w.org\/{rel}","templated":true}]}}