{"id":15835,"date":"2024-08-27T08:51:46","date_gmt":"2024-08-27T08:51:46","guid":{"rendered":"https:\/\/orbitbuilder.master-sport.de\/qualitaetspolitik\/"},"modified":"2024-09-02T04:36:17","modified_gmt":"2024-09-02T04:36:17","slug":"qualitaetspolitik","status":"publish","type":"page","link":"https:\/\/orbitbuilder.master-sport.de\/de\/qualitaetspolitik\/","title":{"rendered":"Qualit\u00e4tspolitik"},"content":{"rendered":"\t\t<div data-elementor-type=\"wp-page\" data-elementor-id=\"15835\" class=\"elementor elementor-15835 elementor-84\" data-elementor-post-type=\"page\">\n\t\t\t\t\t\t<section class=\"elementor-section elementor-top-section elementor-element elementor-element-4099e4fb elementor-section-height-min-height elementor-section-boxed elementor-section-height-default elementor-section-items-middle wpr-particle-no wpr-jarallax-no wpr-parallax-no wpr-sticky-section-no\" data-id=\"4099e4fb\" data-element_type=\"section\" data-settings=\"{&quot;background_background&quot;:&quot;classic&quot;,&quot;shape_divider_bottom&quot;:&quot;tilt&quot;}\">\n\t\t\t\t\t\t\t<div class=\"elementor-background-overlay\"><\/div>\n\t\t\t\t\t\t<div class=\"elementor-shape elementor-shape-bottom\" data-negative=\"false\">\n\t\t\t<svg xmlns=\"http:\/\/www.w3.org\/2000\/svg\" viewBox=\"0 0 1000 100\" preserveAspectRatio=\"none\">\n\t<path class=\"elementor-shape-fill\" d=\"M0,6V0h1000v100L0,6z\"\/>\n<\/svg>\t\t<\/div>\n\t\t\t\t\t<div class=\"elementor-container elementor-column-gap-default\">\n\t\t\t\t\t<div class=\"elementor-column elementor-col-100 elementor-top-column elementor-element elementor-element-5cad5c60\" data-id=\"5cad5c60\" data-element_type=\"column\">\n\t\t\t<div class=\"elementor-widget-wrap elementor-element-populated\">\n\t\t\t\t\t\t<div class=\"elementor-element elementor-element-5a25348 elementor-widget elementor-widget-heading\" data-id=\"5a25348\" data-element_type=\"widget\" data-widget_type=\"heading.default\">\n\t\t\t\t<div class=\"elementor-widget-container\">\n\t\t\t<style>\/*! elementor - v3.23.0 - 05-08-2024 *\/\n.elementor-heading-title{padding:0;margin:0;line-height:1}.elementor-widget-heading .elementor-heading-title[class*=elementor-size-]>a{color:inherit;font-size:inherit;line-height:inherit}.elementor-widget-heading .elementor-heading-title.elementor-size-small{font-size:15px}.elementor-widget-heading .elementor-heading-title.elementor-size-medium{font-size:19px}.elementor-widget-heading .elementor-heading-title.elementor-size-large{font-size:29px}.elementor-widget-heading .elementor-heading-title.elementor-size-xl{font-size:39px}.elementor-widget-heading .elementor-heading-title.elementor-size-xxl{font-size:59px}<\/style><h1 class=\"elementor-heading-title elementor-size-default\">Qualit\u00e4tspolitik<\/h1>\t\t<\/div>\n\t\t\t\t<\/div>\n\t\t\t\t\t<\/div>\n\t\t<\/div>\n\t\t\t\t\t<\/div>\n\t\t<\/section>\n\t\t<div class=\"elementor-element elementor-element-f692186 e-flex e-con-boxed wpr-particle-no wpr-jarallax-no wpr-parallax-no wpr-sticky-section-no e-con e-parent\" data-id=\"f692186\" data-element_type=\"container\">\n\t\t\t\t\t<div class=\"e-con-inner\">\n\t\t\t\t<div class=\"elementor-element elementor-element-a6b7ac9 elementor-widget elementor-widget-heading\" data-id=\"a6b7ac9\" data-element_type=\"widget\" data-widget_type=\"heading.default\">\n\t\t\t\t<div class=\"elementor-widget-container\">\n\t\t\t<h2 class=\"elementor-heading-title elementor-size-default\">M\u00fcnchen am 26.10.2021. <\/h2>\t\t<\/div>\n\t\t\t\t<\/div>\n\t\t<div class=\"elementor-element elementor-element-df4ffa2 e-con-full e-flex wpr-particle-no wpr-jarallax-no wpr-parallax-no wpr-sticky-section-no e-con e-child\" data-id=\"df4ffa2\" data-element_type=\"container\">\n\t\t\t\t<div class=\"elementor-element elementor-element-85eb038 elementor-widget elementor-widget-heading\" data-id=\"85eb038\" data-element_type=\"widget\" data-widget_type=\"heading.default\">\n\t\t\t\t<div class=\"elementor-widget-container\">\n\t\t\t<h2 class=\"elementor-heading-title elementor-size-default\">QUALIT\u00c4TSPOLITIK DER MASTER-SPORT GROUP Automobiltechnik (MS) GmbH<\/h2>\t\t<\/div>\n\t\t\t\t<\/div>\n\t\t\t\t<div class=\"elementor-element elementor-element-b658e03 elementor-widget elementor-widget-text-editor\" data-id=\"b658e03\" data-element_type=\"widget\" data-widget_type=\"text-editor.default\">\n\t\t\t\t<div class=\"elementor-widget-container\">\n\t\t\t<style>\/*! elementor - v3.23.0 - 05-08-2024 *\/\n.elementor-widget-text-editor.elementor-drop-cap-view-stacked .elementor-drop-cap{background-color:#69727d;color:#fff}.elementor-widget-text-editor.elementor-drop-cap-view-framed .elementor-drop-cap{color:#69727d;border:3px solid;background-color:transparent}.elementor-widget-text-editor:not(.elementor-drop-cap-view-default) .elementor-drop-cap{margin-top:8px}.elementor-widget-text-editor:not(.elementor-drop-cap-view-default) .elementor-drop-cap-letter{width:1em;height:1em}.elementor-widget-text-editor .elementor-drop-cap{float:left;text-align:center;line-height:1;font-size:50px}.elementor-widget-text-editor .elementor-drop-cap-letter{display:inline-block}<\/style>\t\t\t\t<p>Unser Ziel ist es, Autoersatzteile und -zubeh\u00f6r zu entwickeln, herzustellen und zu vertreiben, sie zu verbessern und unseren Anteil am internationalen Autoersatzteilmarkt auszubauen.<\/p>\n<hr class=\"wp-block-separator has-text-color has-background has-white-background-color has-white-color\">\n<p>Unsere Verpflichtung ist es, die zuverl\u00e4ssige Umsetzung der abgeschlossenen Vertr\u00e4ge zu gew\u00e4hrleisten und die Qualit\u00e4t der erbrachten Dienstleistungen und Prozesse st\u00e4ndig zu verbessern, das Qualit\u00e4tsmanagementsystem zu perfektionieren und gleichzeitig den Unternehmen der MASTER-SPORT Gruppe und ihren Systempartnern eine<br \/>stabile Entwicklung zu gew\u00e4hrleisten.<\/p>\n\t\t\t\t\t\t<\/div>\n\t\t\t\t<\/div>\n\t\t\t\t<div class=\"elementor-element elementor-element-6f3c618 elementor-widget elementor-widget-heading\" data-id=\"6f3c618\" data-element_type=\"widget\" data-widget_type=\"heading.default\">\n\t\t\t\t<div class=\"elementor-widget-container\">\n\t\t\t<h2 class=\"elementor-heading-title elementor-size-default\">WIR SETZEN DIESE QUALIT\u00c4TSPOLITIK WIE FOLGT UM:<\/h2>\t\t<\/div>\n\t\t\t\t<\/div>\n\t\t\t\t<div class=\"elementor-element elementor-element-f8efaf3 elementor-widget elementor-widget-text-editor\" data-id=\"f8efaf3\" data-element_type=\"widget\" data-widget_type=\"text-editor.default\">\n\t\t\t\t<div class=\"elementor-widget-container\">\n\t\t\t\t\t\t\t<p>\u25cf Identifizierung und Verst\u00e4ndnis der an der Funktionsweise unserer Organisation beteiligten Akteure<br \/>\u25cf Genaue und kontinuierliche Ermittlung der Kundenbed\u00fcrfnisse und Erforschung neuer M\u00e4rkte und des Wettbewerbsverhaltens<br \/>\u25cf Reagieren auf alle Signale von Kunden und Partnern<br \/>\u25cf Analyse der Risiken\/Chancen im Zusammenhang mit der Umsetzung von Prozessen, Zielen und deren Folgen<br \/>\u25cf Anstreben eines optimalen Preises f\u00fcr die angebotenen Produkte bei gleichzeitiger Gew\u00e4hrleistung ihrer hohen Qualit\u00e4t<br \/>\u25cf Sicherstellung eines umfassenden Angebots<br \/>\u25cf Kontinuierliche Suche nach und Bewertung von Lieferanten<br \/>\u25cf Zusammenarbeit und technische und Marketing-Unterst\u00fctzung f\u00fcr unsere<br \/>\u25cf Kunden und Systempartner<br \/>\u25cf Ber\u00fccksichtigung internationaler Erw\u00e4gungen, die den Markt f\u00fcr unsere Produkte betreffen<br \/>\u25cf Nutzung der Grunds\u00e4tze der systemischen Zusammenarbeit der Gruppe zur kontinuierlichen Verbesserung von Produkten, Prozessen und Systemen<br \/>\u25cf Verst\u00e4ndnis der Politik und Zugang f\u00fcr Interessengruppen<\/p>\n<\/p>\n<p>Die Garantie f\u00fcr die Umsetzung der Qualit\u00e4tspolitik des Unternehmens ist das Qualit\u00e4tsmanagementsystem, das gemeinsam mit der Niederlassung in Polen auf der Grundlage der Anforderungen der Norm ISO 9001:2015 und deren Auswirkungen auf die Tochtergesellschaft und kooperierende Einheit in Polen, d.h. MASTER-SPORT &#8211; AUTOMOBILTECHNIK \/MS\/ PRODUCTION &#8211; DISTRIBUTION CENTER, eingef\u00fchrt und entwickelt wurde. <\/p>\n<hr class=\"wp-block-separator has-text-color has-background has-white-background-color has-white-color\">\n<p>Pr\u00e4sident des Verwaltungsrats<\/p>\n<p>Wieslaw Rutka<\/p><\/p>\n\t\t\t\t\t\t<\/div>\n\t\t\t\t<\/div>\n\t\t\t\t<\/div>\n\t\t\t\t\t<\/div>\n\t\t\t\t<\/div>\n\t\t\t\t<\/div>\n\t\t","protected":false},"excerpt":{"rendered":"<p>Qualit\u00e4tspolitik M\u00fcnchen am 26.10.2021. QUALIT\u00c4TSPOLITIK DER MASTER-SPORT GROUP Automobiltechnik (MS) GmbH Unser Ziel ist es, Autoersatzteile und -zubeh\u00f6r zu entwickeln, herzustellen und zu vertreiben, sie zu verbessern und unseren Anteil am internationalen Autoersatzteilmarkt auszubauen. Unsere Verpflichtung ist es, die zuverl\u00e4ssige Umsetzung der abgeschlossenen Vertr\u00e4ge zu gew\u00e4hrleisten und die Qualit\u00e4t der erbrachten Dienstleistungen und Prozesse st\u00e4ndig zu verbessern, das Qualit\u00e4tsmanagementsystem zu perfektionieren und gleichzeitig den Unternehmen der MASTER-SPORT Gruppe und ihren Systempartnern einestabile Entwicklung zu gew\u00e4hrleisten. WIR SETZEN DIESE QUALIT\u00c4TSPOLITIK WIE FOLGT UM: \u25cf Identifizierung und Verst\u00e4ndnis der an der Funktionsweise unserer Organisation beteiligten Akteure\u25cf Genaue und kontinuierliche Ermittlung der Kundenbed\u00fcrfnisse und Erforschung neuer M\u00e4rkte und des Wettbewerbsverhaltens\u25cf Reagieren auf alle Signale von Kunden und Partnern\u25cf Analyse der Risiken\/Chancen im Zusammenhang mit der Umsetzung von Prozessen, Zielen und deren Folgen\u25cf Anstreben eines optimalen Preises f\u00fcr die angebotenen Produkte bei gleichzeitiger Gew\u00e4hrleistung ihrer hohen Qualit\u00e4t\u25cf Sicherstellung eines umfassenden Angebots\u25cf Kontinuierliche Suche nach und Bewertung von Lieferanten\u25cf Zusammenarbeit und technische und Marketing-Unterst\u00fctzung f\u00fcr unsere\u25cf Kunden und Systempartner\u25cf Ber\u00fccksichtigung internationaler Erw\u00e4gungen, die den Markt f\u00fcr unsere Produkte betreffen\u25cf Nutzung der Grunds\u00e4tze der systemischen Zusammenarbeit der Gruppe zur kontinuierlichen Verbesserung von Produkten, Prozessen und Systemen\u25cf Verst\u00e4ndnis der Politik und Zugang f\u00fcr Interessengruppen Die Garantie f\u00fcr die Umsetzung der Qualit\u00e4tspolitik des Unternehmens ist das Qualit\u00e4tsmanagementsystem, das gemeinsam mit der Niederlassung in Polen auf der Grundlage der Anforderungen der Norm ISO 9001:2015 und deren Auswirkungen auf die Tochtergesellschaft und kooperierende Einheit in Polen, d.h. MASTER-SPORT &#8211; AUTOMOBILTECHNIK \/MS\/ PRODUCTION &#8211; DISTRIBUTION CENTER, eingef\u00fchrt und entwickelt wurde. Pr\u00e4sident des Verwaltungsrats Wieslaw Rutka<\/p>\n","protected":false},"author":1,"featured_media":0,"parent":0,"menu_order":0,"comment_status":"closed","ping_status":"closed","template":"","meta":{"inline_featured_image":false,"footnotes":""},"class_list":["post-15835","page","type-page","status-publish","hentry"],"yoast_head":"<!-- This site is optimized with the Yoast SEO plugin v23.3 - https:\/\/yoast.com\/wordpress\/plugins\/seo\/ -->\n<title>Qualit\u00e4tspolitik - MasterSport<\/title>\n<meta name=\"description\" content=\"Master-Sport: Producent wysokiej jako\u015bci cz\u0119\u015bci samochodowych i rozwi\u0105za\u0144 motoryzacyjnych. Sprawd\u017a nasz\u0105 ofert\u0119 produkt\u00f3w OEM oraz akcesori\u00f3w dla r\u00f3\u017cnych marek i modeli aut. Jako\u015b\u0107 i niezawodno\u015b\u0107 gwarantowane!\" \/>\n<meta name=\"robots\" content=\"index, follow, max-snippet:-1, max-image-preview:large, max-video-preview:-1\" \/>\n<link rel=\"canonical\" href=\"https:\/\/orbitbuilder.master-sport.de\/de\/qualitaetspolitik\/\" \/>\n<meta property=\"og:locale\" content=\"de_DE\" \/>\n<meta property=\"og:type\" content=\"article\" \/>\n<meta property=\"og:title\" content=\"Qualit\u00e4tspolitik - MasterSport\" \/>\n<meta property=\"og:description\" content=\"Master-Sport: Producent wysokiej jako\u015bci cz\u0119\u015bci samochodowych i rozwi\u0105za\u0144 motoryzacyjnych. Sprawd\u017a nasz\u0105 ofert\u0119 produkt\u00f3w OEM oraz akcesori\u00f3w dla r\u00f3\u017cnych marek i modeli aut. Jako\u015b\u0107 i niezawodno\u015b\u0107 gwarantowane!\" \/>\n<meta property=\"og:url\" content=\"https:\/\/orbitbuilder.master-sport.de\/de\/qualitaetspolitik\/\" \/>\n<meta property=\"og:site_name\" content=\"MasterSport\" \/>\n<meta property=\"article:modified_time\" content=\"2024-09-02T04:36:17+00:00\" \/>\n<meta property=\"og:image\" content=\"https:\/\/orbitbuilder.master-sport.de\/wp-content\/uploads\/2024\/08\/LOGO-2.jpg\" \/>\n\t<meta property=\"og:image:width\" content=\"300\" \/>\n\t<meta property=\"og:image:height\" content=\"300\" \/>\n\t<meta property=\"og:image:type\" content=\"image\/jpeg\" \/>\n<meta name=\"twitter:card\" content=\"summary_large_image\" \/>\n<meta name=\"twitter:label1\" content=\"Gesch\u00e4tzte Lesezeit\" \/>\n\t<meta name=\"twitter:data1\" content=\"1\u00a0Minute\" \/>\n<script type=\"application\/ld+json\" class=\"yoast-schema-graph\">{\"@context\":\"https:\/\/schema.org\",\"@graph\":[{\"@type\":\"WebPage\",\"@id\":\"https:\/\/orbitbuilder.master-sport.de\/de\/qualitaetspolitik\/\",\"url\":\"https:\/\/orbitbuilder.master-sport.de\/de\/qualitaetspolitik\/\",\"name\":\"Qualit\u00e4tspolitik - MasterSport\",\"isPartOf\":{\"@id\":\"https:\/\/orbitbuilder.master-sport.de\/de\/#website\"},\"datePublished\":\"2024-08-27T08:51:46+00:00\",\"dateModified\":\"2024-09-02T04:36:17+00:00\",\"description\":\"Master-Sport: Producent wysokiej jako\u015bci cz\u0119\u015bci samochodowych i rozwi\u0105za\u0144 motoryzacyjnych. Sprawd\u017a nasz\u0105 ofert\u0119 produkt\u00f3w OEM oraz akcesori\u00f3w dla r\u00f3\u017cnych marek i modeli aut. Jako\u015b\u0107 i niezawodno\u015b\u0107 gwarantowane!\",\"breadcrumb\":{\"@id\":\"https:\/\/orbitbuilder.master-sport.de\/de\/qualitaetspolitik\/#breadcrumb\"},\"inLanguage\":\"de\",\"potentialAction\":[{\"@type\":\"ReadAction\",\"target\":[\"https:\/\/orbitbuilder.master-sport.de\/de\/qualitaetspolitik\/\"]}]},{\"@type\":\"BreadcrumbList\",\"@id\":\"https:\/\/orbitbuilder.master-sport.de\/de\/qualitaetspolitik\/#breadcrumb\",\"itemListElement\":[{\"@type\":\"ListItem\",\"position\":1,\"name\":\"Strona g\u0142\u00f3wna\",\"item\":\"https:\/\/orbitbuilder.master-sport.de\/de\/\"},{\"@type\":\"ListItem\",\"position\":2,\"name\":\"Qualit\u00e4tspolitik\"}]},{\"@type\":\"WebSite\",\"@id\":\"https:\/\/orbitbuilder.master-sport.de\/de\/#website\",\"url\":\"https:\/\/orbitbuilder.master-sport.de\/de\/\",\"name\":\"MasterSport\",\"description\":\"\",\"publisher\":{\"@id\":\"https:\/\/orbitbuilder.master-sport.de\/de\/#organization\"},\"potentialAction\":[{\"@type\":\"SearchAction\",\"target\":{\"@type\":\"EntryPoint\",\"urlTemplate\":\"https:\/\/orbitbuilder.master-sport.de\/de\/?s={search_term_string}\"},\"query-input\":\"required name=search_term_string\"}],\"inLanguage\":\"de\"},{\"@type\":\"Organization\",\"@id\":\"https:\/\/orbitbuilder.master-sport.de\/de\/#organization\",\"name\":\"MasterSport\",\"url\":\"https:\/\/orbitbuilder.master-sport.de\/de\/\",\"logo\":{\"@type\":\"ImageObject\",\"inLanguage\":\"de\",\"@id\":\"https:\/\/orbitbuilder.master-sport.de\/de\/#\/schema\/logo\/image\/\",\"url\":\"https:\/\/orbitbuilder.master-sport.de\/wp-content\/uploads\/2024\/08\/logo-6.png\",\"contentUrl\":\"https:\/\/orbitbuilder.master-sport.de\/wp-content\/uploads\/2024\/08\/logo-6.png\",\"width\":2362,\"height\":2362,\"caption\":\"MasterSport\"},\"image\":{\"@id\":\"https:\/\/orbitbuilder.master-sport.de\/de\/#\/schema\/logo\/image\/\"}}]}<\/script>\n<!-- \/ Yoast SEO plugin. -->","yoast_head_json":{"title":"Qualit\u00e4tspolitik - MasterSport","description":"Master-Sport: Producent wysokiej jako\u015bci cz\u0119\u015bci samochodowych i rozwi\u0105za\u0144 motoryzacyjnych. Sprawd\u017a nasz\u0105 ofert\u0119 produkt\u00f3w OEM oraz akcesori\u00f3w dla r\u00f3\u017cnych marek i modeli aut. Jako\u015b\u0107 i niezawodno\u015b\u0107 gwarantowane!","robots":{"index":"index","follow":"follow","max-snippet":"max-snippet:-1","max-image-preview":"max-image-preview:large","max-video-preview":"max-video-preview:-1"},"canonical":"https:\/\/orbitbuilder.master-sport.de\/de\/qualitaetspolitik\/","og_locale":"de_DE","og_type":"article","og_title":"Qualit\u00e4tspolitik - MasterSport","og_description":"Master-Sport: Producent wysokiej jako\u015bci cz\u0119\u015bci samochodowych i rozwi\u0105za\u0144 motoryzacyjnych. Sprawd\u017a nasz\u0105 ofert\u0119 produkt\u00f3w OEM oraz akcesori\u00f3w dla r\u00f3\u017cnych marek i modeli aut. Jako\u015b\u0107 i niezawodno\u015b\u0107 gwarantowane!","og_url":"https:\/\/orbitbuilder.master-sport.de\/de\/qualitaetspolitik\/","og_site_name":"MasterSport","article_modified_time":"2024-09-02T04:36:17+00:00","og_image":[{"width":300,"height":300,"url":"https:\/\/orbitbuilder.master-sport.de\/wp-content\/uploads\/2024\/08\/LOGO-2.jpg","type":"image\/jpeg"}],"twitter_card":"summary_large_image","twitter_misc":{"Gesch\u00e4tzte Lesezeit":"1\u00a0Minute"},"schema":{"@context":"https:\/\/schema.org","@graph":[{"@type":"WebPage","@id":"https:\/\/orbitbuilder.master-sport.de\/de\/qualitaetspolitik\/","url":"https:\/\/orbitbuilder.master-sport.de\/de\/qualitaetspolitik\/","name":"Qualit\u00e4tspolitik - MasterSport","isPartOf":{"@id":"https:\/\/orbitbuilder.master-sport.de\/de\/#website"},"datePublished":"2024-08-27T08:51:46+00:00","dateModified":"2024-09-02T04:36:17+00:00","description":"Master-Sport: Producent wysokiej jako\u015bci cz\u0119\u015bci samochodowych i rozwi\u0105za\u0144 motoryzacyjnych. Sprawd\u017a nasz\u0105 ofert\u0119 produkt\u00f3w OEM oraz akcesori\u00f3w dla r\u00f3\u017cnych marek i modeli aut. Jako\u015b\u0107 i niezawodno\u015b\u0107 gwarantowane!","breadcrumb":{"@id":"https:\/\/orbitbuilder.master-sport.de\/de\/qualitaetspolitik\/#breadcrumb"},"inLanguage":"de","potentialAction":[{"@type":"ReadAction","target":["https:\/\/orbitbuilder.master-sport.de\/de\/qualitaetspolitik\/"]}]},{"@type":"BreadcrumbList","@id":"https:\/\/orbitbuilder.master-sport.de\/de\/qualitaetspolitik\/#breadcrumb","itemListElement":[{"@type":"ListItem","position":1,"name":"Strona g\u0142\u00f3wna","item":"https:\/\/orbitbuilder.master-sport.de\/de\/"},{"@type":"ListItem","position":2,"name":"Qualit\u00e4tspolitik"}]},{"@type":"WebSite","@id":"https:\/\/orbitbuilder.master-sport.de\/de\/#website","url":"https:\/\/orbitbuilder.master-sport.de\/de\/","name":"MasterSport","description":"","publisher":{"@id":"https:\/\/orbitbuilder.master-sport.de\/de\/#organization"},"potentialAction":[{"@type":"SearchAction","target":{"@type":"EntryPoint","urlTemplate":"https:\/\/orbitbuilder.master-sport.de\/de\/?s={search_term_string}"},"query-input":"required name=search_term_string"}],"inLanguage":"de"},{"@type":"Organization","@id":"https:\/\/orbitbuilder.master-sport.de\/de\/#organization","name":"MasterSport","url":"https:\/\/orbitbuilder.master-sport.de\/de\/","logo":{"@type":"ImageObject","inLanguage":"de","@id":"https:\/\/orbitbuilder.master-sport.de\/de\/#\/schema\/logo\/image\/","url":"https:\/\/orbitbuilder.master-sport.de\/wp-content\/uploads\/2024\/08\/logo-6.png","contentUrl":"https:\/\/orbitbuilder.master-sport.de\/wp-content\/uploads\/2024\/08\/logo-6.png","width":2362,"height":2362,"caption":"MasterSport"},"image":{"@id":"https:\/\/orbitbuilder.master-sport.de\/de\/#\/schema\/logo\/image\/"}}]}},"_links":{"self":[{"href":"https:\/\/orbitbuilder.master-sport.de\/de\/wp-json\/wp\/v2\/pages\/15835","targetHints":{"allow":["GET"]}}],"collection":[{"href":"https:\/\/orbitbuilder.master-sport.de\/de\/wp-json\/wp\/v2\/pages"}],"about":[{"href":"https:\/\/orbitbuilder.master-sport.de\/de\/wp-json\/wp\/v2\/types\/page"}],"author":[{"embeddable":true,"href":"https:\/\/orbitbuilder.master-sport.de\/de\/wp-json\/wp\/v2\/users\/1"}],"replies":[{"embeddable":true,"href":"https:\/\/orbitbuilder.master-sport.de\/de\/wp-json\/wp\/v2\/comments?post=15835"}],"version-history":[{"count":1,"href":"https:\/\/orbitbuilder.master-sport.de\/de\/wp-json\/wp\/v2\/pages\/15835\/revisions"}],"predecessor-version":[{"id":15836,"href":"https:\/\/orbitbuilder.master-sport.de\/de\/wp-json\/wp\/v2\/pages\/15835\/revisions\/15836"}],"wp:attachment":[{"href":"https:\/\/orbitbuilder.master-sport.de\/de\/wp-json\/wp\/v2\/media?parent=15835"}],"curies":[{"name":"wp","href":"https:\/\/api.w.org\/{rel}","templated":true}]}}