{"id":15827,"date":"2024-08-27T08:56:56","date_gmt":"2024-08-27T08:56:56","guid":{"rendered":"https:\/\/orbitbuilder.master-sport.de\/owzt\/"},"modified":"2024-09-02T04:25:54","modified_gmt":"2024-09-02T04:25:54","slug":"owzt","status":"publish","type":"page","link":"https:\/\/orbitbuilder.master-sport.de\/de\/owzt\/","title":{"rendered":"OWZT"},"content":{"rendered":"\t\t<div data-elementor-type=\"wp-page\" data-elementor-id=\"15827\" class=\"elementor elementor-15827 elementor-129\" data-elementor-post-type=\"page\">\n\t\t\t\t\t\t<section class=\"elementor-section elementor-top-section elementor-element elementor-element-1cf97a3b elementor-section-height-min-height elementor-section-boxed elementor-section-height-default elementor-section-items-middle wpr-particle-no wpr-jarallax-no wpr-parallax-no wpr-sticky-section-no\" data-id=\"1cf97a3b\" data-element_type=\"section\" data-settings=\"{&quot;background_background&quot;:&quot;classic&quot;,&quot;shape_divider_bottom&quot;:&quot;tilt&quot;}\">\n\t\t\t\t\t\t\t<div class=\"elementor-background-overlay\"><\/div>\n\t\t\t\t\t\t<div class=\"elementor-shape elementor-shape-bottom\" data-negative=\"false\">\n\t\t\t<svg xmlns=\"http:\/\/www.w3.org\/2000\/svg\" viewBox=\"0 0 1000 100\" preserveAspectRatio=\"none\">\n\t<path class=\"elementor-shape-fill\" d=\"M0,6V0h1000v100L0,6z\"\/>\n<\/svg>\t\t<\/div>\n\t\t\t\t\t<div class=\"elementor-container elementor-column-gap-default\">\n\t\t\t\t\t<div class=\"elementor-column elementor-col-100 elementor-top-column elementor-element elementor-element-c9ccdff\" data-id=\"c9ccdff\" data-element_type=\"column\">\n\t\t\t<div class=\"elementor-widget-wrap elementor-element-populated\">\n\t\t\t\t\t\t<div class=\"elementor-element elementor-element-6fc464a4 elementor-widget elementor-widget-heading\" data-id=\"6fc464a4\" data-element_type=\"widget\" data-widget_type=\"heading.default\">\n\t\t\t\t<div class=\"elementor-widget-container\">\n\t\t\t<style>\/*! elementor - v3.23.0 - 05-08-2024 *\/\n.elementor-heading-title{padding:0;margin:0;line-height:1}.elementor-widget-heading .elementor-heading-title[class*=elementor-size-]>a{color:inherit;font-size:inherit;line-height:inherit}.elementor-widget-heading .elementor-heading-title.elementor-size-small{font-size:15px}.elementor-widget-heading .elementor-heading-title.elementor-size-medium{font-size:19px}.elementor-widget-heading .elementor-heading-title.elementor-size-large{font-size:29px}.elementor-widget-heading .elementor-heading-title.elementor-size-xl{font-size:39px}.elementor-widget-heading .elementor-heading-title.elementor-size-xxl{font-size:59px}<\/style><h1 class=\"elementor-heading-title elementor-size-default\">ALLGEMEINE BEDINGUNGEN F\u00dcR DIE R\u00dcCKGABE VON WAREN, DIE VON GEWERBLICHEN K\u00c4UFERN ERWORBEN WURDEN<\/h1>\t\t<\/div>\n\t\t\t\t<\/div>\n\t\t\t\t\t<\/div>\n\t\t<\/div>\n\t\t\t\t\t<\/div>\n\t\t<\/section>\n\t\t<div class=\"elementor-element elementor-element-e2cdfca e-flex e-con-boxed wpr-particle-no wpr-jarallax-no wpr-parallax-no wpr-sticky-section-no e-con e-parent\" data-id=\"e2cdfca\" data-element_type=\"container\">\n\t\t\t\t\t<div class=\"e-con-inner\">\n\t\t\t\t<div class=\"elementor-element elementor-element-bad3ea8 elementor-widget elementor-widget-text-editor\" data-id=\"bad3ea8\" data-element_type=\"widget\" data-widget_type=\"text-editor.default\">\n\t\t\t\t<div class=\"elementor-widget-container\">\n\t\t\t<style>\/*! elementor - v3.23.0 - 05-08-2024 *\/\n.elementor-widget-text-editor.elementor-drop-cap-view-stacked .elementor-drop-cap{background-color:#69727d;color:#fff}.elementor-widget-text-editor.elementor-drop-cap-view-framed .elementor-drop-cap{color:#69727d;border:3px solid;background-color:transparent}.elementor-widget-text-editor:not(.elementor-drop-cap-view-default) .elementor-drop-cap{margin-top:8px}.elementor-widget-text-editor:not(.elementor-drop-cap-view-default) .elementor-drop-cap-letter{width:1em;height:1em}.elementor-widget-text-editor .elementor-drop-cap{float:left;text-align:center;line-height:1;font-size:50px}.elementor-widget-text-editor .elementor-drop-cap-letter{display:inline-block}<\/style>\t\t\t\t<p>1. Nach Ma\u00dfgabe dieser Allgemeinen R\u00fcckgabebedingungen (nachfolgend \u201eAGB\u201c genannt) k\u00f6nnen Waren, die bei Master-Sport-Automobiltechnik (MS) Production-Distribution Center Wieslaw Rutka mit Sitz in Gorlice, ul. 11 listopada 68, 38-300 Gorlice, (nachfolgend \u201eMaster Sport\u201c genannt) gekauft wurde, kann unabh\u00e4ngig von der Kaufform (station\u00e4res Gesch\u00e4ft, Online-Shop) innerhalb einer Frist von h\u00f6chstens 1 (einem) Jahr ab dem Datum des Abschlusses des Kaufvertrags zur\u00fcckgegeben werden, sofern der K\u00e4ufer, der Unternehmer ist (nachfolgend \u201eK\u00e4ufer\u201c genannt), einen schriftlichen Antrag auf Warenr\u00fcckgabe stellt und die vorherige schriftliche oder E-Mail-Zustimmung von Master Sport zur R\u00fcckgabe der Ware erh\u00e4lt.<\/p>\n<div class=\"wp-block-spacer\" aria-hidden=\"true\"> <\/div>\n<p>2. Spezifische Waren, die auf individuelle Bestellung des K\u00e4ufers hergestellt wurden, k\u00f6nnen nicht zur\u00fcckgegeben werden.<\/p>\n<div class=\"wp-block-spacer\" aria-hidden=\"true\"> <\/div>\n<p>3. Mit dem Antrag auf R\u00fccksendung von Waren akzeptiert der K\u00e4ufer die Bedingungen der AGB auf der Master Sport Website.<\/p>\n<div class=\"wp-block-spacer\" aria-hidden=\"true\"> <\/div>\n<p>4. Der K\u00e4ufer ist berechtigt, die Ware am Sitz von Master Sport zur\u00fcckzugeben oder die Ware auf eigene Kosten an die Adresse von Master Sport, d.h. ul. 11 listopada 68, 38-300 Gorlice zu senden. F\u00fcr die R\u00fccksendung der Ware ist der K\u00e4ufer verpflichtet, den Kaufnachweis der Ware und die Versandpapiere\/den Frachtbrief der Ware zu senden oder vorzulegen. Der Kaufnachweis ist eine Rechnung mit Mehrwertsteuer (in elektronischer oder Papierform).   <\/p>\n<div class=\"wp-block-spacer\" aria-hidden=\"true\"> <\/div>\n<p>5. Master Sport erstattet dem K\u00e4ufer bei endg\u00fcltiger Annahme der zur\u00fcckgegebenen Ware gem\u00e4\u00df Klausel 9 den Verkaufspreis (vorbehaltlich Klausel 10) abz\u00fcglich 40 % des Wertes der verkauften Ware (wenn die Ware auf Kosten von Master Sport an den K\u00e4ufer geliefert wurde, wird der zu erstattende Verkaufspreis um die Kosten f\u00fcr den Transport der Ware weiter reduziert). Der vorgenannte Betrag dient zur Deckung des Verlusts von Master Sport, der sich aus der Wertminderung der Ware ergibt, zur Deckung der Betriebskosten f\u00fcr die Abwicklung der R\u00fccksendung der Ware, insbesondere f\u00fcr die \u00dcberpr\u00fcfung der Qualit\u00e4t und der \u00dcbereinstimmung der Ware mit den urspr\u00fcnglichen Eigenschaften der zur\u00fcckgesandten Ware durch Master Sport (u.a. gem\u00e4\u00df Klausel 6), sowie zur Deckung der Kosten f\u00fcr Rechts- und Buchhaltungsdienstleistungen f\u00fcr den Prozess der R\u00fccksendung der Ware.  <\/p>\n<div class=\"wp-block-spacer\" aria-hidden=\"true\"> <\/div>\n<p>6. Waren, die die folgenden Kriterien erf\u00fcllen, k\u00f6nnen zur\u00fcckgegeben werden;<br \/>a) Die Waren befinden sich zum Zeitpunkt der R\u00fcckgabe in demselben Zustand, in dem sie an den K\u00e4ufer geliefert wurden,<br \/>b) die Waren sind original verpackt,<br \/>c) auch wenn die Bedingung unter b) nicht erf\u00fcllt ist, k\u00f6nnen unverpackte Waren ohne Originalverpackung zur\u00fcckgesandt werden, sofern sie keine oder nur solche Gebrauchsspuren aufweisen, die auf eine zur Feststellung ihres Charakters, ihrer Eigenschaften und ihrer Funktionsweise erforderliche Benutzung zur\u00fcckzuf\u00fchren sind.<\/p>\n<div class=\"wp-block-spacer\" aria-hidden=\"true\"> <\/div>\n<p>7. Waren, die besch\u00e4digt sind oder Gebrauchsspuren aufweisen, k\u00f6nnen nicht zur\u00fcckgegeben werden.<\/p>\n<div class=\"wp-block-spacer\" aria-hidden=\"true\"> <\/div>\n<p>8. Die Annahme der Ware erfolgt auf der Grundlage einer vorl\u00e4ufigen Entscheidung eines bevollm\u00e4chtigten Mitarbeiters von Master Sport nach \u00dcberpr\u00fcfung der Einhaltung der in Absatz 1 genannten Frist durch den K\u00e4ufer.<\/p>\n<div class=\"wp-block-spacer\" aria-hidden=\"true\"> <\/div>\n<p>9. Die endg\u00fcltige Entscheidung \u00fcber die Annahme der R\u00fccksendung wird von einem autorisierten Mitarbeiter von Master Sport nach eingehender Pr\u00fcfung und Untersuchung der zur\u00fcckgesandten Ware getroffen.<\/p>\n<div class=\"wp-block-spacer\" aria-hidden=\"true\"> <\/div>\n<p>10. Eine R\u00fcckerstattung des Verkaufspreises f\u00fcr die zur\u00fcckgegebenen Waren in der unter Punkt 5 angegebenen H\u00f6he erfolgt nur in Form eines Umtauschs gegen andere gleichwertige Waren von Master Sport. Der Kaufpreis wird nicht in bar oder per Bank\u00fcberweisung zur\u00fcckerstattet. <\/p>\n<div class=\"wp-block-spacer\" aria-hidden=\"true\"> <\/div>\n<p>11. Falls nach der Pr\u00fcfung durch Master Sport festgestellt wird, dass die Ware nicht zur R\u00fcckgabe geeignet ist, ist der K\u00e4ufer verpflichtet, die Ware innerhalb von 7 Tagen nach Aufforderung durch Master Sport zur\u00fcckzunehmen. In diesem Fall werden die Kosten f\u00fcr die \u00dcberpr\u00fcfung der Ware, wie in Abschnitt 5 beschrieben, dem K\u00e4ufer in Rechnung gestellt und sind vom K\u00e4ufer innerhalb von 7 Tagen nach Rechnungsstellung durch Master Sport zu zahlen. Wenn der K\u00e4ufer die Ware nicht innerhalb der im ersten Satz genannten Frist abholt und die Kosten f\u00fcr die \u00dcberpr\u00fcfung der Ware nicht bezahlt, stellt Master Sport dem K\u00e4ufer die Kosten f\u00fcr die Lagerung der Ware in H\u00f6he von 1 % des Warenwerts f\u00fcr jeden angefangenen Tag der Lagerung der Ware in Rechnung; dar\u00fcber hinaus kann Master Sport die Ware des K\u00e4ufers f\u00fcr die Erstattung der Kosten f\u00fcr die \u00dcberpr\u00fcfung und Lagerung der Ware pf\u00e4nden.  <\/p>\n<div class=\"wp-block-spacer\" aria-hidden=\"true\"> <\/div>\n<p>12. Eine \u00c4nderung des Inhalts der AGB l\u00e4sst die vor dem Inkrafttreten der \u00c4nderungen erworbenen Rechte und Pflichten des K\u00e4ufers unber\u00fchrt.<\/p>\n<div class=\"wp-block-spacer\" aria-hidden=\"true\"> <\/div>\n<p>13. Die \u00fcberarbeiteten AGB werden auf der folgenden Website zur Verf\u00fcgung gestellt <a href=\"https:\/\/www.master-sport.euhttps:\/\/www.master-sport.eu\">https:\/\/www.master-sport.eu<\/a> und im Schreibwarengesch\u00e4ft.<\/p>\n<div class=\"wp-block-spacer\" aria-hidden=\"true\"> <\/div>\n<p>14. Die Bedingungen f\u00fcr die R\u00fcckgabe von Waren gelten ab dem 2. Januar 2017.<\/p>\n\t\t\t\t\t\t<\/div>\n\t\t\t\t<\/div>\n\t\t\t\t\t<\/div>\n\t\t\t\t<\/div>\n\t\t\t\t<\/div>\n\t\t","protected":false},"excerpt":{"rendered":"<p>ALLGEMEINE BEDINGUNGEN F\u00dcR DIE R\u00dcCKGABE VON WAREN, DIE VON GEWERBLICHEN K\u00c4UFERN ERWORBEN WURDEN 1. Nach Ma\u00dfgabe dieser Allgemeinen R\u00fcckgabebedingungen (nachfolgend \u201eAGB\u201c genannt) k\u00f6nnen Waren, die bei Master-Sport-Automobiltechnik (MS) Production-Distribution Center Wieslaw Rutka mit Sitz in Gorlice, ul. 11 listopada 68, 38-300 Gorlice, (nachfolgend \u201eMaster Sport\u201c genannt) gekauft wurde, kann unabh\u00e4ngig von der Kaufform (station\u00e4res Gesch\u00e4ft, Online-Shop) innerhalb einer Frist von h\u00f6chstens 1 (einem) Jahr ab dem Datum des Abschlusses des Kaufvertrags zur\u00fcckgegeben werden, sofern der K\u00e4ufer, der Unternehmer ist (nachfolgend \u201eK\u00e4ufer\u201c genannt), einen schriftlichen Antrag auf Warenr\u00fcckgabe stellt und die vorherige schriftliche oder E-Mail-Zustimmung von Master Sport zur R\u00fcckgabe der Ware erh\u00e4lt. 2. Spezifische Waren, die auf individuelle Bestellung des K\u00e4ufers hergestellt wurden, k\u00f6nnen nicht zur\u00fcckgegeben werden. 3. Mit dem Antrag auf R\u00fccksendung von Waren akzeptiert der K\u00e4ufer die Bedingungen der AGB auf der Master Sport Website. 4. Der K\u00e4ufer ist berechtigt, die Ware am Sitz von Master Sport zur\u00fcckzugeben oder die Ware auf eigene Kosten an die Adresse von Master Sport, d.h. ul. 11 listopada 68, 38-300 Gorlice zu senden. F\u00fcr die R\u00fccksendung der Ware ist der K\u00e4ufer verpflichtet, den Kaufnachweis der Ware und die Versandpapiere\/den Frachtbrief der Ware zu senden oder vorzulegen. Der Kaufnachweis ist eine Rechnung mit Mehrwertsteuer (in elektronischer oder Papierform). 5. Master Sport erstattet dem K\u00e4ufer bei endg\u00fcltiger Annahme der zur\u00fcckgegebenen Ware gem\u00e4\u00df Klausel 9 den Verkaufspreis (vorbehaltlich Klausel 10) abz\u00fcglich 40 % des Wertes der verkauften Ware (wenn die Ware auf Kosten von Master Sport an den K\u00e4ufer geliefert wurde, wird der zu erstattende Verkaufspreis um die Kosten f\u00fcr den Transport der Ware weiter reduziert). Der vorgenannte Betrag dient zur Deckung des Verlusts von Master Sport, der sich aus der Wertminderung der Ware ergibt, zur Deckung der Betriebskosten f\u00fcr die Abwicklung der R\u00fccksendung der Ware, insbesondere f\u00fcr die \u00dcberpr\u00fcfung der Qualit\u00e4t und der \u00dcbereinstimmung der Ware mit den urspr\u00fcnglichen Eigenschaften der zur\u00fcckgesandten Ware durch Master Sport (u.a. gem\u00e4\u00df Klausel 6), sowie zur Deckung der Kosten f\u00fcr Rechts- und Buchhaltungsdienstleistungen f\u00fcr den Prozess der R\u00fccksendung der Ware. 6. Waren, die die folgenden Kriterien erf\u00fcllen, k\u00f6nnen zur\u00fcckgegeben werden;a) Die Waren befinden sich zum Zeitpunkt der R\u00fcckgabe in demselben Zustand, in dem sie an den K\u00e4ufer geliefert wurden,b) die Waren sind original verpackt,c) auch wenn die Bedingung unter b) nicht erf\u00fcllt ist, k\u00f6nnen unverpackte Waren ohne Originalverpackung zur\u00fcckgesandt werden, sofern sie keine oder nur solche Gebrauchsspuren aufweisen, die auf eine zur Feststellung ihres Charakters, ihrer Eigenschaften und ihrer Funktionsweise erforderliche Benutzung zur\u00fcckzuf\u00fchren sind. 7. Waren, die besch\u00e4digt sind oder Gebrauchsspuren aufweisen, k\u00f6nnen nicht zur\u00fcckgegeben werden. 8. Die Annahme der Ware erfolgt auf der Grundlage einer vorl\u00e4ufigen Entscheidung eines bevollm\u00e4chtigten Mitarbeiters von Master Sport nach \u00dcberpr\u00fcfung der Einhaltung der in Absatz 1 genannten Frist durch den K\u00e4ufer. 9. Die endg\u00fcltige Entscheidung \u00fcber die Annahme der R\u00fccksendung wird von einem autorisierten Mitarbeiter von Master Sport nach eingehender Pr\u00fcfung und Untersuchung der zur\u00fcckgesandten Ware getroffen. 10. Eine R\u00fcckerstattung des Verkaufspreises f\u00fcr die zur\u00fcckgegebenen Waren in der unter Punkt 5 angegebenen H\u00f6he erfolgt nur in Form eines Umtauschs gegen andere gleichwertige Waren von Master Sport. Der Kaufpreis wird nicht in bar oder per Bank\u00fcberweisung zur\u00fcckerstattet. 11. Falls nach der Pr\u00fcfung durch Master Sport festgestellt wird, dass die Ware nicht zur R\u00fcckgabe geeignet ist, ist der K\u00e4ufer verpflichtet, die Ware innerhalb von 7 Tagen nach Aufforderung durch Master Sport zur\u00fcckzunehmen. In diesem Fall werden die Kosten f\u00fcr die \u00dcberpr\u00fcfung der Ware, wie in Abschnitt 5 beschrieben, dem K\u00e4ufer in Rechnung gestellt und sind vom K\u00e4ufer innerhalb von 7 Tagen nach Rechnungsstellung durch Master Sport zu zahlen. Wenn der K\u00e4ufer die Ware nicht innerhalb der im ersten Satz genannten Frist abholt und die Kosten f\u00fcr die \u00dcberpr\u00fcfung der Ware nicht bezahlt, stellt Master Sport dem K\u00e4ufer die Kosten f\u00fcr die Lagerung der Ware in H\u00f6he von 1 % des Warenwerts f\u00fcr jeden angefangenen Tag der Lagerung der Ware in Rechnung; dar\u00fcber hinaus kann Master Sport die Ware des K\u00e4ufers f\u00fcr die Erstattung der Kosten f\u00fcr die \u00dcberpr\u00fcfung und Lagerung der Ware pf\u00e4nden. 12. Eine \u00c4nderung des Inhalts der AGB l\u00e4sst die vor dem Inkrafttreten der \u00c4nderungen erworbenen Rechte und Pflichten des K\u00e4ufers unber\u00fchrt. 13. Die \u00fcberarbeiteten AGB werden auf der folgenden Website zur Verf\u00fcgung gestellt https:\/\/www.master-sport.eu und im Schreibwarengesch\u00e4ft. 14. Die Bedingungen f\u00fcr die R\u00fcckgabe von Waren gelten ab dem 2. Januar 2017.<\/p>\n","protected":false},"author":1,"featured_media":0,"parent":0,"menu_order":0,"comment_status":"closed","ping_status":"closed","template":"","meta":{"inline_featured_image":false,"footnotes":""},"class_list":["post-15827","page","type-page","status-publish","hentry"],"yoast_head":"<!-- This site is optimized with the Yoast SEO plugin v23.3 - https:\/\/yoast.com\/wordpress\/plugins\/seo\/ -->\n<title>OWZT - MasterSport<\/title>\n<meta name=\"description\" content=\"Master-Sport: Producent wysokiej jako\u015bci cz\u0119\u015bci samochodowych i rozwi\u0105za\u0144 motoryzacyjnych. Sprawd\u017a nasz\u0105 ofert\u0119 produkt\u00f3w OEM oraz akcesori\u00f3w dla r\u00f3\u017cnych marek i modeli aut. Jako\u015b\u0107 i niezawodno\u015b\u0107 gwarantowane!\" \/>\n<meta name=\"robots\" content=\"index, follow, max-snippet:-1, max-image-preview:large, max-video-preview:-1\" \/>\n<link rel=\"canonical\" href=\"https:\/\/orbitbuilder.master-sport.de\/de\/owzt\/\" \/>\n<meta property=\"og:locale\" content=\"de_DE\" \/>\n<meta property=\"og:type\" content=\"article\" \/>\n<meta property=\"og:title\" content=\"OWZT - MasterSport\" \/>\n<meta property=\"og:description\" content=\"Master-Sport: Producent wysokiej jako\u015bci cz\u0119\u015bci samochodowych i rozwi\u0105za\u0144 motoryzacyjnych. Sprawd\u017a nasz\u0105 ofert\u0119 produkt\u00f3w OEM oraz akcesori\u00f3w dla r\u00f3\u017cnych marek i modeli aut. Jako\u015b\u0107 i niezawodno\u015b\u0107 gwarantowane!\" \/>\n<meta property=\"og:url\" content=\"https:\/\/orbitbuilder.master-sport.de\/de\/owzt\/\" \/>\n<meta property=\"og:site_name\" content=\"MasterSport\" \/>\n<meta property=\"article:modified_time\" content=\"2024-09-02T04:25:54+00:00\" \/>\n<meta property=\"og:image\" content=\"https:\/\/orbitbuilder.master-sport.de\/wp-content\/uploads\/2024\/08\/LOGO-2.jpg\" \/>\n\t<meta property=\"og:image:width\" content=\"300\" \/>\n\t<meta property=\"og:image:height\" content=\"300\" \/>\n\t<meta property=\"og:image:type\" content=\"image\/jpeg\" \/>\n<meta name=\"twitter:card\" content=\"summary_large_image\" \/>\n<meta name=\"twitter:label1\" content=\"Gesch\u00e4tzte Lesezeit\" \/>\n\t<meta name=\"twitter:data1\" content=\"4\u00a0Minuten\" \/>\n<script type=\"application\/ld+json\" class=\"yoast-schema-graph\">{\"@context\":\"https:\/\/schema.org\",\"@graph\":[{\"@type\":\"WebPage\",\"@id\":\"https:\/\/orbitbuilder.master-sport.de\/de\/owzt\/\",\"url\":\"https:\/\/orbitbuilder.master-sport.de\/de\/owzt\/\",\"name\":\"OWZT - MasterSport\",\"isPartOf\":{\"@id\":\"https:\/\/orbitbuilder.master-sport.de\/de\/#website\"},\"datePublished\":\"2024-08-27T08:56:56+00:00\",\"dateModified\":\"2024-09-02T04:25:54+00:00\",\"description\":\"Master-Sport: Producent wysokiej jako\u015bci cz\u0119\u015bci samochodowych i rozwi\u0105za\u0144 motoryzacyjnych. Sprawd\u017a nasz\u0105 ofert\u0119 produkt\u00f3w OEM oraz akcesori\u00f3w dla r\u00f3\u017cnych marek i modeli aut. Jako\u015b\u0107 i niezawodno\u015b\u0107 gwarantowane!\",\"breadcrumb\":{\"@id\":\"https:\/\/orbitbuilder.master-sport.de\/de\/owzt\/#breadcrumb\"},\"inLanguage\":\"de\",\"potentialAction\":[{\"@type\":\"ReadAction\",\"target\":[\"https:\/\/orbitbuilder.master-sport.de\/de\/owzt\/\"]}]},{\"@type\":\"BreadcrumbList\",\"@id\":\"https:\/\/orbitbuilder.master-sport.de\/de\/owzt\/#breadcrumb\",\"itemListElement\":[{\"@type\":\"ListItem\",\"position\":1,\"name\":\"Strona g\u0142\u00f3wna\",\"item\":\"https:\/\/orbitbuilder.master-sport.de\/de\/\"},{\"@type\":\"ListItem\",\"position\":2,\"name\":\"OWZT\"}]},{\"@type\":\"WebSite\",\"@id\":\"https:\/\/orbitbuilder.master-sport.de\/de\/#website\",\"url\":\"https:\/\/orbitbuilder.master-sport.de\/de\/\",\"name\":\"MasterSport\",\"description\":\"\",\"publisher\":{\"@id\":\"https:\/\/orbitbuilder.master-sport.de\/de\/#organization\"},\"potentialAction\":[{\"@type\":\"SearchAction\",\"target\":{\"@type\":\"EntryPoint\",\"urlTemplate\":\"https:\/\/orbitbuilder.master-sport.de\/de\/?s={search_term_string}\"},\"query-input\":\"required name=search_term_string\"}],\"inLanguage\":\"de\"},{\"@type\":\"Organization\",\"@id\":\"https:\/\/orbitbuilder.master-sport.de\/de\/#organization\",\"name\":\"MasterSport\",\"url\":\"https:\/\/orbitbuilder.master-sport.de\/de\/\",\"logo\":{\"@type\":\"ImageObject\",\"inLanguage\":\"de\",\"@id\":\"https:\/\/orbitbuilder.master-sport.de\/de\/#\/schema\/logo\/image\/\",\"url\":\"https:\/\/orbitbuilder.master-sport.de\/wp-content\/uploads\/2024\/08\/logo-6.png\",\"contentUrl\":\"https:\/\/orbitbuilder.master-sport.de\/wp-content\/uploads\/2024\/08\/logo-6.png\",\"width\":2362,\"height\":2362,\"caption\":\"MasterSport\"},\"image\":{\"@id\":\"https:\/\/orbitbuilder.master-sport.de\/de\/#\/schema\/logo\/image\/\"}}]}<\/script>\n<!-- \/ Yoast SEO plugin. -->","yoast_head_json":{"title":"OWZT - MasterSport","description":"Master-Sport: Producent wysokiej jako\u015bci cz\u0119\u015bci samochodowych i rozwi\u0105za\u0144 motoryzacyjnych. Sprawd\u017a nasz\u0105 ofert\u0119 produkt\u00f3w OEM oraz akcesori\u00f3w dla r\u00f3\u017cnych marek i modeli aut. Jako\u015b\u0107 i niezawodno\u015b\u0107 gwarantowane!","robots":{"index":"index","follow":"follow","max-snippet":"max-snippet:-1","max-image-preview":"max-image-preview:large","max-video-preview":"max-video-preview:-1"},"canonical":"https:\/\/orbitbuilder.master-sport.de\/de\/owzt\/","og_locale":"de_DE","og_type":"article","og_title":"OWZT - MasterSport","og_description":"Master-Sport: Producent wysokiej jako\u015bci cz\u0119\u015bci samochodowych i rozwi\u0105za\u0144 motoryzacyjnych. Sprawd\u017a nasz\u0105 ofert\u0119 produkt\u00f3w OEM oraz akcesori\u00f3w dla r\u00f3\u017cnych marek i modeli aut. Jako\u015b\u0107 i niezawodno\u015b\u0107 gwarantowane!","og_url":"https:\/\/orbitbuilder.master-sport.de\/de\/owzt\/","og_site_name":"MasterSport","article_modified_time":"2024-09-02T04:25:54+00:00","og_image":[{"width":300,"height":300,"url":"https:\/\/orbitbuilder.master-sport.de\/wp-content\/uploads\/2024\/08\/LOGO-2.jpg","type":"image\/jpeg"}],"twitter_card":"summary_large_image","twitter_misc":{"Gesch\u00e4tzte Lesezeit":"4\u00a0Minuten"},"schema":{"@context":"https:\/\/schema.org","@graph":[{"@type":"WebPage","@id":"https:\/\/orbitbuilder.master-sport.de\/de\/owzt\/","url":"https:\/\/orbitbuilder.master-sport.de\/de\/owzt\/","name":"OWZT - MasterSport","isPartOf":{"@id":"https:\/\/orbitbuilder.master-sport.de\/de\/#website"},"datePublished":"2024-08-27T08:56:56+00:00","dateModified":"2024-09-02T04:25:54+00:00","description":"Master-Sport: Producent wysokiej jako\u015bci cz\u0119\u015bci samochodowych i rozwi\u0105za\u0144 motoryzacyjnych. Sprawd\u017a nasz\u0105 ofert\u0119 produkt\u00f3w OEM oraz akcesori\u00f3w dla r\u00f3\u017cnych marek i modeli aut. Jako\u015b\u0107 i niezawodno\u015b\u0107 gwarantowane!","breadcrumb":{"@id":"https:\/\/orbitbuilder.master-sport.de\/de\/owzt\/#breadcrumb"},"inLanguage":"de","potentialAction":[{"@type":"ReadAction","target":["https:\/\/orbitbuilder.master-sport.de\/de\/owzt\/"]}]},{"@type":"BreadcrumbList","@id":"https:\/\/orbitbuilder.master-sport.de\/de\/owzt\/#breadcrumb","itemListElement":[{"@type":"ListItem","position":1,"name":"Strona g\u0142\u00f3wna","item":"https:\/\/orbitbuilder.master-sport.de\/de\/"},{"@type":"ListItem","position":2,"name":"OWZT"}]},{"@type":"WebSite","@id":"https:\/\/orbitbuilder.master-sport.de\/de\/#website","url":"https:\/\/orbitbuilder.master-sport.de\/de\/","name":"MasterSport","description":"","publisher":{"@id":"https:\/\/orbitbuilder.master-sport.de\/de\/#organization"},"potentialAction":[{"@type":"SearchAction","target":{"@type":"EntryPoint","urlTemplate":"https:\/\/orbitbuilder.master-sport.de\/de\/?s={search_term_string}"},"query-input":"required name=search_term_string"}],"inLanguage":"de"},{"@type":"Organization","@id":"https:\/\/orbitbuilder.master-sport.de\/de\/#organization","name":"MasterSport","url":"https:\/\/orbitbuilder.master-sport.de\/de\/","logo":{"@type":"ImageObject","inLanguage":"de","@id":"https:\/\/orbitbuilder.master-sport.de\/de\/#\/schema\/logo\/image\/","url":"https:\/\/orbitbuilder.master-sport.de\/wp-content\/uploads\/2024\/08\/logo-6.png","contentUrl":"https:\/\/orbitbuilder.master-sport.de\/wp-content\/uploads\/2024\/08\/logo-6.png","width":2362,"height":2362,"caption":"MasterSport"},"image":{"@id":"https:\/\/orbitbuilder.master-sport.de\/de\/#\/schema\/logo\/image\/"}}]}},"_links":{"self":[{"href":"https:\/\/orbitbuilder.master-sport.de\/de\/wp-json\/wp\/v2\/pages\/15827","targetHints":{"allow":["GET"]}}],"collection":[{"href":"https:\/\/orbitbuilder.master-sport.de\/de\/wp-json\/wp\/v2\/pages"}],"about":[{"href":"https:\/\/orbitbuilder.master-sport.de\/de\/wp-json\/wp\/v2\/types\/page"}],"author":[{"embeddable":true,"href":"https:\/\/orbitbuilder.master-sport.de\/de\/wp-json\/wp\/v2\/users\/1"}],"replies":[{"embeddable":true,"href":"https:\/\/orbitbuilder.master-sport.de\/de\/wp-json\/wp\/v2\/comments?post=15827"}],"version-history":[{"count":1,"href":"https:\/\/orbitbuilder.master-sport.de\/de\/wp-json\/wp\/v2\/pages\/15827\/revisions"}],"predecessor-version":[{"id":15828,"href":"https:\/\/orbitbuilder.master-sport.de\/de\/wp-json\/wp\/v2\/pages\/15827\/revisions\/15828"}],"wp:attachment":[{"href":"https:\/\/orbitbuilder.master-sport.de\/de\/wp-json\/wp\/v2\/media?parent=15827"}],"curies":[{"name":"wp","href":"https:\/\/api.w.org\/{rel}","templated":true}]}}