{"id":15386,"date":"2024-08-28T14:59:47","date_gmt":"2024-08-28T14:59:47","guid":{"rendered":"https:\/\/orbitbuilder.master-sport.de\/bremstrommeln\/"},"modified":"2024-09-01T17:05:06","modified_gmt":"2024-09-01T17:05:06","slug":"bremstrommeln","status":"publish","type":"page","link":"https:\/\/orbitbuilder.master-sport.de\/de\/bremstrommeln\/","title":{"rendered":"Bremstrommeln"},"content":{"rendered":"\t\t<div data-elementor-type=\"wp-page\" data-elementor-id=\"15386\" class=\"elementor elementor-15386 elementor-2624\" data-elementor-post-type=\"page\">\n\t\t\t\t\t\t<section class=\"elementor-section elementor-top-section elementor-element elementor-element-6258ec3 elementor-section-height-min-height elementor-section-boxed elementor-section-height-default elementor-section-items-middle wpr-particle-no wpr-jarallax-no wpr-parallax-no wpr-sticky-section-no\" data-id=\"6258ec3\" data-element_type=\"section\" data-settings=\"{&quot;background_background&quot;:&quot;classic&quot;,&quot;shape_divider_bottom&quot;:&quot;tilt&quot;}\">\n\t\t\t\t\t\t\t<div class=\"elementor-background-overlay\"><\/div>\n\t\t\t\t\t\t<div class=\"elementor-shape elementor-shape-bottom\" data-negative=\"false\">\n\t\t\t<svg xmlns=\"http:\/\/www.w3.org\/2000\/svg\" viewBox=\"0 0 1000 100\" preserveAspectRatio=\"none\">\n\t<path class=\"elementor-shape-fill\" d=\"M0,6V0h1000v100L0,6z\"\/>\n<\/svg>\t\t<\/div>\n\t\t\t\t\t<div class=\"elementor-container elementor-column-gap-default\">\n\t\t\t\t\t<div class=\"elementor-column elementor-col-100 elementor-top-column elementor-element elementor-element-64dddae1\" data-id=\"64dddae1\" data-element_type=\"column\">\n\t\t\t<div class=\"elementor-widget-wrap elementor-element-populated\">\n\t\t\t\t\t\t<div class=\"elementor-element elementor-element-57d59e1f elementor-widget elementor-widget-heading\" data-id=\"57d59e1f\" data-element_type=\"widget\" data-widget_type=\"heading.default\">\n\t\t\t\t<div class=\"elementor-widget-container\">\n\t\t\t<style>\/*! elementor - v3.23.0 - 05-08-2024 *\/\n.elementor-heading-title{padding:0;margin:0;line-height:1}.elementor-widget-heading .elementor-heading-title[class*=elementor-size-]>a{color:inherit;font-size:inherit;line-height:inherit}.elementor-widget-heading .elementor-heading-title.elementor-size-small{font-size:15px}.elementor-widget-heading .elementor-heading-title.elementor-size-medium{font-size:19px}.elementor-widget-heading .elementor-heading-title.elementor-size-large{font-size:29px}.elementor-widget-heading .elementor-heading-title.elementor-size-xl{font-size:39px}.elementor-widget-heading .elementor-heading-title.elementor-size-xxl{font-size:59px}<\/style><h2 class=\"elementor-heading-title elementor-size-default\">Bremstrommeln<\/h2>\t\t<\/div>\n\t\t\t\t<\/div>\n\t\t\t\t\t<\/div>\n\t\t<\/div>\n\t\t\t\t\t<\/div>\n\t\t<\/section>\n\t\t<div class=\"elementor-element elementor-element-23224aa1 e-con-full e-flex wpr-particle-no wpr-jarallax-no wpr-parallax-no wpr-sticky-section-no e-con e-parent\" data-id=\"23224aa1\" data-element_type=\"container\">\n\t\t<div class=\"elementor-element elementor-element-13588976 e-con-full e-flex wpr-particle-no wpr-jarallax-no wpr-parallax-no wpr-sticky-section-no e-con e-child\" data-id=\"13588976\" data-element_type=\"container\">\n\t\t\t\t<div class=\"elementor-element elementor-element-65170e44 elementor-vertical-align-bottom elementor-vertical-align-top elementor-widget elementor-widget-icon-box\" data-id=\"65170e44\" data-element_type=\"widget\" data-widget_type=\"icon-box.default\">\n\t\t\t\t<div class=\"elementor-widget-container\">\n\t\t\t<link rel=\"stylesheet\" href=\"https:\/\/orbitbuilder.master-sport.de\/wp-content\/uploads\/elementor\/css\/custom-widget-icon-box.min.css?ver=1776142559\">\t\t<div class=\"elementor-icon-box-wrapper\">\n\n\t\t\t\n\t\t\t\t\t\t<div class=\"elementor-icon-box-content\">\n\n\t\t\t\t\n\t\t\t\t\t\t\t\t\t<p class=\"elementor-icon-box-description\">\n\t\t\t\t\t\tBremstrommeln\t\t\t\t\t<\/p>\n\t\t\t\t\n\t\t\t<\/div>\n\t\t\t\n\t\t<\/div>\n\t\t\t\t<\/div>\n\t\t\t\t<\/div>\n\t\t\t\t<div class=\"elementor-element elementor-element-31141eb1 elementor-icon-list--layout-traditional elementor-list-item-link-full_width elementor-widget elementor-widget-icon-list\" data-id=\"31141eb1\" data-element_type=\"widget\" data-widget_type=\"icon-list.default\">\n\t\t\t\t<div class=\"elementor-widget-container\">\n\t\t\t<link rel=\"stylesheet\" href=\"https:\/\/orbitbuilder.master-sport.de\/wp-content\/uploads\/elementor\/css\/custom-widget-icon-list.min.css?ver=1776142616\">\t\t<ul class=\"elementor-icon-list-items\">\n\t\t\t\t\t\t\t<li class=\"elementor-icon-list-item\">\n\t\t\t\t\t\t\t\t\t\t\t<a href=\"https:\/\/orbitbuilder.master-sport.de\/zestawy-hamulcow\/\">\n\n\t\t\t\t\t\t\t\t\t\t\t\t<span class=\"elementor-icon-list-icon\">\n\t\t\t\t\t\t\t<svg aria-hidden=\"true\" class=\"e-font-icon-svg e-fas-arrow-circle-right\" viewBox=\"0 0 512 512\" xmlns=\"http:\/\/www.w3.org\/2000\/svg\"><path d=\"M256 8c137 0 248 111 248 248S393 504 256 504 8 393 8 256 119 8 256 8zm-28.9 143.6l75.5 72.4H120c-13.3 0-24 10.7-24 24v16c0 13.3 10.7 24 24 24h182.6l-75.5 72.4c-9.7 9.3-9.9 24.8-.4 34.3l11 10.9c9.4 9.4 24.6 9.4 33.9 0L404.3 273c9.4-9.4 9.4-24.6 0-33.9L271.6 106.3c-9.4-9.4-24.6-9.4-33.9 0l-11 10.9c-9.5 9.6-9.3 25.1.4 34.4z\"><\/path><\/svg>\t\t\t\t\t\t<\/span>\n\t\t\t\t\t\t\t\t\t\t<span class=\"elementor-icon-list-text\">Bremss\u00e4tze<\/span>\n\t\t\t\t\t\t\t\t\t\t\t<\/a>\n\t\t\t\t\t\t\t\t\t<\/li>\n\t\t\t\t\t\t\t\t<li class=\"elementor-icon-list-item\">\n\t\t\t\t\t\t\t\t\t\t\t<a href=\"https:\/\/orbitbuilder.master-sport.de\/tarcze-hamulcowe\/\">\n\n\t\t\t\t\t\t\t\t\t\t\t\t<span class=\"elementor-icon-list-icon\">\n\t\t\t\t\t\t\t<svg aria-hidden=\"true\" class=\"e-font-icon-svg e-fas-arrow-circle-right\" viewBox=\"0 0 512 512\" xmlns=\"http:\/\/www.w3.org\/2000\/svg\"><path d=\"M256 8c137 0 248 111 248 248S393 504 256 504 8 393 8 256 119 8 256 8zm-28.9 143.6l75.5 72.4H120c-13.3 0-24 10.7-24 24v16c0 13.3 10.7 24 24 24h182.6l-75.5 72.4c-9.7 9.3-9.9 24.8-.4 34.3l11 10.9c9.4 9.4 24.6 9.4 33.9 0L404.3 273c9.4-9.4 9.4-24.6 0-33.9L271.6 106.3c-9.4-9.4-24.6-9.4-33.9 0l-11 10.9c-9.5 9.6-9.3 25.1.4 34.4z\"><\/path><\/svg>\t\t\t\t\t\t<\/span>\n\t\t\t\t\t\t\t\t\t\t<span class=\"elementor-icon-list-text\">Bremsscheiben<\/span>\n\t\t\t\t\t\t\t\t\t\t\t<\/a>\n\t\t\t\t\t\t\t\t\t<\/li>\n\t\t\t\t\t\t\t\t<li class=\"elementor-icon-list-item\">\n\t\t\t\t\t\t\t\t\t\t\t<a href=\"https:\/\/orbitbuilder.master-sport.de\/klocki-hamulcowe\/\">\n\n\t\t\t\t\t\t\t\t\t\t\t\t<span class=\"elementor-icon-list-icon\">\n\t\t\t\t\t\t\t<svg aria-hidden=\"true\" class=\"e-font-icon-svg e-fas-arrow-circle-right\" viewBox=\"0 0 512 512\" xmlns=\"http:\/\/www.w3.org\/2000\/svg\"><path d=\"M256 8c137 0 248 111 248 248S393 504 256 504 8 393 8 256 119 8 256 8zm-28.9 143.6l75.5 72.4H120c-13.3 0-24 10.7-24 24v16c0 13.3 10.7 24 24 24h182.6l-75.5 72.4c-9.7 9.3-9.9 24.8-.4 34.3l11 10.9c9.4 9.4 24.6 9.4 33.9 0L404.3 273c9.4-9.4 9.4-24.6 0-33.9L271.6 106.3c-9.4-9.4-24.6-9.4-33.9 0l-11 10.9c-9.5 9.6-9.3 25.1.4 34.4z\"><\/path><\/svg>\t\t\t\t\t\t<\/span>\n\t\t\t\t\t\t\t\t\t\t<span class=\"elementor-icon-list-text\">Bremsbel\u00e4ge<\/span>\n\t\t\t\t\t\t\t\t\t\t\t<\/a>\n\t\t\t\t\t\t\t\t\t<\/li>\n\t\t\t\t\t\t\t\t<li class=\"elementor-icon-list-item\">\n\t\t\t\t\t\t\t\t\t\t\t<a href=\"https:\/\/orbitbuilder.master-sport.de\/bebny-hamulcowe\/\">\n\n\t\t\t\t\t\t\t\t\t\t\t\t<span class=\"elementor-icon-list-icon\">\n\t\t\t\t\t\t\t<svg aria-hidden=\"true\" class=\"e-font-icon-svg e-fas-arrow-circle-right\" viewBox=\"0 0 512 512\" xmlns=\"http:\/\/www.w3.org\/2000\/svg\"><path d=\"M256 8c137 0 248 111 248 248S393 504 256 504 8 393 8 256 119 8 256 8zm-28.9 143.6l75.5 72.4H120c-13.3 0-24 10.7-24 24v16c0 13.3 10.7 24 24 24h182.6l-75.5 72.4c-9.7 9.3-9.9 24.8-.4 34.3l11 10.9c9.4 9.4 24.6 9.4 33.9 0L404.3 273c9.4-9.4 9.4-24.6 0-33.9L271.6 106.3c-9.4-9.4-24.6-9.4-33.9 0l-11 10.9c-9.5 9.6-9.3 25.1.4 34.4z\"><\/path><\/svg>\t\t\t\t\t\t<\/span>\n\t\t\t\t\t\t\t\t\t\t<span class=\"elementor-icon-list-text\">Bremstrommeln<\/span>\n\t\t\t\t\t\t\t\t\t\t\t<\/a>\n\t\t\t\t\t\t\t\t\t<\/li>\n\t\t\t\t\t\t\t\t<li class=\"elementor-icon-list-item\">\n\t\t\t\t\t\t\t\t\t\t\t<a href=\"https:\/\/orbitbuilder.master-sport.de\/szczeki-hamulcowe\/\">\n\n\t\t\t\t\t\t\t\t\t\t\t\t<span class=\"elementor-icon-list-icon\">\n\t\t\t\t\t\t\t<svg aria-hidden=\"true\" class=\"e-font-icon-svg e-fas-arrow-circle-right\" viewBox=\"0 0 512 512\" xmlns=\"http:\/\/www.w3.org\/2000\/svg\"><path d=\"M256 8c137 0 248 111 248 248S393 504 256 504 8 393 8 256 119 8 256 8zm-28.9 143.6l75.5 72.4H120c-13.3 0-24 10.7-24 24v16c0 13.3 10.7 24 24 24h182.6l-75.5 72.4c-9.7 9.3-9.9 24.8-.4 34.3l11 10.9c9.4 9.4 24.6 9.4 33.9 0L404.3 273c9.4-9.4 9.4-24.6 0-33.9L271.6 106.3c-9.4-9.4-24.6-9.4-33.9 0l-11 10.9c-9.5 9.6-9.3 25.1.4 34.4z\"><\/path><\/svg>\t\t\t\t\t\t<\/span>\n\t\t\t\t\t\t\t\t\t\t<span class=\"elementor-icon-list-text\">Bremsbacken<\/span>\n\t\t\t\t\t\t\t\t\t\t\t<\/a>\n\t\t\t\t\t\t\t\t\t<\/li>\n\t\t\t\t\t\t<\/ul>\n\t\t\t\t<\/div>\n\t\t\t\t<\/div>\n\t\t\t\t<\/div>\n\t\t<div class=\"elementor-element elementor-element-2dbeb10a e-con-full e-flex wpr-particle-no wpr-jarallax-no wpr-parallax-no wpr-sticky-section-no e-con e-child\" data-id=\"2dbeb10a\" data-element_type=\"container\">\n\t\t\t\t<div class=\"elementor-element elementor-element-16aa89a1 elementor-widget elementor-widget-text-editor\" data-id=\"16aa89a1\" data-element_type=\"widget\" data-widget_type=\"text-editor.default\">\n\t\t\t\t<div class=\"elementor-widget-container\">\n\t\t\t<style>\/*! elementor - v3.23.0 - 05-08-2024 *\/\n.elementor-widget-text-editor.elementor-drop-cap-view-stacked .elementor-drop-cap{background-color:#69727d;color:#fff}.elementor-widget-text-editor.elementor-drop-cap-view-framed .elementor-drop-cap{color:#69727d;border:3px solid;background-color:transparent}.elementor-widget-text-editor:not(.elementor-drop-cap-view-default) .elementor-drop-cap{margin-top:8px}.elementor-widget-text-editor:not(.elementor-drop-cap-view-default) .elementor-drop-cap-letter{width:1em;height:1em}.elementor-widget-text-editor .elementor-drop-cap{float:left;text-align:center;line-height:1;font-size:50px}.elementor-widget-text-editor .elementor-drop-cap-letter{display:inline-block}<\/style>\t\t\t\t<p><strong>Premium-Bremstrommeln &#8211; Sicherheit und Zuverl\u00e4ssigkeit auf jeder Stra\u00dfe<\/strong><\/p>\n<p>Entdecken Sie die Leistung und Zuverl\u00e4ssigkeit unserer Premium-Bremstrommeln, die mit Blick auf Ihre Sicherheit und Ihren Komfort entwickelt wurden. Dank innovativer Technologien und hochwertigster Materialien bieten unsere Bremstrommeln eine au\u00dfergew\u00f6hnliche Bremsleistung und lang anhaltende Effizienz. <\/p>\n<p><strong>Warum sollten Sie unsere Bremstrommeln w\u00e4hlen?<\/strong><\/p>\n<ol class=\"wp-block-list\">\n<li><strong>Au\u00dfergew\u00f6hnliche Haltbarkeit<\/strong> &#8211; Unsere Bremstrommeln werden aus hochwertigen Metalllegierungen hergestellt, die eine lange Haltbarkeit und Verschlei\u00dffestigkeit gew\u00e4hrleisten. Dadurch m\u00fcssen Sie sie seltener austauschen, was Ihnen Zeit und Geld spart. <\/li>\n<li><strong>Optimale Bremsleistung<\/strong> &#8211; Dank pr\u00e4ziser Fertigung und fortschrittlicher Technologie garantieren unsere Bremstrommeln ein gleichm\u00e4\u00dfiges und effizientes Bremsen. Das bedeutet k\u00fcrzere Bremswege und mehr Sicherheit im Stra\u00dfenverkehr. <\/li>\n<li><strong>Ger\u00e4uscharmer Betrieb<\/strong> &#8211; Unsere Bremstrommeln wurden speziell entwickelt, um Ger\u00e4usche und Vibrationen zu minimieren und eine ruhige und komfortable Fahrt zu gew\u00e4hrleisten. Jetzt k\u00f6nnen Sie selbst bei starkem Bremsen Ruhe und Frieden genie\u00dfen. <\/li>\n<li><strong>Einfacher Einbau<\/strong>\u2013 Unsere Bremstrommeln sind mit den meisten Fahrzeugmodellen kompatibel und lassen sich leicht montieren, so dass der Austausch schnell und problemlos vonstatten geht. Sie sparen Zeit und M\u00fche, und Ihr Auto ist im Handumdrehen wieder fahrt\u00fcchtig. <\/li>\n<li><strong>Widerstandsf\u00e4higkeit gegen hohe Temperaturen<\/strong>\u2013 Unsere Bremstrommeln sind so konstruiert, dass sie extremen Bedingungen standhalten, einschlie\u00dflich der hohen Temperaturen, die beim starken Bremsen entstehen. So k\u00f6nnen Sie sicher sein, dass Ihr Bremssystem auch in den h\u00e4rtesten Situationen zuverl\u00e4ssig funktioniert. <\/li>\n<li><strong>Umweltfreundlichkeit<\/strong> \u2013Wir setzen uns f\u00fcr umweltfreundliche L\u00f6sungen ein. Deshalb werden unsere Bremstrommeln aus umweltfreundlichen Materialien hergestellt. Wenn Sie sich f\u00fcr unsere Produkte entscheiden, schonen Sie unseren Planeten, ohne auf Qualit\u00e4t und Sicherheit verzichten zu m\u00fcssen. <\/li>\n<\/ol>\n<p><strong>Vertrauen Sie den Experten und entscheiden Sie sich f\u00fcr unsere Premium-Bremstrommeln. Wir garantieren Ihnen, dass jede Fahrt sicherer und komfortabler wird. Setzen Sie auf Qualit\u00e4t, die den Unterschied macht &#8211; Ihre Sicherheit ist unsere oberste Priorit\u00e4t!  <\/strong><\/p>\n<p>Sorgen Sie f\u00fcr Ihren Seelenfrieden und Ihre Sicherheit im Stra\u00dfenverkehr. Bestellen Sie noch heute unsere Bremstrommeln und sp\u00fcren Sie den Unterschied! <\/p>\n\t\t\t\t\t\t<\/div>\n\t\t\t\t<\/div>\n\t\t\t\t<\/div>\n\t\t\t\t<\/div>\n\t\t\t\t<\/div>\n\t\t","protected":false},"excerpt":{"rendered":"<p>Bremstrommeln Bremstrommeln Bremss\u00e4tze Bremsscheiben Bremsbel\u00e4ge Bremstrommeln Bremsbacken Premium-Bremstrommeln &#8211; Sicherheit und Zuverl\u00e4ssigkeit auf jeder Stra\u00dfe Entdecken Sie die Leistung und Zuverl\u00e4ssigkeit unserer Premium-Bremstrommeln, die mit Blick auf Ihre Sicherheit und Ihren Komfort entwickelt wurden. Dank innovativer Technologien und hochwertigster Materialien bieten unsere Bremstrommeln eine au\u00dfergew\u00f6hnliche Bremsleistung und lang anhaltende Effizienz. Warum sollten Sie unsere Bremstrommeln w\u00e4hlen? Au\u00dfergew\u00f6hnliche Haltbarkeit &#8211; Unsere Bremstrommeln werden aus hochwertigen Metalllegierungen hergestellt, die eine lange Haltbarkeit und Verschlei\u00dffestigkeit gew\u00e4hrleisten. Dadurch m\u00fcssen Sie sie seltener austauschen, was Ihnen Zeit und Geld spart. Optimale Bremsleistung &#8211; Dank pr\u00e4ziser Fertigung und fortschrittlicher Technologie garantieren unsere Bremstrommeln ein gleichm\u00e4\u00dfiges und effizientes Bremsen. Das bedeutet k\u00fcrzere Bremswege und mehr Sicherheit im Stra\u00dfenverkehr. Ger\u00e4uscharmer Betrieb &#8211; Unsere Bremstrommeln wurden speziell entwickelt, um Ger\u00e4usche und Vibrationen zu minimieren und eine ruhige und komfortable Fahrt zu gew\u00e4hrleisten. Jetzt k\u00f6nnen Sie selbst bei starkem Bremsen Ruhe und Frieden genie\u00dfen. Einfacher Einbau\u2013 Unsere Bremstrommeln sind mit den meisten Fahrzeugmodellen kompatibel und lassen sich leicht montieren, so dass der Austausch schnell und problemlos vonstatten geht. Sie sparen Zeit und M\u00fche, und Ihr Auto ist im Handumdrehen wieder fahrt\u00fcchtig. Widerstandsf\u00e4higkeit gegen hohe Temperaturen\u2013 Unsere Bremstrommeln sind so konstruiert, dass sie extremen Bedingungen standhalten, einschlie\u00dflich der hohen Temperaturen, die beim starken Bremsen entstehen. So k\u00f6nnen Sie sicher sein, dass Ihr Bremssystem auch in den h\u00e4rtesten Situationen zuverl\u00e4ssig funktioniert. Umweltfreundlichkeit \u2013Wir setzen uns f\u00fcr umweltfreundliche L\u00f6sungen ein. Deshalb werden unsere Bremstrommeln aus umweltfreundlichen Materialien hergestellt. Wenn Sie sich f\u00fcr unsere Produkte entscheiden, schonen Sie unseren Planeten, ohne auf Qualit\u00e4t und Sicherheit verzichten zu m\u00fcssen. Vertrauen Sie den Experten und entscheiden Sie sich f\u00fcr unsere Premium-Bremstrommeln. Wir garantieren Ihnen, dass jede Fahrt sicherer und komfortabler wird. Setzen Sie auf Qualit\u00e4t, die den Unterschied macht &#8211; Ihre Sicherheit ist unsere oberste Priorit\u00e4t! Sorgen Sie f\u00fcr Ihren Seelenfrieden und Ihre Sicherheit im Stra\u00dfenverkehr. Bestellen Sie noch heute unsere Bremstrommeln und sp\u00fcren Sie den Unterschied!<\/p>\n","protected":false},"author":1,"featured_media":0,"parent":0,"menu_order":0,"comment_status":"closed","ping_status":"closed","template":"","meta":{"inline_featured_image":false,"footnotes":""},"class_list":["post-15386","page","type-page","status-publish","hentry"],"yoast_head":"<!-- This site is optimized with the Yoast SEO plugin v23.3 - https:\/\/yoast.com\/wordpress\/plugins\/seo\/ -->\n<title>Bremstrommeln - MasterSport<\/title>\n<meta name=\"description\" content=\"Master-Sport: Producent wysokiej jako\u015bci cz\u0119\u015bci samochodowych i rozwi\u0105za\u0144 motoryzacyjnych. Sprawd\u017a nasz\u0105 ofert\u0119 produkt\u00f3w OEM oraz akcesori\u00f3w dla r\u00f3\u017cnych marek i modeli aut. Jako\u015b\u0107 i niezawodno\u015b\u0107 gwarantowane!\" \/>\n<meta name=\"robots\" content=\"index, follow, max-snippet:-1, max-image-preview:large, max-video-preview:-1\" \/>\n<link rel=\"canonical\" href=\"https:\/\/orbitbuilder.master-sport.de\/de\/bremstrommeln\/\" \/>\n<meta property=\"og:locale\" content=\"de_DE\" \/>\n<meta property=\"og:type\" content=\"article\" \/>\n<meta property=\"og:title\" content=\"Bremstrommeln - MasterSport\" \/>\n<meta property=\"og:description\" content=\"Master-Sport: Producent wysokiej jako\u015bci cz\u0119\u015bci samochodowych i rozwi\u0105za\u0144 motoryzacyjnych. Sprawd\u017a nasz\u0105 ofert\u0119 produkt\u00f3w OEM oraz akcesori\u00f3w dla r\u00f3\u017cnych marek i modeli aut. Jako\u015b\u0107 i niezawodno\u015b\u0107 gwarantowane!\" \/>\n<meta property=\"og:url\" content=\"https:\/\/orbitbuilder.master-sport.de\/de\/bremstrommeln\/\" \/>\n<meta property=\"og:site_name\" content=\"MasterSport\" \/>\n<meta property=\"article:modified_time\" content=\"2024-09-01T17:05:06+00:00\" \/>\n<meta property=\"og:image\" content=\"https:\/\/orbitbuilder.master-sport.de\/wp-content\/uploads\/2024\/08\/LOGO-2.jpg\" \/>\n\t<meta property=\"og:image:width\" content=\"300\" \/>\n\t<meta property=\"og:image:height\" content=\"300\" \/>\n\t<meta property=\"og:image:type\" content=\"image\/jpeg\" \/>\n<meta name=\"twitter:card\" content=\"summary_large_image\" \/>\n<meta name=\"twitter:label1\" content=\"Gesch\u00e4tzte Lesezeit\" \/>\n\t<meta name=\"twitter:data1\" content=\"2\u00a0Minuten\" \/>\n<script type=\"application\/ld+json\" class=\"yoast-schema-graph\">{\"@context\":\"https:\/\/schema.org\",\"@graph\":[{\"@type\":\"WebPage\",\"@id\":\"https:\/\/orbitbuilder.master-sport.de\/de\/bremstrommeln\/\",\"url\":\"https:\/\/orbitbuilder.master-sport.de\/de\/bremstrommeln\/\",\"name\":\"Bremstrommeln - MasterSport\",\"isPartOf\":{\"@id\":\"https:\/\/orbitbuilder.master-sport.de\/de\/#website\"},\"datePublished\":\"2024-08-28T14:59:47+00:00\",\"dateModified\":\"2024-09-01T17:05:06+00:00\",\"description\":\"Master-Sport: Producent wysokiej jako\u015bci cz\u0119\u015bci samochodowych i rozwi\u0105za\u0144 motoryzacyjnych. Sprawd\u017a nasz\u0105 ofert\u0119 produkt\u00f3w OEM oraz akcesori\u00f3w dla r\u00f3\u017cnych marek i modeli aut. Jako\u015b\u0107 i niezawodno\u015b\u0107 gwarantowane!\",\"breadcrumb\":{\"@id\":\"https:\/\/orbitbuilder.master-sport.de\/de\/bremstrommeln\/#breadcrumb\"},\"inLanguage\":\"de\",\"potentialAction\":[{\"@type\":\"ReadAction\",\"target\":[\"https:\/\/orbitbuilder.master-sport.de\/de\/bremstrommeln\/\"]}]},{\"@type\":\"BreadcrumbList\",\"@id\":\"https:\/\/orbitbuilder.master-sport.de\/de\/bremstrommeln\/#breadcrumb\",\"itemListElement\":[{\"@type\":\"ListItem\",\"position\":1,\"name\":\"Strona g\u0142\u00f3wna\",\"item\":\"https:\/\/orbitbuilder.master-sport.de\/de\/\"},{\"@type\":\"ListItem\",\"position\":2,\"name\":\"Bremstrommeln\"}]},{\"@type\":\"WebSite\",\"@id\":\"https:\/\/orbitbuilder.master-sport.de\/de\/#website\",\"url\":\"https:\/\/orbitbuilder.master-sport.de\/de\/\",\"name\":\"MasterSport\",\"description\":\"\",\"publisher\":{\"@id\":\"https:\/\/orbitbuilder.master-sport.de\/de\/#organization\"},\"potentialAction\":[{\"@type\":\"SearchAction\",\"target\":{\"@type\":\"EntryPoint\",\"urlTemplate\":\"https:\/\/orbitbuilder.master-sport.de\/de\/?s={search_term_string}\"},\"query-input\":\"required name=search_term_string\"}],\"inLanguage\":\"de\"},{\"@type\":\"Organization\",\"@id\":\"https:\/\/orbitbuilder.master-sport.de\/de\/#organization\",\"name\":\"MasterSport\",\"url\":\"https:\/\/orbitbuilder.master-sport.de\/de\/\",\"logo\":{\"@type\":\"ImageObject\",\"inLanguage\":\"de\",\"@id\":\"https:\/\/orbitbuilder.master-sport.de\/de\/#\/schema\/logo\/image\/\",\"url\":\"https:\/\/orbitbuilder.master-sport.de\/wp-content\/uploads\/2024\/08\/logo-6.png\",\"contentUrl\":\"https:\/\/orbitbuilder.master-sport.de\/wp-content\/uploads\/2024\/08\/logo-6.png\",\"width\":2362,\"height\":2362,\"caption\":\"MasterSport\"},\"image\":{\"@id\":\"https:\/\/orbitbuilder.master-sport.de\/de\/#\/schema\/logo\/image\/\"}}]}<\/script>\n<!-- \/ Yoast SEO plugin. -->","yoast_head_json":{"title":"Bremstrommeln - MasterSport","description":"Master-Sport: Producent wysokiej jako\u015bci cz\u0119\u015bci samochodowych i rozwi\u0105za\u0144 motoryzacyjnych. Sprawd\u017a nasz\u0105 ofert\u0119 produkt\u00f3w OEM oraz akcesori\u00f3w dla r\u00f3\u017cnych marek i modeli aut. Jako\u015b\u0107 i niezawodno\u015b\u0107 gwarantowane!","robots":{"index":"index","follow":"follow","max-snippet":"max-snippet:-1","max-image-preview":"max-image-preview:large","max-video-preview":"max-video-preview:-1"},"canonical":"https:\/\/orbitbuilder.master-sport.de\/de\/bremstrommeln\/","og_locale":"de_DE","og_type":"article","og_title":"Bremstrommeln - MasterSport","og_description":"Master-Sport: Producent wysokiej jako\u015bci cz\u0119\u015bci samochodowych i rozwi\u0105za\u0144 motoryzacyjnych. Sprawd\u017a nasz\u0105 ofert\u0119 produkt\u00f3w OEM oraz akcesori\u00f3w dla r\u00f3\u017cnych marek i modeli aut. Jako\u015b\u0107 i niezawodno\u015b\u0107 gwarantowane!","og_url":"https:\/\/orbitbuilder.master-sport.de\/de\/bremstrommeln\/","og_site_name":"MasterSport","article_modified_time":"2024-09-01T17:05:06+00:00","og_image":[{"width":300,"height":300,"url":"https:\/\/orbitbuilder.master-sport.de\/wp-content\/uploads\/2024\/08\/LOGO-2.jpg","type":"image\/jpeg"}],"twitter_card":"summary_large_image","twitter_misc":{"Gesch\u00e4tzte Lesezeit":"2\u00a0Minuten"},"schema":{"@context":"https:\/\/schema.org","@graph":[{"@type":"WebPage","@id":"https:\/\/orbitbuilder.master-sport.de\/de\/bremstrommeln\/","url":"https:\/\/orbitbuilder.master-sport.de\/de\/bremstrommeln\/","name":"Bremstrommeln - MasterSport","isPartOf":{"@id":"https:\/\/orbitbuilder.master-sport.de\/de\/#website"},"datePublished":"2024-08-28T14:59:47+00:00","dateModified":"2024-09-01T17:05:06+00:00","description":"Master-Sport: Producent wysokiej jako\u015bci cz\u0119\u015bci samochodowych i rozwi\u0105za\u0144 motoryzacyjnych. Sprawd\u017a nasz\u0105 ofert\u0119 produkt\u00f3w OEM oraz akcesori\u00f3w dla r\u00f3\u017cnych marek i modeli aut. Jako\u015b\u0107 i niezawodno\u015b\u0107 gwarantowane!","breadcrumb":{"@id":"https:\/\/orbitbuilder.master-sport.de\/de\/bremstrommeln\/#breadcrumb"},"inLanguage":"de","potentialAction":[{"@type":"ReadAction","target":["https:\/\/orbitbuilder.master-sport.de\/de\/bremstrommeln\/"]}]},{"@type":"BreadcrumbList","@id":"https:\/\/orbitbuilder.master-sport.de\/de\/bremstrommeln\/#breadcrumb","itemListElement":[{"@type":"ListItem","position":1,"name":"Strona g\u0142\u00f3wna","item":"https:\/\/orbitbuilder.master-sport.de\/de\/"},{"@type":"ListItem","position":2,"name":"Bremstrommeln"}]},{"@type":"WebSite","@id":"https:\/\/orbitbuilder.master-sport.de\/de\/#website","url":"https:\/\/orbitbuilder.master-sport.de\/de\/","name":"MasterSport","description":"","publisher":{"@id":"https:\/\/orbitbuilder.master-sport.de\/de\/#organization"},"potentialAction":[{"@type":"SearchAction","target":{"@type":"EntryPoint","urlTemplate":"https:\/\/orbitbuilder.master-sport.de\/de\/?s={search_term_string}"},"query-input":"required name=search_term_string"}],"inLanguage":"de"},{"@type":"Organization","@id":"https:\/\/orbitbuilder.master-sport.de\/de\/#organization","name":"MasterSport","url":"https:\/\/orbitbuilder.master-sport.de\/de\/","logo":{"@type":"ImageObject","inLanguage":"de","@id":"https:\/\/orbitbuilder.master-sport.de\/de\/#\/schema\/logo\/image\/","url":"https:\/\/orbitbuilder.master-sport.de\/wp-content\/uploads\/2024\/08\/logo-6.png","contentUrl":"https:\/\/orbitbuilder.master-sport.de\/wp-content\/uploads\/2024\/08\/logo-6.png","width":2362,"height":2362,"caption":"MasterSport"},"image":{"@id":"https:\/\/orbitbuilder.master-sport.de\/de\/#\/schema\/logo\/image\/"}}]}},"_links":{"self":[{"href":"https:\/\/orbitbuilder.master-sport.de\/de\/wp-json\/wp\/v2\/pages\/15386","targetHints":{"allow":["GET"]}}],"collection":[{"href":"https:\/\/orbitbuilder.master-sport.de\/de\/wp-json\/wp\/v2\/pages"}],"about":[{"href":"https:\/\/orbitbuilder.master-sport.de\/de\/wp-json\/wp\/v2\/types\/page"}],"author":[{"embeddable":true,"href":"https:\/\/orbitbuilder.master-sport.de\/de\/wp-json\/wp\/v2\/users\/1"}],"replies":[{"embeddable":true,"href":"https:\/\/orbitbuilder.master-sport.de\/de\/wp-json\/wp\/v2\/comments?post=15386"}],"version-history":[{"count":5,"href":"https:\/\/orbitbuilder.master-sport.de\/de\/wp-json\/wp\/v2\/pages\/15386\/revisions"}],"predecessor-version":[{"id":15391,"href":"https:\/\/orbitbuilder.master-sport.de\/de\/wp-json\/wp\/v2\/pages\/15386\/revisions\/15391"}],"wp:attachment":[{"href":"https:\/\/orbitbuilder.master-sport.de\/de\/wp-json\/wp\/v2\/media?parent=15386"}],"curies":[{"name":"wp","href":"https:\/\/api.w.org\/{rel}","templated":true}]}}